{"id":1012,"date":"2016-10-24T10:51:38","date_gmt":"2016-10-24T10:51:38","guid":{"rendered":"http:\/\/www.partitura.fss.ukf.sk\/?page_id=1012"},"modified":"2019-12-09T08:10:28","modified_gmt":"2019-12-09T08:10:28","slug":"1012-2","status":"publish","type":"page","link":"http:\/\/www.partitura.fss.ukf.sk\/?page_id=1012","title":{"rendered":"Gastro-literature. Motifs of eating in the works of Lajos Parti Nagy"},"content":{"rendered":"<h3>Tamara T\u00f3th<\/h3>\n<p><strong>IN:\u00a0<\/strong>Partit\u00fara Irodalomtudom\u00e1nyi foly\u00f3irat, Volume: X\u00a0,\u00a0Issue 2, 2015, p. 61-78., ISSN 1336-7307<\/p>\n<p><strong>DOI:\u00a0<\/strong>10.17846\/PA.2015.10.2.61-78<\/p>\n<p><strong>Abstract:<\/strong><\/p>\n<blockquote><p>Eating is a vital human activity, it is necessary for survival, and it is deeply related to social habits. The way how people nourish themselves expresses the indispensable needs of the social body. The human body is the invention of a culture, it has metaphorical meanings to the world, it can symbolize ideological views. Each society determines what food is, how we should eat and what is allowable to eat. Parti Nagy Lajos shows us different societies in his books through the act of eating. One of his characters lives under the Stalinist dictatorship, while others live in capitalism. What is common in these societies is that both try to transform men into productive, profitable human-machine hybrids. The writer\u2019s main characters\u2019 most important goal is to struggle against these coercive forces. The state ideologies try to transform not only people\u2019s daily habits, eating rituals, and physical appearances but also their ways of thinking \u2013 the protagonists of PNL try to fight with this oppressive power by making their own bodies useless for the regime. in my study i\u00a0am analyzing those works of Pnl, where food and its society-related concerns have been given a central place (in Parti Nagy Lajos\u2019s works).<\/p><\/blockquote>\n<p><a href=\"http:\/\/www.partitura.fss.ukf.sk\/wp-content\/uploads\/2016\/10\/2015_2-T\u00f3th.pdf\"><strong>Whole issue<\/strong><\/a><\/p>\n<p>&nbsp;<\/p>\n","protected":false},"excerpt":{"rendered":"<p>Tamara T\u00f3th IN:\u00a0Partit\u00fara Irodalomtudom\u00e1nyi foly\u00f3irat, Volume: X\u00a0,\u00a0Issue 2, 2015, p. 61-78., ISSN 1336-7307 DOI:\u00a010.17846\/PA.2015.10.2.61-78 Abstract: [&hellip;]<\/p>\n","protected":false},"author":4,"featured_media":0,"parent":0,"menu_order":0,"comment_status":"closed","ping_status":"open","template":"","meta":[],"_links":{"self":[{"href":"http:\/\/www.partitura.fss.ukf.sk\/index.php?rest_route=\/wp\/v2\/pages\/1012"}],"collection":[{"href":"http:\/\/www.partitura.fss.ukf.sk\/index.php?rest_route=\/wp\/v2\/pages"}],"about":[{"href":"http:\/\/www.partitura.fss.ukf.sk\/index.php?rest_route=\/wp\/v2\/types\/page"}],"author":[{"embeddable":true,"href":"http:\/\/www.partitura.fss.ukf.sk\/index.php?rest_route=\/wp\/v2\/users\/4"}],"replies":[{"embeddable":true,"href":"http:\/\/www.partitura.fss.ukf.sk\/index.php?rest_route=%2Fwp%2Fv2%2Fcomments&post=1012"}],"version-history":[{"count":7,"href":"http:\/\/www.partitura.fss.ukf.sk\/index.php?rest_route=\/wp\/v2\/pages\/1012\/revisions"}],"predecessor-version":[{"id":1720,"href":"http:\/\/www.partitura.fss.ukf.sk\/index.php?rest_route=\/wp\/v2\/pages\/1012\/revisions\/1720"}],"wp:attachment":[{"href":"http:\/\/www.partitura.fss.ukf.sk\/index.php?rest_route=%2Fwp%2Fv2%2Fmedia&parent=1012"}],"curies":[{"name":"wp","href":"https:\/\/api.w.org\/{rel}","templated":true}]}}