{"id":1044,"date":"2017-04-13T07:28:37","date_gmt":"2017-04-13T07:28:37","guid":{"rendered":"http:\/\/www.partitura.fss.ukf.sk\/?page_id=1044"},"modified":"2019-12-09T08:10:34","modified_gmt":"2019-12-09T08:10:34","slug":"terido-paraszfera-groteszk","status":"publish","type":"page","link":"http:\/\/www.partitura.fss.ukf.sk\/?page_id=1044","title":{"rendered":"T\u00e9rid\u0151. Paraszf\u00e9ra. Groteszk\u00a0"},"content":{"rendered":"<h3>Kov\u00e1cs \u00c1rp\u00e1d<\/h3>\n<p><strong>IN:\u00a0<\/strong>Partit\u00fara Irodalomtudom\u00e1nyi foly\u00f3irat, \u00c9vfolyam: XI. \u00a0, Sz\u00e1m 1, 2016, 3-20. oldal,\u00a0ISSN 1336-7307<\/p>\n<p><strong>DOI:\u00a0<\/strong>10.17846\/PA.2016.11.1.3-20<\/p>\n<p><strong>Absztrakt:<\/strong><\/p>\n<blockquote><p>A tanulm\u00e1ny szerz\u0151je a t\u00e9rid\u0151 k\u00fcl\u00f6nb\u00f6z\u0151 \u00e9rtelmez\u00e9seit t\u00e1rgyalja a m\u0171v\u00e9szi sz\u00f6vegek f\u00e9nyt\u00f6r\u00e9s\u00e9ben. \u00c9rinti Einstein, Bolyai J\u00e1nos, N\u00e9meth L\u00e1szl\u00f3, Csontv\u00e1ry Kosztka Tivadar, Ottlik G\u00e9za kapcsol\u00f3d\u00f3 n\u00e9zeteit. K\u00fcl\u00f6n\u00f6s figyelmet ford\u00edt az intervallum k\u00e9pz\u0151dm\u00e9nyeire, kiemelten a fantasztikus elbesz\u00e9l\u00e9s m\u00ednusz-tere, illetve a groteszk m\u0171faja vonatkoz\u00e1s\u00e1ban. T\u00e9teleit Gogol novell\u00e1ja, Az orr elemz\u00e9s\u00e9vel t\u00e1masztja al\u00e1.<\/p><\/blockquote>\n<p><a href=\"http:\/\/www.partitura.fss.ukf.sk\/wp-content\/uploads\/2015\/01\/kovacs.pdf\"><strong>Teljes sz\u00f6veg<\/strong><\/a><\/p>\n","protected":false},"excerpt":{"rendered":"<p>Kov\u00e1cs \u00c1rp\u00e1d IN:\u00a0Partit\u00fara Irodalomtudom\u00e1nyi foly\u00f3irat, \u00c9vfolyam: XI. \u00a0, Sz\u00e1m 1, 2016, 3-20. oldal,\u00a0ISSN 1336-7307 DOI:\u00a010.17846\/PA.2016.11.1.3-20 [&hellip;]<\/p>\n","protected":false},"author":4,"featured_media":0,"parent":0,"menu_order":0,"comment_status":"closed","ping_status":"open","template":"","meta":[],"_links":{"self":[{"href":"http:\/\/www.partitura.fss.ukf.sk\/index.php?rest_route=\/wp\/v2\/pages\/1044"}],"collection":[{"href":"http:\/\/www.partitura.fss.ukf.sk\/index.php?rest_route=\/wp\/v2\/pages"}],"about":[{"href":"http:\/\/www.partitura.fss.ukf.sk\/index.php?rest_route=\/wp\/v2\/types\/page"}],"author":[{"embeddable":true,"href":"http:\/\/www.partitura.fss.ukf.sk\/index.php?rest_route=\/wp\/v2\/users\/4"}],"replies":[{"embeddable":true,"href":"http:\/\/www.partitura.fss.ukf.sk\/index.php?rest_route=%2Fwp%2Fv2%2Fcomments&post=1044"}],"version-history":[{"count":6,"href":"http:\/\/www.partitura.fss.ukf.sk\/index.php?rest_route=\/wp\/v2\/pages\/1044\/revisions"}],"predecessor-version":[{"id":1543,"href":"http:\/\/www.partitura.fss.ukf.sk\/index.php?rest_route=\/wp\/v2\/pages\/1044\/revisions\/1543"}],"wp:attachment":[{"href":"http:\/\/www.partitura.fss.ukf.sk\/index.php?rest_route=%2Fwp%2Fv2%2Fmedia&parent=1044"}],"curies":[{"name":"wp","href":"https:\/\/api.w.org\/{rel}","templated":true}]}}