{"id":1062,"date":"2017-04-13T08:46:18","date_gmt":"2017-04-13T08:46:18","guid":{"rendered":"http:\/\/www.partitura.fss.ukf.sk\/?page_id=1062"},"modified":"2019-12-09T08:10:21","modified_gmt":"2019-12-09T08:10:21","slug":"a-kesei-csehov-terpoetikajarol","status":"publish","type":"page","link":"http:\/\/www.partitura.fss.ukf.sk\/?page_id=1062","title":{"rendered":"A k\u00e9sei Csehov t\u00e9rpo\u00e9tik\u00e1j\u00e1r\u00f3l"},"content":{"rendered":"<h3>S. Horv\u00e1th G\u00e9za<\/h3>\n<p><strong>IN:\u00a0<\/strong>Partit\u00fara Irodalomtudom\u00e1nyi foly\u00f3irat, \u00c9vfolyam: XI. \u00a0, Sz\u00e1m 1, 2016, 21-36. oldal,\u00a0ISSN 1336-7307<\/p>\n<p><strong>DOI:\u00a0<\/strong>10.17846\/PA.2016.11.1.21-36<\/p>\n<p><strong>Absztrakt:<\/strong><\/p>\n<blockquote><p>A Csehov-szakirodalomban meg\u00e1llap\u00edt\u00e1st nyert, hogy az alakok az orosz \u00edr\u00f3n\u00e1l nem csup\u00e1n tipikus, hanem archetipikus karakterjegyekkel rendelkeznek. Megl\u00e1t\u00e1som szerint a Csehov-figura archetipikus karakterjegy\u00e9t megszem\u00e9lyes\u00edt\u0151 h\u00e1z, tok, kagyl\u00f3 szoros szeml\u00e9leti rokons\u00e1gban \u00e1ll a Bachelard \u00e1ltal kifejtett intim\/egzisztenci\u00e1lis t\u00e9rrel, amelyen kereszt\u00fcl a szerepl\u0151 saj\u00e1tos (\u00e1l)identit\u00e1st teremt mag\u00e1nak. a tanulm\u00e1nyban ez\u00e9rt a k\u00e9pet mint a h\u0151s k\u00e9p\u00e9t\/alakj\u00e1t\/ter\u00e9t elemzem, annak az \u201e\u00faj l\u00e9nynek a megsz\u00fclet\u00e9s\u00e9vel\u201d (Bachelard) kapcsolatban, amely a k\u00f6lt\u0151i kifejez\u00e9s saj\u00e1tja. A k\u00e9sei novella-tril\u00f3gi\u00e1ban az elbesz\u00e9l\u00e9s nyelvi ter\u00e9nek artikul\u00e1l\u00f3d\u00e1s\u00e1t igyekszem megragadni az elbesz\u00e9l\u0151 szubjektivit\u00e1s kibontakoz\u00e1s\u00e1val \u00f6sszef\u00fcgg\u00e9sben (A tokbab\u00fajt ember; A p\u00f6szm\u00e9tebokor; A \u00a0szerelemr\u0151l, 1898), m\u00edg az utols\u00f3 Csehov-dr\u00e1m\u00e1ban (Csereszny\u00e9skert, 1904) a szerz\u0151i utas\u00edt\u00e1sokb\u00f3l kibontakoz\u00f3 sz\u00f6vegteret vizsg\u00e1lom.<\/p><\/blockquote>\n<p><a href=\"http:\/\/www.partitura.fss.ukf.sk\/wp-content\/uploads\/2015\/01\/horvath.pdf\"><strong>Teljes sz\u00f6veg<\/strong><\/a><\/p>\n","protected":false},"excerpt":{"rendered":"<p>S. Horv\u00e1th G\u00e9za IN:\u00a0Partit\u00fara Irodalomtudom\u00e1nyi foly\u00f3irat, \u00c9vfolyam: XI. \u00a0, Sz\u00e1m 1, 2016, 21-36. oldal,\u00a0ISSN 1336-7307 [&hellip;]<\/p>\n","protected":false},"author":4,"featured_media":0,"parent":0,"menu_order":0,"comment_status":"closed","ping_status":"open","template":"","meta":[],"_links":{"self":[{"href":"http:\/\/www.partitura.fss.ukf.sk\/index.php?rest_route=\/wp\/v2\/pages\/1062"}],"collection":[{"href":"http:\/\/www.partitura.fss.ukf.sk\/index.php?rest_route=\/wp\/v2\/pages"}],"about":[{"href":"http:\/\/www.partitura.fss.ukf.sk\/index.php?rest_route=\/wp\/v2\/types\/page"}],"author":[{"embeddable":true,"href":"http:\/\/www.partitura.fss.ukf.sk\/index.php?rest_route=\/wp\/v2\/users\/4"}],"replies":[{"embeddable":true,"href":"http:\/\/www.partitura.fss.ukf.sk\/index.php?rest_route=%2Fwp%2Fv2%2Fcomments&post=1062"}],"version-history":[{"count":7,"href":"http:\/\/www.partitura.fss.ukf.sk\/index.php?rest_route=\/wp\/v2\/pages\/1062\/revisions"}],"predecessor-version":[{"id":1542,"href":"http:\/\/www.partitura.fss.ukf.sk\/index.php?rest_route=\/wp\/v2\/pages\/1062\/revisions\/1542"}],"wp:attachment":[{"href":"http:\/\/www.partitura.fss.ukf.sk\/index.php?rest_route=%2Fwp%2Fv2%2Fmedia&parent=1062"}],"curies":[{"name":"wp","href":"https:\/\/api.w.org\/{rel}","templated":true}]}}