{"id":1066,"date":"2017-04-13T08:50:10","date_gmt":"2017-04-13T08:50:10","guid":{"rendered":"http:\/\/www.partitura.fss.ukf.sk\/?page_id=1066"},"modified":"2019-12-09T08:10:34","modified_gmt":"2019-12-09T08:10:34","slug":"terkepzetek-terkepzesek-deterritorializacio-az-uj-symposion-folyoirat-elso-szerkesztoi-nemzedekenel-1965-1971","status":"publish","type":"page","link":"http:\/\/www.partitura.fss.ukf.sk\/?page_id=1066","title":{"rendered":"T\u00e9rk\u00e9pzetek, t\u00e9rk\u00e9pz\u00e9sek, deterritorializ\u00e1ci\u00f3 az \u00daj Symposion foly\u00f3irat els\u0151 szerkeszt\u0151i nemzed\u00e9k\u00e9n\u00e9l (1965\u20131971)"},"content":{"rendered":"<h3>Lad\u00e1nyi Istv\u00e1n<\/h3>\n<p><strong><span style=\"color: #666666;\">IN:\u00a0<\/span><\/strong><span style=\"color: #666666;\">Partit\u00fara Irodalomtudom\u00e1nyi foly\u00f3irat, \u00c9vfolyam: XI. \u00a0, Sz\u00e1m 1, 2016, 37-46. oldal,\u00a0ISSN 1336-7307<\/span><\/p>\n<p><strong>DOI:\u00a0<\/strong>10.17846\/PA.2016.11.1.37-46<\/p>\n<p><strong>Absztrakt:<\/strong><\/p>\n<blockquote><p>A tanulm\u00e1ny az \u00fajvid\u00e9ki \u00daj Symposion foly\u00f3iratnak a saj\u00e1t kisebbs\u00e9gi t\u00e9rhez, illetve a t\u00f6bbs\u00e9gi magyar, illetve t\u00f6bbs\u00e9gi d\u00e9lszl\u00e1v terekhez val\u00f3 viszony\u00e1val, a t\u00e9rkisaj\u00e1t\u00edt\u00e1sokhoz \u00e9s t\u00e9rmegjel\u00f6l\u00e9sekhez kapcsol\u00f3d\u00f3 gyakorlataival foglalkozik. Szeml\u00e9let\u00e9ben a Gilles Deleuze \u00e9s F\u00e9lix Guattari szerz\u0151p\u00e1ros kisebbs\u00e9gi nyelv- \u00e9s irodalomfelfog\u00e1s\u00e1t \u00e9rv\u00e9nyes\u00edtve a ter\u00fcleti kiz\u00e1r\u00f3lagoss\u00e1gok felsz\u00e1mol\u00e1s\u00e1nak \u00e9s a ter\u00fcletelv\u0171, a nemzet\u00e1llami keretek \u00e1ltal meghat\u00e1rozott t\u00f6bbs\u00e9gi kult\u00fara\u2013kisebbs\u00e9gi kult\u00fara szembe\u00e1ll\u00edt\u00e1s meghalad\u00e1s\u00e1nak az ig\u00e9ny\u00e9t azonos\u00edtja a foly\u00f3irat els\u0151 nemzed\u00e9k\u00e9nek foly\u00f3irat-szerkeszt\u0151i gyakorlat\u00e1ban.<\/p><\/blockquote>\n<p><a href=\"http:\/\/www.partitura.fss.ukf.sk\/wp-content\/uploads\/2015\/01\/ladanyi.pdf\"><strong>Teljes sz\u00f6veg<\/strong><\/a><\/p>\n","protected":false},"excerpt":{"rendered":"<p>Lad\u00e1nyi Istv\u00e1n IN:\u00a0Partit\u00fara Irodalomtudom\u00e1nyi foly\u00f3irat, \u00c9vfolyam: XI. \u00a0, Sz\u00e1m 1, 2016, 37-46. oldal,\u00a0ISSN 1336-7307 DOI:\u00a010.17846\/PA.2016.11.1.37-46 [&hellip;]<\/p>\n","protected":false},"author":4,"featured_media":0,"parent":0,"menu_order":0,"comment_status":"closed","ping_status":"open","template":"","meta":[],"_links":{"self":[{"href":"http:\/\/www.partitura.fss.ukf.sk\/index.php?rest_route=\/wp\/v2\/pages\/1066"}],"collection":[{"href":"http:\/\/www.partitura.fss.ukf.sk\/index.php?rest_route=\/wp\/v2\/pages"}],"about":[{"href":"http:\/\/www.partitura.fss.ukf.sk\/index.php?rest_route=\/wp\/v2\/types\/page"}],"author":[{"embeddable":true,"href":"http:\/\/www.partitura.fss.ukf.sk\/index.php?rest_route=\/wp\/v2\/users\/4"}],"replies":[{"embeddable":true,"href":"http:\/\/www.partitura.fss.ukf.sk\/index.php?rest_route=%2Fwp%2Fv2%2Fcomments&post=1066"}],"version-history":[{"count":4,"href":"http:\/\/www.partitura.fss.ukf.sk\/index.php?rest_route=\/wp\/v2\/pages\/1066\/revisions"}],"predecessor-version":[{"id":1544,"href":"http:\/\/www.partitura.fss.ukf.sk\/index.php?rest_route=\/wp\/v2\/pages\/1066\/revisions\/1544"}],"wp:attachment":[{"href":"http:\/\/www.partitura.fss.ukf.sk\/index.php?rest_route=%2Fwp%2Fv2%2Fmedia&parent=1066"}],"curies":[{"name":"wp","href":"https:\/\/api.w.org\/{rel}","templated":true}]}}