{"id":1069,"date":"2017-04-13T08:58:06","date_gmt":"2017-04-13T08:58:06","guid":{"rendered":"http:\/\/www.partitura.fss.ukf.sk\/?page_id=1069"},"modified":"2019-12-09T08:10:31","modified_gmt":"2019-12-09T08:10:31","slug":"munchentol-budapestig-a-festmenytol-a-regenyig-gardonyi-geza-ida-regenye","status":"publish","type":"page","link":"http:\/\/www.partitura.fss.ukf.sk\/?page_id=1069","title":{"rendered":"M\u00fcnchent\u0151l Budapestig, a festm\u00e9nyt\u0151l a reg\u00e9nyig (G\u00e1rdonyi G\u00e9za: Ida reg\u00e9nye)"},"content":{"rendered":"<h3>Kov\u00e1cs G\u00e1bor<\/h3>\n<p><strong>IN:\u00a0<\/strong>Partit\u00fara Irodalomtudom\u00e1nyi foly\u00f3irat, \u00c9vfolyam: XI. \u00a0, Sz\u00e1m 1, 2016, 47-72. oldal,\u00a0ISSN 1336-7307<\/p>\n<p><strong>DOI:\u00a0<\/strong>10.17846\/PA.2016.11.1.47-72<\/p>\n<p><strong>Absztrakt:<\/strong><\/p>\n<blockquote><p>G\u00e1rdonyi m\u0171v\u00e9szreg\u00e9ny\u00e9nek eg\u00e9sz\u00e9t a kinnlev\u0151s\u00e9g problematik\u00e1ja hat\u00e1rozza meg. A\u00a0f\u0151szerepl\u0151k t\u00f6rt\u00e9net\u00e9nek alakul\u00e1s\u00e1t a \u201ejelenval\u00f3l\u00e9t \u00e1lland\u00f3 kinnlev\u0151s\u00e9g\u00e9nek\u201d (Heidegger) tapasztalata hatja \u00e1t. a t\u00f6rt\u00e9net keret\u00e9t pedig a magyar m\u0171v\u00e9szeti \u00e9let m\u00fcncheni m\u00e1sholl\u00e9te hat\u00e1rozza meg. A\u00a0tanulm\u00e1ny annak a felt\u00e9telez\u00e9snek a bizony\u00edt\u00e1s\u00e1ra tesz k\u00eds\u00e9rletet, hogy a sz\u00f6vegszervez\u0151d\u00e9st is a kinnlev\u0151s\u00e9g befoly\u00e1solja: a reg\u00e9ny sz\u00e1mos jelenet\u00e9nek verb\u00e1lis fel\u00e9p\u00edt\u00e9s\u00e9t a magyar fest\u00e9szet bizonyos sz\u00e1zadfordul\u00f3s alkot\u00e1sainak \u00a0vizu\u00e1lis kompoz\u00edci\u00f3ja ihlette.<\/p><\/blockquote>\n<p><a href=\"http:\/\/www.partitura.fss.ukf.sk\/wp-content\/uploads\/2015\/01\/kovacs_g.pdf\"><strong>Teljes sz\u00f6veg<\/strong><\/a><\/p>\n","protected":false},"excerpt":{"rendered":"<p>Kov\u00e1cs G\u00e1bor IN:\u00a0Partit\u00fara Irodalomtudom\u00e1nyi foly\u00f3irat, \u00c9vfolyam: XI. \u00a0, Sz\u00e1m 1, 2016, 47-72. oldal,\u00a0ISSN 1336-7307 DOI:\u00a010.17846\/PA.2016.11.1.47-72 [&hellip;]<\/p>\n","protected":false},"author":4,"featured_media":0,"parent":0,"menu_order":0,"comment_status":"closed","ping_status":"open","template":"","meta":[],"_links":{"self":[{"href":"http:\/\/www.partitura.fss.ukf.sk\/index.php?rest_route=\/wp\/v2\/pages\/1069"}],"collection":[{"href":"http:\/\/www.partitura.fss.ukf.sk\/index.php?rest_route=\/wp\/v2\/pages"}],"about":[{"href":"http:\/\/www.partitura.fss.ukf.sk\/index.php?rest_route=\/wp\/v2\/types\/page"}],"author":[{"embeddable":true,"href":"http:\/\/www.partitura.fss.ukf.sk\/index.php?rest_route=\/wp\/v2\/users\/4"}],"replies":[{"embeddable":true,"href":"http:\/\/www.partitura.fss.ukf.sk\/index.php?rest_route=%2Fwp%2Fv2%2Fcomments&post=1069"}],"version-history":[{"count":5,"href":"http:\/\/www.partitura.fss.ukf.sk\/index.php?rest_route=\/wp\/v2\/pages\/1069\/revisions"}],"predecessor-version":[{"id":1548,"href":"http:\/\/www.partitura.fss.ukf.sk\/index.php?rest_route=\/wp\/v2\/pages\/1069\/revisions\/1548"}],"wp:attachment":[{"href":"http:\/\/www.partitura.fss.ukf.sk\/index.php?rest_route=%2Fwp%2Fv2%2Fmedia&parent=1069"}],"curies":[{"name":"wp","href":"https:\/\/api.w.org\/{rel}","templated":true}]}}