{"id":1123,"date":"2017-04-18T09:05:08","date_gmt":"2017-04-18T09:05:08","guid":{"rendered":"http:\/\/www.partitura.fss.ukf.sk\/?page_id=1123"},"modified":"2019-12-09T08:10:27","modified_gmt":"2019-12-09T08:10:27","slug":"from-munich-to-budapest-from-paintings-to-the-novel-geza-gardonyi-idas-novel","status":"publish","type":"page","link":"http:\/\/www.partitura.fss.ukf.sk\/?page_id=1123","title":{"rendered":"From Munich to Budapest, from Paintings to the Novel (G\u00e9za G\u00e1rdonyi: Ida\u2019s Novel)"},"content":{"rendered":"<h3>G\u00e1bor Kov\u00e1cs<\/h3>\n<p><strong>IN:\u00a0<\/strong>Partit\u00fara Irodalomtudom\u00e1nyi foly\u00f3irat, Volume: XI. \u00a0, Issue 1, 2016, p. 47-72.,\u00a0ISSN 1336-7307<\/p>\n<p><strong>DOI:\u00a0<\/strong>10.17846\/PA.2016.11.1.47-72<\/p>\n<p><strong>Absztrakt:<\/strong><\/p>\n<blockquote><p>G\u00e1rdonyi\u2019s novel entitled \u201cIda\u2019s Novel\u201d is absolutely ruled by the outstanding. The story of the main characters is governed by the fundamental existential experience that \u201cthere is always something still outstanding\u201d (Heidegger). Moreover the context and the frame for the story is provided by a very special historical era, when the Hungarian art was made in another country: M\u00fcnchen, Germany. In the essay i would like to demonstarte that it is the outstanding that rules the main constituive processes of the text too. The verbal configuration of many scenes in the novel is inspired by the visual composition of some paintings of the Hungarian art at the turn of the 19th and 20th century.<\/p><\/blockquote>\n<p><a href=\"http:\/\/www.partitura.fss.ukf.sk\/wp-content\/uploads\/2017\/04\/kovacs_g.pdf\"><strong>Whole issue<\/strong><\/a><\/p>\n","protected":false},"excerpt":{"rendered":"<p>G\u00e1bor Kov\u00e1cs IN:\u00a0Partit\u00fara Irodalomtudom\u00e1nyi foly\u00f3irat, Volume: XI. \u00a0, Issue 1, 2016, p. 47-72.,\u00a0ISSN 1336-7307 DOI:\u00a010.17846\/PA.2016.11.1.47-72 [&hellip;]<\/p>\n","protected":false},"author":4,"featured_media":0,"parent":0,"menu_order":0,"comment_status":"closed","ping_status":"open","template":"","meta":[],"_links":{"self":[{"href":"http:\/\/www.partitura.fss.ukf.sk\/index.php?rest_route=\/wp\/v2\/pages\/1123"}],"collection":[{"href":"http:\/\/www.partitura.fss.ukf.sk\/index.php?rest_route=\/wp\/v2\/pages"}],"about":[{"href":"http:\/\/www.partitura.fss.ukf.sk\/index.php?rest_route=\/wp\/v2\/types\/page"}],"author":[{"embeddable":true,"href":"http:\/\/www.partitura.fss.ukf.sk\/index.php?rest_route=\/wp\/v2\/users\/4"}],"replies":[{"embeddable":true,"href":"http:\/\/www.partitura.fss.ukf.sk\/index.php?rest_route=%2Fwp%2Fv2%2Fcomments&post=1123"}],"version-history":[{"count":4,"href":"http:\/\/www.partitura.fss.ukf.sk\/index.php?rest_route=\/wp\/v2\/pages\/1123\/revisions"}],"predecessor-version":[{"id":1754,"href":"http:\/\/www.partitura.fss.ukf.sk\/index.php?rest_route=\/wp\/v2\/pages\/1123\/revisions\/1754"}],"wp:attachment":[{"href":"http:\/\/www.partitura.fss.ukf.sk\/index.php?rest_route=%2Fwp%2Fv2%2Fmedia&parent=1123"}],"curies":[{"name":"wp","href":"https:\/\/api.w.org\/{rel}","templated":true}]}}