{"id":1388,"date":"2018-09-05T14:15:44","date_gmt":"2018-09-05T14:15:44","guid":{"rendered":"http:\/\/www.partitura.fss.ukf.sk\/?page_id=1388"},"modified":"2019-12-09T08:10:30","modified_gmt":"2019-12-09T08:10:30","slug":"latasok-es-lattatasok-vizualis-narracio-ottlik-geza-iskola-a-hataron-cimu-regenyeben","status":"publish","type":"page","link":"http:\/\/www.partitura.fss.ukf.sk\/?page_id=1388","title":{"rendered":"L\u00e1t\u00e1sok \u00e9s l\u00e1ttat\u00e1sok: Vizu\u00e1lis narr\u00e1ci\u00f3 Ottlik G\u00e9za Iskola a hat\u00e1ron c\u00edm\u0171 reg\u00e9ny\u00e9ben"},"content":{"rendered":"<h3>Mosa Di\u00e1na<\/h3>\n<p><strong>IN:\u00a0<\/strong>Partit\u00fara Irodalomtudom\u00e1nyi foly\u00f3irat, \u00c9vfolyam: XIII. \u00a0, Sz\u00e1m 1, 2018, 63-100. oldal,\u00a0ISSN 1336-7307<\/p>\n<p><strong>DOI:\u00a0<\/strong>10.17846\/PA.2018.13.1.63-100<\/p>\n<p><strong>Absztrakt:<\/strong><\/p>\n<blockquote><p>Kutat\u00e1somban h\u00e1rom ir\u00e1nyvonal rajzol\u00f3dik ki: (1) a sz\u00f6vegben megjelen\u0151 mindennapi l\u00e1t\u00e1smetafor\u00e1k \u00e9s k\u00e9pi-reflex\u00edv elemek megfigyel\u00e9se, (2) a beemelt k\u00e9pz\u0151m\u0171v\u00e9szeti alkot\u00e1sok \u00e9s egy\u00e9b grafikus k\u00e9pek szerep\u00e9nek kimutat\u00e1sa (k\u00fcl\u00f6n\u00f6sk\u00e9ppen\u00a0a Las Meninas rejtett \u00fczenet\u00e9nek viszonya a p\u00e1li mott\u00f3val) \u00e9s (3) az elbesz\u00e9l\u0151k egyes ekphrasztikusan k\u00e9pszer\u0171v\u00e9 \u00f6ssze\u00e1ll\u00f3 szakaszainak (kiemelten a trieszti \u00f6b\u00f6l k\u00e9pszer\u0171 gondolathalmaz\u00e1nak \u00e9s a f\u0151all\u00e9 lerajzol\u00e1s\u00e1nak) elemz\u00e9se. A tanulm\u00e1ny \u00e9rvein kereszt\u00fcl a reg\u00e9ny intenz\u00edv vizu\u00e1lis volt\u00e1t \u00e9s egy lehets\u00e9ges k\u00e9pi olvasat jelent\u0151s\u00e9g\u00e9t k\u00edv\u00e1nom megvil\u00e1g\u00edtani, amely nagyban gazdag\u00edthatja a kultikus \u00e9s kanonikus \u00e9rtelmez\u00e9shorizontot, hiszen az Iskol\u00e1t t\u00f6bbek k\u00f6z\u00f6tt l\u00e1tv\u00e1nyvil\u00e1g\u00e1nak ritmik\u00e1ja, a be\u00e9kel\u0151d\u0151 k\u00e9pi szf\u00e9r\u00e1k eszt\u00e9tikai \u00e9s tartalmi \u00e1rnyalatai \u00e9s az ezekre val\u00f3 gyakori reflexi\u00f3k teszik \u201ebotr\u00e1nyosan modernn\u00e9\u201d.<\/p><\/blockquote>\n<p><a href=\"http:\/\/www.partitura.fss.ukf.sk\/wp-content\/uploads\/2018\/11\/Partitura-2018-01-03.pdf\"><strong>Teljes sz\u00f6veg<\/strong><\/a><\/p>\n","protected":false},"excerpt":{"rendered":"<p>Mosa Di\u00e1na IN:\u00a0Partit\u00fara Irodalomtudom\u00e1nyi foly\u00f3irat, \u00c9vfolyam: XIII. \u00a0, Sz\u00e1m 1, 2018, 63-100. oldal,\u00a0ISSN 1336-7307 DOI:\u00a010.17846\/PA.2018.13.1.63-100 [&hellip;]<\/p>\n","protected":false},"author":5,"featured_media":0,"parent":0,"menu_order":0,"comment_status":"closed","ping_status":"closed","template":"","meta":[],"_links":{"self":[{"href":"http:\/\/www.partitura.fss.ukf.sk\/index.php?rest_route=\/wp\/v2\/pages\/1388"}],"collection":[{"href":"http:\/\/www.partitura.fss.ukf.sk\/index.php?rest_route=\/wp\/v2\/pages"}],"about":[{"href":"http:\/\/www.partitura.fss.ukf.sk\/index.php?rest_route=\/wp\/v2\/types\/page"}],"author":[{"embeddable":true,"href":"http:\/\/www.partitura.fss.ukf.sk\/index.php?rest_route=\/wp\/v2\/users\/5"}],"replies":[{"embeddable":true,"href":"http:\/\/www.partitura.fss.ukf.sk\/index.php?rest_route=%2Fwp%2Fv2%2Fcomments&post=1388"}],"version-history":[{"count":5,"href":"http:\/\/www.partitura.fss.ukf.sk\/index.php?rest_route=\/wp\/v2\/pages\/1388\/revisions"}],"predecessor-version":[{"id":1578,"href":"http:\/\/www.partitura.fss.ukf.sk\/index.php?rest_route=\/wp\/v2\/pages\/1388\/revisions\/1578"}],"wp:attachment":[{"href":"http:\/\/www.partitura.fss.ukf.sk\/index.php?rest_route=%2Fwp%2Fv2%2Fmedia&parent=1388"}],"curies":[{"name":"wp","href":"https:\/\/api.w.org\/{rel}","templated":true}]}}