{"id":1390,"date":"2018-09-05T14:25:15","date_gmt":"2018-09-05T14:25:15","guid":{"rendered":"http:\/\/www.partitura.fss.ukf.sk\/?page_id=1390"},"modified":"2019-12-09T08:10:26","modified_gmt":"2019-12-09T08:10:26","slug":"egy-fejezet-a-kozep-europai-humor-poetikajabol-gardonyi-geza-trefakedve-elmeleti-megkozelites","status":"publish","type":"page","link":"http:\/\/www.partitura.fss.ukf.sk\/?page_id=1390","title":{"rendered":"Egy fejezet a k\u00f6z\u00e9p-eur\u00f3pai humor po\u00e9tik\u00e1j\u00e1b\u00f3l: G\u00e1rdonyi G\u00e9za \u201etr\u00e9fakedve\u201d"},"content":{"rendered":"<h3>Kov\u00e1cs \u00c1rp\u00e1d<\/h3>\n<p><strong>IN:\u00a0<\/strong>Partit\u00fara Irodalomtudom\u00e1nyi foly\u00f3irat, \u00c9vfolyam: XIII. \u00a0, Sz\u00e1m 2, 2018, 3-21. oldal,\u00a0ISSN 1336-7307<\/p>\n<p><strong>DOI:\u00a0<\/strong>10.17846\/PA.2018.13.2.3-21<\/p>\n<p><strong>Absztrakt:<\/strong><\/p>\n<blockquote><p>A tanulm\u00e1ny az al\u00e1bbi t\u00e9mak\u00f6r\u00f6k ment\u00e9n veti fel az \u00e9rtelmez\u00e9s probl\u00e9m\u00e1it: a humor \u00e9s az ir\u00f3nia megk\u00fcl\u00f6nb\u00f6ztet\u00e9se. Bergson, Dosztojevszkij \u00e9s Kierkegaard n\u00e9zetei. G\u00e1rdonyi G\u00e9za saj\u00e1tos koncepci\u00f3ja: a komikum l\u00edrai \u00e9s szatirikus modalit\u00e1sa m\u0171v\u00e9szet\u00e9ben. a sz\u00e9p \u00e9s a r\u00fat; a nevet\u00e9s \u00e9s a mosoly; a verb\u00e1lis \u00e9s a nonverb\u00e1lis k\u00e9pz\u0151dm\u00e9nyek. A gyermeki szeml\u00e9let a nevet\u00e9s aktus\u00e1ban; saj\u00e1toss\u00e1gai a j\u00e1t\u00e9k \u00e9s a m\u0171v\u00e9szet ter\u00fclet\u00e9n. A komikummal kapcsolatos identit\u00e1s. A nevet\u0151 sz\u00e1j \u00e9s a mosolyg\u00f3 szem G\u00e1rdonyin\u00e1l. A t\u00e1rs szeme a csendben \u00e9s az \u00e1lomban. G\u00e1rdonyi jegyzetf\u00fczetei: k\u00eds\u00e9rlet az antropol\u00f3giai, az eszt\u00e9tikai \u00e9s a po\u00e9tikai felfog\u00e1s rekonstrukci\u00f3j\u00e1ra.<\/p><\/blockquote>\n<p><a href=\"http:\/\/www.partitura.fss.ukf.sk\/wp-content\/uploads\/2018\/11\/Partitura-2018-02-01.pdf\"><strong>Teljes sz\u00f6veg<\/strong><\/a><\/p>\n","protected":false},"excerpt":{"rendered":"<p>Kov\u00e1cs \u00c1rp\u00e1d IN:\u00a0Partit\u00fara Irodalomtudom\u00e1nyi foly\u00f3irat, \u00c9vfolyam: XIII. \u00a0, Sz\u00e1m 2, 2018, 3-21. oldal,\u00a0ISSN 1336-7307 DOI:\u00a010.17846\/PA.2018.13.2.3-21 [&hellip;]<\/p>\n","protected":false},"author":5,"featured_media":0,"parent":0,"menu_order":0,"comment_status":"closed","ping_status":"closed","template":"","meta":[],"_links":{"self":[{"href":"http:\/\/www.partitura.fss.ukf.sk\/index.php?rest_route=\/wp\/v2\/pages\/1390"}],"collection":[{"href":"http:\/\/www.partitura.fss.ukf.sk\/index.php?rest_route=\/wp\/v2\/pages"}],"about":[{"href":"http:\/\/www.partitura.fss.ukf.sk\/index.php?rest_route=\/wp\/v2\/types\/page"}],"author":[{"embeddable":true,"href":"http:\/\/www.partitura.fss.ukf.sk\/index.php?rest_route=\/wp\/v2\/users\/5"}],"replies":[{"embeddable":true,"href":"http:\/\/www.partitura.fss.ukf.sk\/index.php?rest_route=%2Fwp%2Fv2%2Fcomments&post=1390"}],"version-history":[{"count":6,"href":"http:\/\/www.partitura.fss.ukf.sk\/index.php?rest_route=\/wp\/v2\/pages\/1390\/revisions"}],"predecessor-version":[{"id":1580,"href":"http:\/\/www.partitura.fss.ukf.sk\/index.php?rest_route=\/wp\/v2\/pages\/1390\/revisions\/1580"}],"wp:attachment":[{"href":"http:\/\/www.partitura.fss.ukf.sk\/index.php?rest_route=%2Fwp%2Fv2%2Fmedia&parent=1390"}],"curies":[{"name":"wp","href":"https:\/\/api.w.org\/{rel}","templated":true}]}}