{"id":1398,"date":"2018-09-05T14:30:56","date_gmt":"2018-09-05T14:30:56","guid":{"rendered":"http:\/\/www.partitura.fss.ukf.sk\/?page_id=1398"},"modified":"2019-12-09T08:10:21","modified_gmt":"2019-12-09T08:10:21","slug":"a-lo-meghal-a-medium-el-mediumgenealogiak-az-antropologiai-differenciahoz-mint-kulturtechnikahoz","status":"publish","type":"page","link":"http:\/\/www.partitura.fss.ukf.sk\/?page_id=1398","title":{"rendered":"A l\u00f3 meghal, a m\u00e9dium \u00e9l: M\u00e9diumgeneal\u00f3gi\u00e1k az antropol\u00f3giai differenci\u00e1hoz mint kult\u00fartechnik\u00e1hoz"},"content":{"rendered":"<h3>Smid J\u00f3zsef<\/h3>\n<p><strong>IN:\u00a0<\/strong>Partit\u00fara Irodalomtudom\u00e1nyi foly\u00f3irat, \u00c9vfolyam: XIII. \u00a0, Sz\u00e1m 2, 2018, 69-90. oldal,\u00a0ISSN 1336-7307<\/p>\n<p><strong>DOI:\u00a0<\/strong>10.17846\/PA.2018.13.2.69-90<\/p>\n<p><strong>Absztrakt:<\/strong><\/p>\n<blockquote><p>Tanulm\u00e1nyomban amellett \u00e9rvelek, hogy az antropol\u00f3giai differenci\u00e1t ontol\u00f3giailag\u00a0megalapozottnak tekinteni m\u00e1r eleve olyan technik\u00e1k implement\u00e1l\u00e1s\u00e1t teszi sz\u00fcks\u00e9gess\u00e9, amelyek bin\u00e1ris oppoz\u00edci\u00f3k eg\u00e9sz sor\u00e1t \u00e1ll\u00edtj\u00e1k fel ember \u00e9s \u00e1llat k\u00f6z\u00f6tt. Ez\u00e9rt el\u0151sz\u00f6r azt problematiz\u00e1lom, hogy a kult\u00fartechnika-kutat\u00f3k jelent\u00e9keny h\u00e1nyada az int\u00e9zm\u00e9nyes\u00edtett gyakorlatokat kiz\u00e1r\u00f3lag antropotechnikak\u00e9nt \u00e9rti, ezzel p\u00e1rhuzamosan kiz\u00e1rva az \u00e1llati technik\u00e1knak egy\u00e1ltal\u00e1n a lehet\u0151s\u00e9g\u00e9t is. M\u00e1sodszor, c\u00e1folva az antropotechnik\u00e1k exkluzivit\u00e1s\u00e1t, arra mutatok r\u00e1, hogy \u00e9ppens\u00e9ggel az \u00e1llatok mozg\u00e1sa szolg\u00e1lt az optikai m\u00e9diumok vizu\u00e1lis hat\u00e1sainak forr\u00e1sak\u00e9nt. Harmadszor, erre \u00e9p\u00edtve, a filmnek mint mozg\u00f3k\u00e9pnek k\u00e9t elt\u00e9r\u0151 m\u00e9diageneal\u00f3gi\u00e1j\u00e1t \u00fctk\u00f6ztetem: egyr\u00e9szt a tank\u00f6nyvi el\u0151t\u00f6rt\u00e9netet Muybridge \u00e9s Marey galoppoz\u00f3 lovaival, m\u00e1sr\u00e9szt egy rizomatikus \u00e9s technol\u00f3giai geneal\u00f3gi\u00e1t a parci\u00e1lis differenci\u00e1lis egyenletekkel, amelyek az emberi test mozg\u00e1s\u00e1nak lejegyz\u0151rendszer\u00e9hez tartoznak. Negyedszer \u00e9s v\u00e9g\u00fcl arra jutok, hogy e k\u00e9t verseng\u0151 m\u00e9diumt\u00f6rt\u00e9neti vonal a m\u00e9diumnak elt\u00e9r\u0151 konceptualiz\u00e1lhat\u00f3s\u00e1g\u00e1t eredm\u00e9nyezi, vagyis m\u00edg el\u0151bbi a filmet optikai m\u00e9diumk\u00e9nt pozicion\u00e1lja, ut\u00f3bbi azt a komput\u00e1ci\u00f3 m\u0171veletek\u00e9nt demonstr\u00e1lja ink\u00e1bb; konkl\u00fazi\u00f3m szerint mindez annak f\u00fcggv\u00e9nye, hogy az antropol\u00f3giai differencia \u00e1llati vagy emberi oldal\u00e1t prioriz\u00e1ljuk-e.<\/p><\/blockquote>\n<p><a href=\"http:\/\/www.partitura.fss.ukf.sk\/wp-content\/uploads\/2018\/11\/Partitura-2018-02-03.pdf\"><strong>Teljes sz\u00f6veg<\/strong><\/a><\/p>\n","protected":false},"excerpt":{"rendered":"<p>Smid J\u00f3zsef IN:\u00a0Partit\u00fara Irodalomtudom\u00e1nyi foly\u00f3irat, \u00c9vfolyam: XIII. \u00a0, Sz\u00e1m 2, 2018, 69-90. oldal,\u00a0ISSN 1336-7307 DOI:\u00a010.17846\/PA.2018.13.2.69-90 [&hellip;]<\/p>\n","protected":false},"author":5,"featured_media":0,"parent":0,"menu_order":0,"comment_status":"closed","ping_status":"closed","template":"","meta":[],"_links":{"self":[{"href":"http:\/\/www.partitura.fss.ukf.sk\/index.php?rest_route=\/wp\/v2\/pages\/1398"}],"collection":[{"href":"http:\/\/www.partitura.fss.ukf.sk\/index.php?rest_route=\/wp\/v2\/pages"}],"about":[{"href":"http:\/\/www.partitura.fss.ukf.sk\/index.php?rest_route=\/wp\/v2\/types\/page"}],"author":[{"embeddable":true,"href":"http:\/\/www.partitura.fss.ukf.sk\/index.php?rest_route=\/wp\/v2\/users\/5"}],"replies":[{"embeddable":true,"href":"http:\/\/www.partitura.fss.ukf.sk\/index.php?rest_route=%2Fwp%2Fv2%2Fcomments&post=1398"}],"version-history":[{"count":4,"href":"http:\/\/www.partitura.fss.ukf.sk\/index.php?rest_route=\/wp\/v2\/pages\/1398\/revisions"}],"predecessor-version":[{"id":1582,"href":"http:\/\/www.partitura.fss.ukf.sk\/index.php?rest_route=\/wp\/v2\/pages\/1398\/revisions\/1582"}],"wp:attachment":[{"href":"http:\/\/www.partitura.fss.ukf.sk\/index.php?rest_route=%2Fwp%2Fv2%2Fmedia&parent=1398"}],"curies":[{"name":"wp","href":"https:\/\/api.w.org\/{rel}","templated":true}]}}