{"id":1400,"date":"2018-09-05T14:40:36","date_gmt":"2018-09-05T14:40:36","guid":{"rendered":"http:\/\/www.partitura.fss.ukf.sk\/?page_id=1400"},"modified":"2019-12-09T08:10:22","modified_gmt":"2019-12-09T08:10:22","slug":"a-patriarchalis-elnyomas-ironikus-anatomiaja-barnas-ferenc-a-kilencedik","status":"publish","type":"page","link":"http:\/\/www.partitura.fss.ukf.sk\/?page_id=1400","title":{"rendered":"A patriarch\u00e1lis elnyom\u00e1s ironikus anat\u00f3mi\u00e1ja"},"content":{"rendered":"<h3>Moln\u00e1r Csilla<\/h3>\n<p><strong>IN:\u00a0<\/strong>Partit\u00fara Irodalomtudom\u00e1nyi foly\u00f3irat, \u00c9vfolyam: XIII. \u00a0, Sz\u00e1m 2, 2018, 91-100. oldal,\u00a0ISSN 1336-7307<\/p>\n<p><strong>DOI:\u00a0<\/strong>10.17846\/PA.2018.13.2.91-100<\/p>\n<p><strong>Absztrakt:<\/strong><\/p>\n<blockquote><p>A k\u00f6zelm\u00falt magyar elbesz\u00e9l\u0151 irodalm\u00e1ban gyakrabban tal\u00e1lkozhatunk a gyermek narr\u00e1tor alakj\u00e1val. Az ide tartoz\u00f3 m\u0171vek k\u00f6z\u00fcl \u00edr\u00e1somban Barn\u00e1s Ferenc a kilencedik c\u00edm\u0171 m\u0171v\u00e9t elemzem, melyben a t\u00e1rsadalmi nemi viszonylatok, a hatalom h\u00e9tk\u00f6znapokban val\u00f3 m\u0171k\u00f6d\u00e9s\u00e9nek m\u00f3dja \u00f6sszetett narr\u00e1ci\u00f3s technik\u00e1val mondhat\u00f3 csak el. A f\u0151szerepl\u0151 kisfi\u00fa n\u00e9z\u0151pontj\u00e1b\u00f3l egy er\u0151szakon \u00e9s elnyom\u00e1son alapul\u00f3 patriarch\u00e1lis t\u00e1rsadalom jelenik meg, melynek a gyermek korl\u00e1tozott l\u00e1t\u00f3sz\u00f6g\u0171 elszenved\u0151je, ugyanakkor reflex\u00edv elbesz\u00e9l\u0151je is. Tanulm\u00e1nyomban azt igyekszem bizony\u00edtani, hogy a reg\u00e9nyben ez a paradoxnak t\u0171n\u0151 kett\u0151ss\u00e9g a posztmodern ir\u00f3nia jelenl\u00e9t\u00e9vel magyar\u00e1zhat\u00f3. Az ironikus identit\u00e1s \u00e1ltal v\u00e1lik lehet\u0151v\u00e9 a maszkulin dominancia d\u00e9monikus vil\u00e1g\u00e1nak kritikus elbesz\u00e9l\u00e9se \u00e9s \u00e9rtelmez\u00e9se.<\/p><\/blockquote>\n<p><a href=\"http:\/\/www.partitura.fss.ukf.sk\/wp-content\/uploads\/2018\/11\/Partitura-2018-02-04.pdf\"><strong>Teljes sz\u00f6veg<\/strong><\/a><\/p>\n","protected":false},"excerpt":{"rendered":"<p>Moln\u00e1r Csilla IN:\u00a0Partit\u00fara Irodalomtudom\u00e1nyi foly\u00f3irat, \u00c9vfolyam: XIII. \u00a0, Sz\u00e1m 2, 2018, 91-100. oldal,\u00a0ISSN 1336-7307 DOI:\u00a010.17846\/PA.2018.13.2.91-100 [&hellip;]<\/p>\n","protected":false},"author":5,"featured_media":0,"parent":0,"menu_order":0,"comment_status":"closed","ping_status":"closed","template":"","meta":[],"_links":{"self":[{"href":"http:\/\/www.partitura.fss.ukf.sk\/index.php?rest_route=\/wp\/v2\/pages\/1400"}],"collection":[{"href":"http:\/\/www.partitura.fss.ukf.sk\/index.php?rest_route=\/wp\/v2\/pages"}],"about":[{"href":"http:\/\/www.partitura.fss.ukf.sk\/index.php?rest_route=\/wp\/v2\/types\/page"}],"author":[{"embeddable":true,"href":"http:\/\/www.partitura.fss.ukf.sk\/index.php?rest_route=\/wp\/v2\/users\/5"}],"replies":[{"embeddable":true,"href":"http:\/\/www.partitura.fss.ukf.sk\/index.php?rest_route=%2Fwp%2Fv2%2Fcomments&post=1400"}],"version-history":[{"count":3,"href":"http:\/\/www.partitura.fss.ukf.sk\/index.php?rest_route=\/wp\/v2\/pages\/1400\/revisions"}],"predecessor-version":[{"id":1583,"href":"http:\/\/www.partitura.fss.ukf.sk\/index.php?rest_route=\/wp\/v2\/pages\/1400\/revisions\/1583"}],"wp:attachment":[{"href":"http:\/\/www.partitura.fss.ukf.sk\/index.php?rest_route=%2Fwp%2Fv2%2Fmedia&parent=1400"}],"curies":[{"name":"wp","href":"https:\/\/api.w.org\/{rel}","templated":true}]}}