{"id":1424,"date":"2018-09-05T15:05:31","date_gmt":"2018-09-05T15:05:31","guid":{"rendered":"http:\/\/www.partitura.fss.ukf.sk\/?page_id=1424"},"modified":"2023-04-26T08:13:19","modified_gmt":"2023-04-26T08:13:19","slug":"visions-and-visualizations-visual-narration-in-geza-ottliks-novel-school-at-the-frontier","status":"publish","type":"page","link":"http:\/\/www.partitura.fss.ukf.sk\/?page_id=1424","title":{"rendered":"Visions and visualizations. Visual Narration in G\u00e9za Ottlik\u2019s novel School at the Frontier"},"content":{"rendered":"<h3>Di\u00e1na Mosa<\/h3>\n<p><strong>IN:\u00a0<\/strong>Partit\u00fara Irodalomtudom\u00e1nyi foly\u00f3irat, Volume XIII. \u00a0, Issue 1, 2018, p. 63-100,\u00a0ISSN 1336-7307<\/p>\n<p><strong>DOI:\u00a0<\/strong>10.17846\/PA.2018.13.1.63-100<\/p>\n<p><strong>Abstract:<\/strong><\/p>\n<blockquote><p>My research treats one of the most important works of Hungarian literature in the 20th century, G\u00e9za Ottlik\u2019s novel school at the Frontier (1959). My study has three main aspects: (1) the everyday sight-metaphors and the examination of the textual elements of visual reflexion, (2) the presentation of the role played by the invoked paintings and other graphic images (especially the hidden message of the Las Meninas in relation with the motto from saint Paul), and (3) the analysis of three passages where the narration shows ekphrastical features. Through the arguments of my essay I aim to demonstrate that a visual reading could enrich the traditional interpretations. The school at the Frontier\u2019s \u201escandalous modernity\u201d consists (among others) in the rhythm of its aesthetic and pictorial spheres and in the intense reflections made on the whole novel\u2019s visuality.<\/p><\/blockquote>\n<p><strong>Keywords:<\/strong> image and language, narratology, Vel\u00e1zquez, mise en abyme, ekphrasis<\/p>\n<p><a href=\"http:\/\/www.partitura.fss.ukf.sk\/wp-content\/uploads\/2018\/11\/Partitura-2018-01-03.pdf\"><strong>Whole issue<\/strong><\/a><\/p>\n","protected":false},"excerpt":{"rendered":"<p>Di\u00e1na Mosa IN:\u00a0Partit\u00fara Irodalomtudom\u00e1nyi foly\u00f3irat, Volume XIII. \u00a0, Issue 1, 2018, p. 63-100,\u00a0ISSN 1336-7307 DOI:\u00a010.17846\/PA.2018.13.1.63-100 [&hellip;]<\/p>\n","protected":false},"author":5,"featured_media":0,"parent":0,"menu_order":0,"comment_status":"closed","ping_status":"closed","template":"","meta":[],"_links":{"self":[{"href":"http:\/\/www.partitura.fss.ukf.sk\/index.php?rest_route=\/wp\/v2\/pages\/1424"}],"collection":[{"href":"http:\/\/www.partitura.fss.ukf.sk\/index.php?rest_route=\/wp\/v2\/pages"}],"about":[{"href":"http:\/\/www.partitura.fss.ukf.sk\/index.php?rest_route=\/wp\/v2\/types\/page"}],"author":[{"embeddable":true,"href":"http:\/\/www.partitura.fss.ukf.sk\/index.php?rest_route=\/wp\/v2\/users\/5"}],"replies":[{"embeddable":true,"href":"http:\/\/www.partitura.fss.ukf.sk\/index.php?rest_route=%2Fwp%2Fv2%2Fcomments&post=1424"}],"version-history":[{"count":7,"href":"http:\/\/www.partitura.fss.ukf.sk\/index.php?rest_route=\/wp\/v2\/pages\/1424\/revisions"}],"predecessor-version":[{"id":3694,"href":"http:\/\/www.partitura.fss.ukf.sk\/index.php?rest_route=\/wp\/v2\/pages\/1424\/revisions\/3694"}],"wp:attachment":[{"href":"http:\/\/www.partitura.fss.ukf.sk\/index.php?rest_route=%2Fwp%2Fv2%2Fmedia&parent=1424"}],"curies":[{"name":"wp","href":"https:\/\/api.w.org\/{rel}","templated":true}]}}