{"id":1434,"date":"2018-09-05T15:20:51","date_gmt":"2018-09-05T15:20:51","guid":{"rendered":"http:\/\/www.partitura.fss.ukf.sk\/?page_id=1434"},"modified":"2023-04-26T08:10:13","modified_gmt":"2023-04-26T08:10:13","slug":"the-possibility-of-failure-on-the-works-of-imre-kertesz-from-a-moral-philosophical-point-of-view","status":"publish","type":"page","link":"http:\/\/www.partitura.fss.ukf.sk\/?page_id=1434","title":{"rendered":"The possibility of failure. On the works of Imre Kert\u00e9sz from a moral philosophical point of view"},"content":{"rendered":"<h3>Tam\u00e1s Barcsi<\/h3>\n<p><strong>IN:\u00a0<\/strong>Partit\u00fara Irodalomtudom\u00e1nyi foly\u00f3irat, Volume XIII. \u00a0, Issue 2, 2018, p. 23-68.,\u00a0ISSN 1336-7307<\/p>\n<p><strong>DOI:\u00a0<\/strong>10.17846\/PA.2018.13.2.23-68<\/p>\n<p><strong>Astract:<\/strong><\/p>\n<blockquote><p>In my paper I examine failure and success related problems through the works of Imre Kert\u00e9sz. First, I discuss the arising questions regarding a good life, thus, I analyse the various aspects of existential failure and success. Then I write about moral philosophical dilemmas, and the relation between existential and moral failure and existential and moral success in the works of Kert\u00e9sz. Finally, I try to grasp how Kert\u00e9sz perceives civilizational failure and answer the question to what extent can \u201cthe holocaust as culture\u201d provide a basis for the<br \/>\nrevival of civilization and moral, or whether there\u2019s a possibility for civilization\u2019s revival at all.<\/p><\/blockquote>\n<p><strong>Keywords:<\/strong> Imre Kert\u00e9sz, failure, success, ethics, moral philosophy, civilization, culture<\/p>\n<p><a href=\"http:\/\/www.partitura.fss.ukf.sk\/wp-content\/uploads\/2018\/11\/Partitura-2018-02-02.pdf\"><strong>Whole issue<\/strong><\/a><\/p>\n","protected":false},"excerpt":{"rendered":"<p>Tam\u00e1s Barcsi IN:\u00a0Partit\u00fara Irodalomtudom\u00e1nyi foly\u00f3irat, Volume XIII. \u00a0, Issue 2, 2018, p. 23-68.,\u00a0ISSN 1336-7307 DOI:\u00a010.17846\/PA.2018.13.2.23-68 [&hellip;]<\/p>\n","protected":false},"author":5,"featured_media":0,"parent":0,"menu_order":0,"comment_status":"closed","ping_status":"closed","template":"","meta":[],"_links":{"self":[{"href":"http:\/\/www.partitura.fss.ukf.sk\/index.php?rest_route=\/wp\/v2\/pages\/1434"}],"collection":[{"href":"http:\/\/www.partitura.fss.ukf.sk\/index.php?rest_route=\/wp\/v2\/pages"}],"about":[{"href":"http:\/\/www.partitura.fss.ukf.sk\/index.php?rest_route=\/wp\/v2\/types\/page"}],"author":[{"embeddable":true,"href":"http:\/\/www.partitura.fss.ukf.sk\/index.php?rest_route=\/wp\/v2\/users\/5"}],"replies":[{"embeddable":true,"href":"http:\/\/www.partitura.fss.ukf.sk\/index.php?rest_route=%2Fwp%2Fv2%2Fcomments&post=1434"}],"version-history":[{"count":4,"href":"http:\/\/www.partitura.fss.ukf.sk\/index.php?rest_route=\/wp\/v2\/pages\/1434\/revisions"}],"predecessor-version":[{"id":3689,"href":"http:\/\/www.partitura.fss.ukf.sk\/index.php?rest_route=\/wp\/v2\/pages\/1434\/revisions\/3689"}],"wp:attachment":[{"href":"http:\/\/www.partitura.fss.ukf.sk\/index.php?rest_route=%2Fwp%2Fv2%2Fmedia&parent=1434"}],"curies":[{"name":"wp","href":"https:\/\/api.w.org\/{rel}","templated":true}]}}