{"id":1437,"date":"2018-09-05T15:20:52","date_gmt":"2018-09-05T15:20:52","guid":{"rendered":"http:\/\/www.partitura.fss.ukf.sk\/?page_id=1437"},"modified":"2023-04-26T08:10:33","modified_gmt":"2023-04-26T08:10:33","slug":"the-horse-dies-the-medium-lives-media-genealogies-of-the-anthropo-logical-difference","status":"publish","type":"page","link":"http:\/\/www.partitura.fss.ukf.sk\/?page_id=1437","title":{"rendered":"The Horse Dies, the Medium Lives: Media Genealogies of the Anthropo-logical Difference"},"content":{"rendered":"<h3>J\u00f3zsef Smid<\/h3>\n<p><strong>IN:\u00a0<\/strong>Partit\u00fara Irodalomtudom\u00e1nyi foly\u00f3irat, Volume XIII. \u00a0, Issue 2, 2018, p. 69-90.,\u00a0ISSN 1336-7307<\/p>\n<p><strong>DOI:\u00a0<\/strong>10.17846\/PA.2018.13.2.69-90<\/p>\n<p><strong>Abstract:<\/strong><\/p>\n<blockquote><p>My paper argues that positioning the anthropological difference as an ontological foundation is an act already dependent on techniques that construct the binary opposition between the animal and the human. Firstly, I suggest that scholars studying cultural techniques always presuppose all institutionalized practices as anthropotechnics, and they have to exclude animal actions en total, accordingly. secondly, I argue that it is exactly the movement of animals, however, which anticipated mechanisms exploited later on, in constructing optical media. Thirdly, through these media, I retrace the prehistory of film as moving pictures, and execute a comparison between two opposing media genealogies: one of them is the textbook history of the moving image with galloping horses; the other is a more rhizomatic and technical genealogy with partial differential equations describing human movement. Fourthly, I conclude that these two<br \/>\nmedia histories of film suggest conflicting concepts of the very medium, namely, they position it either as an optical or a computing apparatus depending on which side of the anthropological difference they emphasize.<\/p><\/blockquote>\n<p><strong>Keywords:<\/strong> cultural techniques, genealogy of film, Eadweard Muybridge, Weber brothers, anthropological machine, optical media<\/p>\n<p><a href=\"http:\/\/www.partitura.fss.ukf.sk\/wp-content\/uploads\/2018\/11\/Partitura-2018-02-03.pdf\"><strong>Whole issue<\/strong><\/a><\/p>\n","protected":false},"excerpt":{"rendered":"<p>J\u00f3zsef Smid IN:\u00a0Partit\u00fara Irodalomtudom\u00e1nyi foly\u00f3irat, Volume XIII. \u00a0, Issue 2, 2018, p. 69-90.,\u00a0ISSN 1336-7307 DOI:\u00a010.17846\/PA.2018.13.2.69-90 [&hellip;]<\/p>\n","protected":false},"author":5,"featured_media":0,"parent":0,"menu_order":0,"comment_status":"closed","ping_status":"closed","template":"","meta":[],"_links":{"self":[{"href":"http:\/\/www.partitura.fss.ukf.sk\/index.php?rest_route=\/wp\/v2\/pages\/1437"}],"collection":[{"href":"http:\/\/www.partitura.fss.ukf.sk\/index.php?rest_route=\/wp\/v2\/pages"}],"about":[{"href":"http:\/\/www.partitura.fss.ukf.sk\/index.php?rest_route=\/wp\/v2\/types\/page"}],"author":[{"embeddable":true,"href":"http:\/\/www.partitura.fss.ukf.sk\/index.php?rest_route=\/wp\/v2\/users\/5"}],"replies":[{"embeddable":true,"href":"http:\/\/www.partitura.fss.ukf.sk\/index.php?rest_route=%2Fwp%2Fv2%2Fcomments&post=1437"}],"version-history":[{"count":4,"href":"http:\/\/www.partitura.fss.ukf.sk\/index.php?rest_route=\/wp\/v2\/pages\/1437\/revisions"}],"predecessor-version":[{"id":3690,"href":"http:\/\/www.partitura.fss.ukf.sk\/index.php?rest_route=\/wp\/v2\/pages\/1437\/revisions\/3690"}],"wp:attachment":[{"href":"http:\/\/www.partitura.fss.ukf.sk\/index.php?rest_route=%2Fwp%2Fv2%2Fmedia&parent=1437"}],"curies":[{"name":"wp","href":"https:\/\/api.w.org\/{rel}","templated":true}]}}