{"id":1877,"date":"2009-05-05T09:00:13","date_gmt":"2009-05-05T09:00:13","guid":{"rendered":"http:\/\/www.partitura.fss.ukf.sk\/?page_id=1877"},"modified":"2020-01-09T08:05:52","modified_gmt":"2020-01-09T08:05:52","slug":"a-pierre-menard-forgando-szerencseje-a-borgesi-atiras-koncepcio-irodalomelmeleti-vetuletei","status":"publish","type":"page","link":"http:\/\/www.partitura.fss.ukf.sk\/?page_id=1877","title":{"rendered":"A \u201ePierre M\u00e9nard\u201d forgand\u00f3 szerencs\u00e9je \u2013 A borgesi \u00e1t\u00edr\u00e1s-koncepci\u00f3 irodalomelm\u00e9leti vet\u00fcletei"},"content":{"rendered":"<h3>V\u00edctor G. Zonana<\/h3>\n<p><strong><span style=\"color: #666666;\">IN:\u00a0<\/span><\/strong><span style=\"color: #666666;\">Partit\u00fara Irodalomtudom\u00e1nyi foly\u00f3irat, Volume IV., Issue 1, 2009, p. 7-14.,\u00a0ISSN 1336-7307<\/span><\/p>\n<p><strong>DOI:\u00a0<\/strong>10.17846\/PA.2009.4.1.7-14<\/p>\n<p><a href=\"http:\/\/www.partitura.fss.ukf.sk\/wp-content\/uploads\/2009\/Partitura-2009-01-007-014.pdf\"><strong>Whole issue<\/strong><\/a><\/p>\n","protected":false},"excerpt":{"rendered":"<p>V\u00edctor G. Zonana IN:\u00a0Partit\u00fara Irodalomtudom\u00e1nyi foly\u00f3irat, Volume IV., Issue 1, 2009, p. 7-14.,\u00a0ISSN 1336-7307 DOI:\u00a010.17846\/PA.2009.4.1.7-14 [&hellip;]<\/p>\n","protected":false},"author":5,"featured_media":0,"parent":0,"menu_order":0,"comment_status":"closed","ping_status":"closed","template":"","meta":[],"_links":{"self":[{"href":"http:\/\/www.partitura.fss.ukf.sk\/index.php?rest_route=\/wp\/v2\/pages\/1877"}],"collection":[{"href":"http:\/\/www.partitura.fss.ukf.sk\/index.php?rest_route=\/wp\/v2\/pages"}],"about":[{"href":"http:\/\/www.partitura.fss.ukf.sk\/index.php?rest_route=\/wp\/v2\/types\/page"}],"author":[{"embeddable":true,"href":"http:\/\/www.partitura.fss.ukf.sk\/index.php?rest_route=\/wp\/v2\/users\/5"}],"replies":[{"embeddable":true,"href":"http:\/\/www.partitura.fss.ukf.sk\/index.php?rest_route=%2Fwp%2Fv2%2Fcomments&post=1877"}],"version-history":[{"count":5,"href":"http:\/\/www.partitura.fss.ukf.sk\/index.php?rest_route=\/wp\/v2\/pages\/1877\/revisions"}],"predecessor-version":[{"id":3155,"href":"http:\/\/www.partitura.fss.ukf.sk\/index.php?rest_route=\/wp\/v2\/pages\/1877\/revisions\/3155"}],"wp:attachment":[{"href":"http:\/\/www.partitura.fss.ukf.sk\/index.php?rest_route=%2Fwp%2Fv2%2Fmedia&parent=1877"}],"curies":[{"name":"wp","href":"https:\/\/api.w.org\/{rel}","templated":true}]}}