{"id":1886,"date":"2009-06-26T14:00:47","date_gmt":"2009-06-26T14:00:47","guid":{"rendered":"http:\/\/www.partitura.fss.ukf.sk\/?page_id=1886"},"modified":"2023-04-25T07:07:54","modified_gmt":"2023-04-25T07:07:54","slug":"a-kirekesztes-szinterei-a-homoszexualitas-problamaja-tennessee-williams-dramaiban","status":"publish","type":"page","link":"http:\/\/www.partitura.fss.ukf.sk\/?page_id=1886","title":{"rendered":"P\u00e1rhuzamos viszonyok. Bret Easton Ellis reg\u00e9nyei \u00e9s filmes adapt\u00e1ci\u00f3ik"},"content":{"rendered":"<h3>Deisler Szilvia<\/h3>\n<p><strong><span style=\"color: #666666;\">IN:\u00a0<\/span><\/strong><span style=\"color: #666666;\">Partit\u00fara Irodalomtudom\u00e1nyi foly\u00f3irat, \u00c9vfolyam: IV. \u00a0, Sz\u00e1m 1, 2009, 113-140 oldal. ,\u00a0ISSN 1336-7307<\/span><\/p>\n<p><strong>DOI:\u00a0<\/strong>10.17846\/PA.2009.4.1.113-140<\/p>\n<p><a href=\"http:\/\/www.partitura.fss.ukf.sk\/wp-content\/uploads\/2009\/Partitura-2009-01-113-140.pdf\"><strong>Teljes sz\u00f6veg<\/strong><\/a><\/p>\n","protected":false},"excerpt":{"rendered":"<p>Deisler Szilvia IN:\u00a0Partit\u00fara Irodalomtudom\u00e1nyi foly\u00f3irat, \u00c9vfolyam: IV. \u00a0, Sz\u00e1m 1, 2009, 113-140 oldal. ,\u00a0ISSN 1336-7307 [&hellip;]<\/p>\n","protected":false},"author":5,"featured_media":0,"parent":0,"menu_order":0,"comment_status":"closed","ping_status":"closed","template":"","meta":[],"_links":{"self":[{"href":"http:\/\/www.partitura.fss.ukf.sk\/index.php?rest_route=\/wp\/v2\/pages\/1886"}],"collection":[{"href":"http:\/\/www.partitura.fss.ukf.sk\/index.php?rest_route=\/wp\/v2\/pages"}],"about":[{"href":"http:\/\/www.partitura.fss.ukf.sk\/index.php?rest_route=\/wp\/v2\/types\/page"}],"author":[{"embeddable":true,"href":"http:\/\/www.partitura.fss.ukf.sk\/index.php?rest_route=\/wp\/v2\/users\/5"}],"replies":[{"embeddable":true,"href":"http:\/\/www.partitura.fss.ukf.sk\/index.php?rest_route=%2Fwp%2Fv2%2Fcomments&post=1886"}],"version-history":[{"count":4,"href":"http:\/\/www.partitura.fss.ukf.sk\/index.php?rest_route=\/wp\/v2\/pages\/1886\/revisions"}],"predecessor-version":[{"id":1890,"href":"http:\/\/www.partitura.fss.ukf.sk\/index.php?rest_route=\/wp\/v2\/pages\/1886\/revisions\/1890"}],"wp:attachment":[{"href":"http:\/\/www.partitura.fss.ukf.sk\/index.php?rest_route=%2Fwp%2Fv2%2Fmedia&parent=1886"}],"curies":[{"name":"wp","href":"https:\/\/api.w.org\/{rel}","templated":true}]}}