{"id":1915,"date":"2019-06-26T12:37:09","date_gmt":"2019-06-26T12:37:09","guid":{"rendered":"http:\/\/www.partitura.fss.ukf.sk\/?page_id=1915"},"modified":"2020-01-09T08:05:27","modified_gmt":"2020-01-09T08:05:27","slug":"ruyard-kipling-krisna-mulvaney-megtestesulese","status":"publish","type":"page","link":"http:\/\/www.partitura.fss.ukf.sk\/?page_id=1915","title":{"rendered":"Ruyard Kipling: Krisna Mulvaney megtestes\u00fcl\u00e9se"},"content":{"rendered":"<h3>Tam\u00e1s B\u00e9nyei<\/h3>\n<p><strong><span style=\"color: #666666;\">IN:\u00a0<\/span><\/strong><span style=\"color: #666666;\">Partit\u00fara Irodalomtudom\u00e1nyi foly\u00f3irat, Volume IV., Issue 1, 2009, p. 63-82.,\u00a0ISSN 1336-7307<\/span><\/p>\n<p><strong>DOI:\u00a0<\/strong>10.17846\/PA.2009.4.1.63-82<\/p>\n<p><a href=\"http:\/\/www.partitura.fss.ukf.sk\/wp-content\/uploads\/2009\/Partitura-2009-01-063-082.pdf\"><strong>Whole issue<\/strong><\/a><\/p>\n","protected":false},"excerpt":{"rendered":"<p>Tam\u00e1s B\u00e9nyei IN:\u00a0Partit\u00fara Irodalomtudom\u00e1nyi foly\u00f3irat, Volume IV., Issue 1, 2009, p. 63-82.,\u00a0ISSN 1336-7307 DOI:\u00a010.17846\/PA.2009.4.1.63-82 Whole [&hellip;]<\/p>\n","protected":false},"author":5,"featured_media":0,"parent":0,"menu_order":0,"comment_status":"closed","ping_status":"closed","template":"","meta":[],"_links":{"self":[{"href":"http:\/\/www.partitura.fss.ukf.sk\/index.php?rest_route=\/wp\/v2\/pages\/1915"}],"collection":[{"href":"http:\/\/www.partitura.fss.ukf.sk\/index.php?rest_route=\/wp\/v2\/pages"}],"about":[{"href":"http:\/\/www.partitura.fss.ukf.sk\/index.php?rest_route=\/wp\/v2\/types\/page"}],"author":[{"embeddable":true,"href":"http:\/\/www.partitura.fss.ukf.sk\/index.php?rest_route=\/wp\/v2\/users\/5"}],"replies":[{"embeddable":true,"href":"http:\/\/www.partitura.fss.ukf.sk\/index.php?rest_route=%2Fwp%2Fv2%2Fcomments&post=1915"}],"version-history":[{"count":4,"href":"http:\/\/www.partitura.fss.ukf.sk\/index.php?rest_route=\/wp\/v2\/pages\/1915\/revisions"}],"predecessor-version":[{"id":3152,"href":"http:\/\/www.partitura.fss.ukf.sk\/index.php?rest_route=\/wp\/v2\/pages\/1915\/revisions\/3152"}],"wp:attachment":[{"href":"http:\/\/www.partitura.fss.ukf.sk\/index.php?rest_route=%2Fwp%2Fv2%2Fmedia&parent=1915"}],"curies":[{"name":"wp","href":"https:\/\/api.w.org\/{rel}","templated":true}]}}