{"id":1927,"date":"2019-06-26T12:44:50","date_gmt":"2019-06-26T12:44:50","guid":{"rendered":"http:\/\/www.partitura.fss.ukf.sk\/?page_id=1927"},"modified":"2020-01-09T08:05:08","modified_gmt":"2020-01-09T08:05:08","slug":"irodalmi-szovegszeruseg-es-szereploi-identitas","status":"publish","type":"page","link":"http:\/\/www.partitura.fss.ukf.sk\/?page_id=1927","title":{"rendered":"Irodalmi sz\u00f6vegszer\u0171s\u00e9g \u00e9s szerepl\u0151i identit\u00e1s"},"content":{"rendered":"<h3>Ildik\u00f3 K\u00f6les<\/h3>\n<p><strong><span style=\"color: #666666;\">IN:\u00a0<\/span><\/strong><span style=\"color: #666666;\">Partit\u00fara Irodalomtudom\u00e1nyi foly\u00f3irat, Volume IV., Issue  1, 2009, p. 141-143.,\u00a0ISSN 1336-7307<\/span><\/p>\n<p><strong>DOI:\u00a0<\/strong>10.17846\/PA.2009.4.1.141-143<\/p>\n<p><a href=\"http:\/\/www.partitura.fss.ukf.sk\/wp-content\/uploads\/2009\/Partitura-2009-01-141-143.pdf\"><strong>Whole issue<\/strong><\/a><\/p>\n","protected":false},"excerpt":{"rendered":"<p>Ildik\u00f3 K\u00f6les IN:\u00a0Partit\u00fara Irodalomtudom\u00e1nyi foly\u00f3irat, Volume IV., Issue 1, 2009, p. 141-143.,\u00a0ISSN 1336-7307 DOI:\u00a010.17846\/PA.2009.4.1.141-143 Whole [&hellip;]<\/p>\n","protected":false},"author":5,"featured_media":0,"parent":0,"menu_order":0,"comment_status":"closed","ping_status":"closed","template":"","meta":[],"_links":{"self":[{"href":"http:\/\/www.partitura.fss.ukf.sk\/index.php?rest_route=\/wp\/v2\/pages\/1927"}],"collection":[{"href":"http:\/\/www.partitura.fss.ukf.sk\/index.php?rest_route=\/wp\/v2\/pages"}],"about":[{"href":"http:\/\/www.partitura.fss.ukf.sk\/index.php?rest_route=\/wp\/v2\/types\/page"}],"author":[{"embeddable":true,"href":"http:\/\/www.partitura.fss.ukf.sk\/index.php?rest_route=\/wp\/v2\/users\/5"}],"replies":[{"embeddable":true,"href":"http:\/\/www.partitura.fss.ukf.sk\/index.php?rest_route=%2Fwp%2Fv2%2Fcomments&post=1927"}],"version-history":[{"count":5,"href":"http:\/\/www.partitura.fss.ukf.sk\/index.php?rest_route=\/wp\/v2\/pages\/1927\/revisions"}],"predecessor-version":[{"id":3150,"href":"http:\/\/www.partitura.fss.ukf.sk\/index.php?rest_route=\/wp\/v2\/pages\/1927\/revisions\/3150"}],"wp:attachment":[{"href":"http:\/\/www.partitura.fss.ukf.sk\/index.php?rest_route=%2Fwp%2Fv2%2Fmedia&parent=1927"}],"curies":[{"name":"wp","href":"https:\/\/api.w.org\/{rel}","templated":true}]}}