{"id":1978,"date":"2009-06-27T05:51:36","date_gmt":"2009-06-27T05:51:36","guid":{"rendered":"http:\/\/www.partitura.fss.ukf.sk\/?page_id=1978"},"modified":"2019-12-09T08:10:36","modified_gmt":"2019-12-09T08:10:36","slug":"vizualis-es-olvashato-jel-az-iro-kezirasaban-es-az-artista-rajzaban-2","status":"publish","type":"page","link":"http:\/\/www.partitura.fss.ukf.sk\/?page_id=1978","title":{"rendered":"Vizu\u00e1lis \u00e9s olvashat\u00f3 jel az \u00edr\u00f3 k\u00e9z\u00edr\u00e1s\u00e1ban \u00e9s az artista rajz\u00e1ban"},"content":{"rendered":"<h3>Jacqueline Sudaka-B\u00e9naz\u00e9raf<\/h3>\n<p><strong><span style=\"color: #666666;\">IN:\u00a0<\/span><\/strong><span style=\"color: #666666;\">Partit\u00fara Irodalomtudom\u00e1nyi foly\u00f3irat, Volume IV. \u00a0, Issue 2, 2009, p. 25-30,\u00a0ISSN 1336-7307<\/span><\/p>\n<p><strong>DOI:\u00a0<\/strong>10.17846\/PA.2009.4.2.25-30<\/p>\n<p><a href=\"http:\/\/www.partitura.fss.ukf.sk\/wp-content\/uploads\/2009\/Partitura-2009-02-025-030.pdf\"><strong>Whole issue<\/strong><\/a><\/p>\n","protected":false},"excerpt":{"rendered":"<p>Jacqueline Sudaka-B\u00e9naz\u00e9raf IN:\u00a0Partit\u00fara Irodalomtudom\u00e1nyi foly\u00f3irat, Volume IV. \u00a0, Issue 2, 2009, p. 25-30,\u00a0ISSN 1336-7307 DOI:\u00a010.17846\/PA.2009.4.2.25-30 [&hellip;]<\/p>\n","protected":false},"author":5,"featured_media":0,"parent":0,"menu_order":0,"comment_status":"closed","ping_status":"closed","template":"","meta":[],"_links":{"self":[{"href":"http:\/\/www.partitura.fss.ukf.sk\/index.php?rest_route=\/wp\/v2\/pages\/1978"}],"collection":[{"href":"http:\/\/www.partitura.fss.ukf.sk\/index.php?rest_route=\/wp\/v2\/pages"}],"about":[{"href":"http:\/\/www.partitura.fss.ukf.sk\/index.php?rest_route=\/wp\/v2\/types\/page"}],"author":[{"embeddable":true,"href":"http:\/\/www.partitura.fss.ukf.sk\/index.php?rest_route=\/wp\/v2\/users\/5"}],"replies":[{"embeddable":true,"href":"http:\/\/www.partitura.fss.ukf.sk\/index.php?rest_route=%2Fwp%2Fv2%2Fcomments&post=1978"}],"version-history":[{"count":2,"href":"http:\/\/www.partitura.fss.ukf.sk\/index.php?rest_route=\/wp\/v2\/pages\/1978\/revisions"}],"predecessor-version":[{"id":2004,"href":"http:\/\/www.partitura.fss.ukf.sk\/index.php?rest_route=\/wp\/v2\/pages\/1978\/revisions\/2004"}],"wp:attachment":[{"href":"http:\/\/www.partitura.fss.ukf.sk\/index.php?rest_route=%2Fwp%2Fv2%2Fmedia&parent=1978"}],"curies":[{"name":"wp","href":"https:\/\/api.w.org\/{rel}","templated":true}]}}