{"id":1989,"date":"2009-06-27T05:59:47","date_gmt":"2009-06-27T05:59:47","guid":{"rendered":"http:\/\/www.partitura.fss.ukf.sk\/?page_id=1989"},"modified":"2023-04-25T07:13:23","modified_gmt":"2023-04-25T07:13:23","slug":"a-zene-mogott-zug-az-orok-erdo-jozsef-attila-a-hullamok-lagy-tanca","status":"publish","type":"page","link":"http:\/\/www.partitura.fss.ukf.sk\/?page_id=1989","title":{"rendered":"\u201e&#8230; a zene m\u00f6g\u00f6tt zug az \u00f6r\u00f6k erd\u0151\u201d. J\u00f3zsef Attila: [A hull\u00e1mok l\u00e1gy t\u00e1nca&#8230;]"},"content":{"rendered":"<h3>Osztroluczky Sarolta<\/h3>\n<p><strong><span style=\"color: #666666;\">IN:\u00a0<\/span><\/strong><span style=\"color: #666666;\">Partit\u00fara Irodalomtudom\u00e1nyi foly\u00f3irat, \u00c9vfolyam: IV. \u00a0, Sz\u00e1m 2, 2009, 53-78. oldal ,\u00a0ISSN 1336-7307<\/span><\/p>\n<p><strong>DOI:\u00a0<\/strong>10.17846\/PA.2009.4.2.53-78<\/p>\n<p><a href=\"http:\/\/www.partitura.fss.ukf.sk\/wp-content\/uploads\/2009\/Partitura-2009-02-053-078.pdf\"><strong>Teljes sz\u00f6veg<\/strong><\/a><\/p>\n","protected":false},"excerpt":{"rendered":"<p>Osztroluczky Sarolta IN:\u00a0Partit\u00fara Irodalomtudom\u00e1nyi foly\u00f3irat, \u00c9vfolyam: IV. \u00a0, Sz\u00e1m 2, 2009, 53-78. oldal ,\u00a0ISSN 1336-7307 [&hellip;]<\/p>\n","protected":false},"author":5,"featured_media":0,"parent":0,"menu_order":0,"comment_status":"closed","ping_status":"closed","template":"","meta":[],"_links":{"self":[{"href":"http:\/\/www.partitura.fss.ukf.sk\/index.php?rest_route=\/wp\/v2\/pages\/1989"}],"collection":[{"href":"http:\/\/www.partitura.fss.ukf.sk\/index.php?rest_route=\/wp\/v2\/pages"}],"about":[{"href":"http:\/\/www.partitura.fss.ukf.sk\/index.php?rest_route=\/wp\/v2\/types\/page"}],"author":[{"embeddable":true,"href":"http:\/\/www.partitura.fss.ukf.sk\/index.php?rest_route=\/wp\/v2\/users\/5"}],"replies":[{"embeddable":true,"href":"http:\/\/www.partitura.fss.ukf.sk\/index.php?rest_route=%2Fwp%2Fv2%2Fcomments&post=1989"}],"version-history":[{"count":3,"href":"http:\/\/www.partitura.fss.ukf.sk\/index.php?rest_route=\/wp\/v2\/pages\/1989\/revisions"}],"predecessor-version":[{"id":2046,"href":"http:\/\/www.partitura.fss.ukf.sk\/index.php?rest_route=\/wp\/v2\/pages\/1989\/revisions\/2046"}],"wp:attachment":[{"href":"http:\/\/www.partitura.fss.ukf.sk\/index.php?rest_route=%2Fwp%2Fv2%2Fmedia&parent=1989"}],"curies":[{"name":"wp","href":"https:\/\/api.w.org\/{rel}","templated":true}]}}