{"id":1991,"date":"2009-06-27T06:01:24","date_gmt":"2009-06-27T06:01:24","guid":{"rendered":"http:\/\/www.partitura.fss.ukf.sk\/?page_id=1991"},"modified":"2019-12-09T08:10:18","modified_gmt":"2019-12-09T08:10:18","slug":"a-zene-mogott-zug-az-orok-erdo-jozsef-attila-a-hullamok-lagy-tanca-2","status":"publish","type":"page","link":"http:\/\/www.partitura.fss.ukf.sk\/?page_id=1991","title":{"rendered":"\u201e&#8230; a zene m\u00f6g\u00f6tt zug az \u00f6r\u00f6k erd\u0151\u201d. J\u00f3zsef Attila: [A hull\u00e1mok l\u00e1gy t\u00e1nca&#8230;]"},"content":{"rendered":"<h3>Sarolta Osztroluczky<\/h3>\n<p><strong><span style=\"color: #666666;\">IN:\u00a0<\/span><\/strong><span style=\"color: #666666;\">Partit\u00fara Irodalomtudom\u00e1nyi foly\u00f3irat, Volume IV. \u00a0, Issue 2, 2009, p. 53-78.,\u00a0ISSN 1336-7307<\/span><\/p>\n<p><strong>DOI:\u00a0<\/strong>10.17846\/PA.2009.4.2.53-78<\/p>\n<p><a href=\"http:\/\/www.partitura.fss.ukf.sk\/wp-content\/uploads\/2009\/Partitura-2009-02-053-078.pdf\"><strong>Whole issue<\/strong><\/a><\/p>\n","protected":false},"excerpt":{"rendered":"<p>Sarolta Osztroluczky IN:\u00a0Partit\u00fara Irodalomtudom\u00e1nyi foly\u00f3irat, Volume IV. \u00a0, Issue 2, 2009, p. 53-78.,\u00a0ISSN 1336-7307 DOI:\u00a010.17846\/PA.2009.4.2.53-78 [&hellip;]<\/p>\n","protected":false},"author":5,"featured_media":0,"parent":0,"menu_order":0,"comment_status":"closed","ping_status":"closed","template":"","meta":[],"_links":{"self":[{"href":"http:\/\/www.partitura.fss.ukf.sk\/index.php?rest_route=\/wp\/v2\/pages\/1991"}],"collection":[{"href":"http:\/\/www.partitura.fss.ukf.sk\/index.php?rest_route=\/wp\/v2\/pages"}],"about":[{"href":"http:\/\/www.partitura.fss.ukf.sk\/index.php?rest_route=\/wp\/v2\/types\/page"}],"author":[{"embeddable":true,"href":"http:\/\/www.partitura.fss.ukf.sk\/index.php?rest_route=\/wp\/v2\/users\/5"}],"replies":[{"embeddable":true,"href":"http:\/\/www.partitura.fss.ukf.sk\/index.php?rest_route=%2Fwp%2Fv2%2Fcomments&post=1991"}],"version-history":[{"count":3,"href":"http:\/\/www.partitura.fss.ukf.sk\/index.php?rest_route=\/wp\/v2\/pages\/1991\/revisions"}],"predecessor-version":[{"id":2056,"href":"http:\/\/www.partitura.fss.ukf.sk\/index.php?rest_route=\/wp\/v2\/pages\/1991\/revisions\/2056"}],"wp:attachment":[{"href":"http:\/\/www.partitura.fss.ukf.sk\/index.php?rest_route=%2Fwp%2Fv2%2Fmedia&parent=1991"}],"curies":[{"name":"wp","href":"https:\/\/api.w.org\/{rel}","templated":true}]}}