{"id":2042,"date":"2009-06-27T05:00:58","date_gmt":"2009-06-27T05:00:58","guid":{"rendered":"http:\/\/www.partitura.fss.ukf.sk\/?page_id=2042"},"modified":"2019-12-09T08:10:31","modified_gmt":"2019-12-09T08:10:31","slug":"memhaboru-mcgrath-vs-dawkins-2","status":"publish","type":"page","link":"http:\/\/www.partitura.fss.ukf.sk\/?page_id=2042","title":{"rendered":"M\u00e9mh\u00e1bor\u00fa. McGrath vs. Dawkins"},"content":{"rendered":"<h3>P\u00e9ter H. Nagy<\/h3>\n<p><strong><span style=\"color: #666666;\">IN:\u00a0<\/span><\/strong><span style=\"color: #666666;\">Partit\u00fara Irodalomtudom\u00e1nyi foly\u00f3irat, Volume IV. \u00a0, Issue 2, 2009, p. 41-52,\u00a0ISSN 1336-7307<\/span><\/p>\n<p><strong>DOI:\u00a0<\/strong>10.17846\/PA.2009.4.2.41-52<\/p>\n<p><a href=\"http:\/\/www.partitura.fss.ukf.sk\/wp-content\/uploads\/2009\/Partitura-2009-02-041-052.pdf\"><strong>Whole issue<\/strong><\/a><\/p>\n","protected":false},"excerpt":{"rendered":"<p>P\u00e9ter H. Nagy IN:\u00a0Partit\u00fara Irodalomtudom\u00e1nyi foly\u00f3irat, Volume IV. \u00a0, Issue 2, 2009, p. 41-52,\u00a0ISSN 1336-7307 [&hellip;]<\/p>\n","protected":false},"author":5,"featured_media":0,"parent":0,"menu_order":0,"comment_status":"closed","ping_status":"closed","template":"","meta":[],"_links":{"self":[{"href":"http:\/\/www.partitura.fss.ukf.sk\/index.php?rest_route=\/wp\/v2\/pages\/2042"}],"collection":[{"href":"http:\/\/www.partitura.fss.ukf.sk\/index.php?rest_route=\/wp\/v2\/pages"}],"about":[{"href":"http:\/\/www.partitura.fss.ukf.sk\/index.php?rest_route=\/wp\/v2\/types\/page"}],"author":[{"embeddable":true,"href":"http:\/\/www.partitura.fss.ukf.sk\/index.php?rest_route=\/wp\/v2\/users\/5"}],"replies":[{"embeddable":true,"href":"http:\/\/www.partitura.fss.ukf.sk\/index.php?rest_route=%2Fwp%2Fv2%2Fcomments&post=2042"}],"version-history":[{"count":2,"href":"http:\/\/www.partitura.fss.ukf.sk\/index.php?rest_route=\/wp\/v2\/pages\/2042\/revisions"}],"predecessor-version":[{"id":2111,"href":"http:\/\/www.partitura.fss.ukf.sk\/index.php?rest_route=\/wp\/v2\/pages\/2042\/revisions\/2111"}],"wp:attachment":[{"href":"http:\/\/www.partitura.fss.ukf.sk\/index.php?rest_route=%2Fwp%2Fv2%2Fmedia&parent=2042"}],"curies":[{"name":"wp","href":"https:\/\/api.w.org\/{rel}","templated":true}]}}