{"id":210,"date":"2015-07-03T10:46:55","date_gmt":"2015-07-03T10:46:55","guid":{"rendered":"http:\/\/www.partitura.fss.ukf.sk\/?page_id=210"},"modified":"2019-12-09T08:10:22","modified_gmt":"2019-12-09T08:10:22","slug":"a-rap-mint-retorikai-celu-nepkolteszet","status":"publish","type":"page","link":"http:\/\/www.partitura.fss.ukf.sk\/?page_id=210","title":{"rendered":"A rap mint retorikai c\u00e9l\u00fa n\u00e9pk\u00f6lt\u00e9szet"},"content":{"rendered":"<h3>Brent Wood<\/h3>\n<p><strong>IN:<\/strong>\u00a0Partit\u00fara Irodalomtudom\u00e1nyi foly\u00f3irat, IX. \u00e9vfolyam, 2. sz\u00e1m, 2014, 3-18. oldal, ISSN 1336-7307<\/p>\n<p><strong>DOI: <\/strong>10.17846\/PA.2014.9.2.3-18<\/p>\n<p><strong>Absztrakt<\/strong><\/p>\n<blockquote><p>A rapzene n\u00e9pszer\u0171s\u00e9ge sokf\u00e9le kritikai reakci\u00f3t v\u00e1ltott m\u00e1r ki, de mint k\u00f6lt\u00e9szet\u00a0igen\u00a0kev\u00e9s\u00a0figyelmet\u00a0kapott. Jelen\u00a0essz\u00e9 a rapnek\u00a0az\u00a0afroamerikai\u00a0n\u00e9pk\u00f6lt\u00e9szet\u00a0korai form\u00e1ival val\u00f3 kapcsolat\u00e1t t\u00e1rgyalja, valamint a retorika, a ritmus \u00e9s a r\u00edm azon konvencion\u00e1lis strukt\u00far\u00e1it elemzi, melyek keretei k\u00f6zt a rapm\u0171v\u00e9szek alkotnak.<\/p><\/blockquote>\n<p><a href=\"http:\/\/www.partitura.fss.ukf.sk\/wp-content\/uploads\/2015\/07\/2014_2_brent_wood.pdf\"><strong>Teljes sz\u00f6veg<\/strong><\/a><\/p>\n","protected":false},"excerpt":{"rendered":"<p>Brent Wood IN:\u00a0Partit\u00fara Irodalomtudom\u00e1nyi foly\u00f3irat, IX. \u00e9vfolyam, 2. sz\u00e1m, 2014, 3-18. oldal, ISSN 1336-7307 DOI: [&hellip;]<\/p>\n","protected":false},"author":1,"featured_media":0,"parent":0,"menu_order":0,"comment_status":"closed","ping_status":"open","template":"","meta":[],"_links":{"self":[{"href":"http:\/\/www.partitura.fss.ukf.sk\/index.php?rest_route=\/wp\/v2\/pages\/210"}],"collection":[{"href":"http:\/\/www.partitura.fss.ukf.sk\/index.php?rest_route=\/wp\/v2\/pages"}],"about":[{"href":"http:\/\/www.partitura.fss.ukf.sk\/index.php?rest_route=\/wp\/v2\/types\/page"}],"author":[{"embeddable":true,"href":"http:\/\/www.partitura.fss.ukf.sk\/index.php?rest_route=\/wp\/v2\/users\/1"}],"replies":[{"embeddable":true,"href":"http:\/\/www.partitura.fss.ukf.sk\/index.php?rest_route=%2Fwp%2Fv2%2Fcomments&post=210"}],"version-history":[{"count":10,"href":"http:\/\/www.partitura.fss.ukf.sk\/index.php?rest_route=\/wp\/v2\/pages\/210\/revisions"}],"predecessor-version":[{"id":1493,"href":"http:\/\/www.partitura.fss.ukf.sk\/index.php?rest_route=\/wp\/v2\/pages\/210\/revisions\/1493"}],"wp:attachment":[{"href":"http:\/\/www.partitura.fss.ukf.sk\/index.php?rest_route=%2Fwp%2Fv2%2Fmedia&parent=210"}],"curies":[{"name":"wp","href":"https:\/\/api.w.org\/{rel}","templated":true}]}}