{"id":2176,"date":"2010-06-27T09:14:16","date_gmt":"2010-06-27T09:14:16","guid":{"rendered":"http:\/\/www.partitura.fss.ukf.sk\/?page_id=2176"},"modified":"2019-12-09T08:10:22","modified_gmt":"2019-12-09T08:10:22","slug":"a-szlovakiai-magyar-irodalom-onprezetntacioja","status":"publish","type":"page","link":"http:\/\/www.partitura.fss.ukf.sk\/?page_id=2176","title":{"rendered":"A szlov\u00e1kiai magyar irodalom \u201e\u00f6nprezent\u00e1ci\u00f3ja\u201d"},"content":{"rendered":"<h3>N\u00e9meth Zolt\u00e1n<\/h3>\n<p><strong><span style=\"color: #666666;\">IN:\u00a0<\/span><\/strong><span style=\"color: #666666;\">Partit\u00fara Irodalomtudom\u00e1nyi foly\u00f3irat, \u00c9vfolyam: V. \u00a0, Sz\u00e1m 1, 2010, 97-104. oldal ,\u00a0ISSN 1336-7307<\/span><\/p>\n<p><strong>DOI:\u00a0<\/strong>10.17846\/PA.2010.5.1.97-104<\/p>\n<p><a href=\"http:\/\/www.partitura.fss.ukf.sk\/wp-content\/uploads\/2010\/partitura-2010-01-097-104.pdf\"><strong>Teljes sz\u00f6veg<\/strong><\/a><\/p>\n","protected":false},"excerpt":{"rendered":"<p>N\u00e9meth Zolt\u00e1n IN:\u00a0Partit\u00fara Irodalomtudom\u00e1nyi foly\u00f3irat, \u00c9vfolyam: V. \u00a0, Sz\u00e1m 1, 2010, 97-104. oldal ,\u00a0ISSN 1336-7307 [&hellip;]<\/p>\n","protected":false},"author":5,"featured_media":0,"parent":0,"menu_order":0,"comment_status":"closed","ping_status":"closed","template":"","meta":[],"_links":{"self":[{"href":"http:\/\/www.partitura.fss.ukf.sk\/index.php?rest_route=\/wp\/v2\/pages\/2176"}],"collection":[{"href":"http:\/\/www.partitura.fss.ukf.sk\/index.php?rest_route=\/wp\/v2\/pages"}],"about":[{"href":"http:\/\/www.partitura.fss.ukf.sk\/index.php?rest_route=\/wp\/v2\/types\/page"}],"author":[{"embeddable":true,"href":"http:\/\/www.partitura.fss.ukf.sk\/index.php?rest_route=\/wp\/v2\/users\/5"}],"replies":[{"embeddable":true,"href":"http:\/\/www.partitura.fss.ukf.sk\/index.php?rest_route=%2Fwp%2Fv2%2Fcomments&post=2176"}],"version-history":[{"count":2,"href":"http:\/\/www.partitura.fss.ukf.sk\/index.php?rest_route=\/wp\/v2\/pages\/2176\/revisions"}],"predecessor-version":[{"id":2182,"href":"http:\/\/www.partitura.fss.ukf.sk\/index.php?rest_route=\/wp\/v2\/pages\/2176\/revisions\/2182"}],"wp:attachment":[{"href":"http:\/\/www.partitura.fss.ukf.sk\/index.php?rest_route=%2Fwp%2Fv2%2Fmedia&parent=2176"}],"curies":[{"name":"wp","href":"https:\/\/api.w.org\/{rel}","templated":true}]}}