{"id":22,"date":"2014-09-22T07:27:35","date_gmt":"2014-09-22T07:27:35","guid":{"rendered":"http:\/\/www.partitura.fss.ukf.sk\/?page_id=22"},"modified":"2021-04-07T11:25:09","modified_gmt":"2021-04-07T11:25:09","slug":"editorial-board","status":"publish","type":"page","link":"http:\/\/www.partitura.fss.ukf.sk\/?page_id=22","title":{"rendered":"A SZERKESZT\u0150S\u00c9G TAGJAI"},"content":{"rendered":"<p><strong>F\u0151szerkeszt\u0151<\/strong>:<\/p>\n<p>Benyovszky Kriszti\u00e1n (Nyitrai Konstantin Filoz\u00f3fus Egyetem, Szlov\u00e1kia)<\/p>\n<p><strong>Felel\u0151s szerkeszt\u0151k<\/strong>:<\/p>\n<ul>\n<li>B\u00e1rczi Zs\u00f3fia  (Nyitrai Konstantin Filoz\u00f3fus Egyetem, Szlov\u00e1kia)<\/li>\n<li>Petres Csizmadia Gabriella (Nyitrai Konstantin Filoz\u00f3fus Egyetem, Szlov\u00e1kia)<\/li>\n<li>N. T\u00f3th Anik\u00f3 (Nyitrai Konstantin Filoz\u00f3fus Egyetem, Szlov\u00e1kia)<\/li>\n<\/ul>\n<p><strong>Szerkeszt\u0151bizotts\u00e1g: <\/strong><\/p>\n<ul>\n<li>B\u00e9nyei Tam\u00e1s (Debreceni Egyetem, Magyarorsz\u00e1g)<\/li>\n<li>Cs\u00e1nyi Erzs\u00e9bet (\u00dajvid\u00e9ki Egyetem, Szerbia)<\/li>\n<li>Csehy Zolt\u00e1n (Pozsonyi Comenius Egyetem, Szlov\u00e1kia),<\/li>\n<li>Tuomo Lahdelma (Jyv\u00e4skyl\u00e4i Egyetem, Finnorsz\u00e1g),<\/li>\n<li>M\u00e9sz\u00e1ros Andr\u00e1s (Pozsonyi Comenius Egyetem, Szlov\u00e1kia),<\/li>\n<li>N\u00e9meth Zolt\u00e1n (Nyitrai Konstantin Filoz\u00f3fus Egyetem, Szlov\u00e1kia)<\/li>\n<li>Polg\u00e1r Anik\u00f3 (Pozsonyi Comenius Egyetem, Szlov\u00e1kia)<\/li>\n<li>S\u00e1nta Szil\u00e1rd (Selye J\u00e1nos Egyetem, Kom\u00e1rom, Szlov\u00e1kia)<\/li>\n<li>Thomka Be\u00e1ta (P\u00e9csi Tudom\u00e1nyegyetem, Magyarorsz\u00e1g)<\/li>\n<li>T\u00f6tt\u00f6ssy Beatrice (Firenzei Egyetem, Olaszorsz\u00e1g)<\/li>\n<li>L. Varga P\u00e9ter (E\u00f6tv\u00f6s Lor\u00e1nd Tudom\u00e1nyegyetem, Budapest, Magyarorsz\u00e1g)<\/li>\n<\/ul>\n","protected":false},"excerpt":{"rendered":"<p>F\u0151szerkeszt\u0151: Benyovszky Kriszti\u00e1n (Nyitrai Konstantin Filoz\u00f3fus Egyetem, Szlov\u00e1kia) Felel\u0151s szerkeszt\u0151k: B\u00e1rczi Zs\u00f3fia (Nyitrai Konstantin Filoz\u00f3fus [&hellip;]<\/p>\n","protected":false},"author":1,"featured_media":0,"parent":0,"menu_order":0,"comment_status":"closed","ping_status":"open","template":"","meta":[],"_links":{"self":[{"href":"http:\/\/www.partitura.fss.ukf.sk\/index.php?rest_route=\/wp\/v2\/pages\/22"}],"collection":[{"href":"http:\/\/www.partitura.fss.ukf.sk\/index.php?rest_route=\/wp\/v2\/pages"}],"about":[{"href":"http:\/\/www.partitura.fss.ukf.sk\/index.php?rest_route=\/wp\/v2\/types\/page"}],"author":[{"embeddable":true,"href":"http:\/\/www.partitura.fss.ukf.sk\/index.php?rest_route=\/wp\/v2\/users\/1"}],"replies":[{"embeddable":true,"href":"http:\/\/www.partitura.fss.ukf.sk\/index.php?rest_route=%2Fwp%2Fv2%2Fcomments&post=22"}],"version-history":[{"count":12,"href":"http:\/\/www.partitura.fss.ukf.sk\/index.php?rest_route=\/wp\/v2\/pages\/22\/revisions"}],"predecessor-version":[{"id":3275,"href":"http:\/\/www.partitura.fss.ukf.sk\/index.php?rest_route=\/wp\/v2\/pages\/22\/revisions\/3275"}],"wp:attachment":[{"href":"http:\/\/www.partitura.fss.ukf.sk\/index.php?rest_route=%2Fwp%2Fv2%2Fmedia&parent=22"}],"curies":[{"name":"wp","href":"https:\/\/api.w.org\/{rel}","templated":true}]}}