{"id":2201,"date":"2010-06-27T09:28:52","date_gmt":"2010-06-27T09:28:52","guid":{"rendered":"http:\/\/www.partitura.fss.ukf.sk\/?page_id=2201"},"modified":"2019-12-09T08:10:35","modified_gmt":"2019-12-09T08:10:35","slug":"tudomanyos-es-muveszeti-metaforak-thomas-pynchon-a-49-es-tetel-kikialtasa-cimu-regenyeben-2","status":"publish","type":"page","link":"http:\/\/www.partitura.fss.ukf.sk\/?page_id=2201","title":{"rendered":"Tudom\u00e1nyos \u00e9s m\u0171v\u00e9szeti metafor\u00e1k Thomas Pynchon <em>A 49-es t\u00e9tel kiki\u00e1lt\u00e1sa<\/em> c\u00edm\u0171 reg\u00e9ny\u00e9ben"},"content":{"rendered":"<h3>Barnab\u00e1s Szil\u00e1gyi<\/h3>\n<p><strong><span style=\"color: #666666;\">IN:\u00a0<\/span><\/strong><span style=\"color: #666666;\">Partit\u00fara Irodalomtudom\u00e1nyi foly\u00f3irat, Volume V. \u00a0, Issue 1, 2010, p. 127-149,\u00a0ISSN 1336-7307<\/span><\/p>\n<p><strong>DOI:\u00a0<\/strong>10.17846\/PA.2010.5.1.127-149<\/p>\n<p><a href=\"http:\/\/www.partitura.fss.ukf.sk\/wp-content\/uploads\/2010\/partitura-2010-01-127-149.pdf\"><strong>Whole issue<\/strong><\/a><\/p>\n","protected":false},"excerpt":{"rendered":"<p>Barnab\u00e1s Szil\u00e1gyi IN:\u00a0Partit\u00fara Irodalomtudom\u00e1nyi foly\u00f3irat, Volume V. \u00a0, Issue 1, 2010, p. 127-149,\u00a0ISSN 1336-7307 DOI:\u00a010.17846\/PA.2010.5.1.127-149 [&hellip;]<\/p>\n","protected":false},"author":5,"featured_media":0,"parent":0,"menu_order":0,"comment_status":"closed","ping_status":"closed","template":"","meta":[],"_links":{"self":[{"href":"http:\/\/www.partitura.fss.ukf.sk\/index.php?rest_route=\/wp\/v2\/pages\/2201"}],"collection":[{"href":"http:\/\/www.partitura.fss.ukf.sk\/index.php?rest_route=\/wp\/v2\/pages"}],"about":[{"href":"http:\/\/www.partitura.fss.ukf.sk\/index.php?rest_route=\/wp\/v2\/types\/page"}],"author":[{"embeddable":true,"href":"http:\/\/www.partitura.fss.ukf.sk\/index.php?rest_route=\/wp\/v2\/users\/5"}],"replies":[{"embeddable":true,"href":"http:\/\/www.partitura.fss.ukf.sk\/index.php?rest_route=%2Fwp%2Fv2%2Fcomments&post=2201"}],"version-history":[{"count":1,"href":"http:\/\/www.partitura.fss.ukf.sk\/index.php?rest_route=\/wp\/v2\/pages\/2201\/revisions"}],"predecessor-version":[{"id":2202,"href":"http:\/\/www.partitura.fss.ukf.sk\/index.php?rest_route=\/wp\/v2\/pages\/2201\/revisions\/2202"}],"wp:attachment":[{"href":"http:\/\/www.partitura.fss.ukf.sk\/index.php?rest_route=%2Fwp%2Fv2%2Fmedia&parent=2201"}],"curies":[{"name":"wp","href":"https:\/\/api.w.org\/{rel}","templated":true}]}}