{"id":2237,"date":"2010-06-27T10:14:50","date_gmt":"2010-06-27T10:14:50","guid":{"rendered":"http:\/\/www.partitura.fss.ukf.sk\/?page_id=2237"},"modified":"2019-12-09T08:10:18","modified_gmt":"2019-12-09T08:10:18","slug":"akasztofainkat-csiklandozzuk-kozelitesek-kudlak-lajos-kolteszetehez","status":"publish","type":"page","link":"http:\/\/www.partitura.fss.ukf.sk\/?page_id=2237","title":{"rendered":"\u201eAkaszt\u00f3f\u00e1inkat csiklandozzuk.\u201d K\u00f6zel\u00edt\u00e9sek Kudl\u00e1k Lajos k\u00f6lt\u00e9szet\u00e9hez"},"content":{"rendered":"<h3>Csehy Zolt\u00e1n<\/h3>\n<p><strong><span style=\"color: #666666;\">IN:\u00a0<\/span><\/strong><span style=\"color: #666666;\">Partit\u00fara Irodalomtudom\u00e1nyi foly\u00f3irat, \u00c9vfolyam: V. \u00a0, Sz\u00e1m 2, 2010, 81-95. oldal ,\u00a0ISSN 1336-7307<\/span><\/p>\n<p><strong>DOI:\u00a0<\/strong>10.17846\/PA.2010.5.2.81-95<\/p>\n<p><a href=\"http:\/\/www.partitura.fss.ukf.sk\/wp-content\/uploads\/2010\/partitura-2010-02-081-095.pdf\"><strong>Teljes sz\u00f6veg<\/strong><\/a><\/p>\n","protected":false},"excerpt":{"rendered":"<p>Csehy Zolt\u00e1n IN:\u00a0Partit\u00fara Irodalomtudom\u00e1nyi foly\u00f3irat, \u00c9vfolyam: V. \u00a0, Sz\u00e1m 2, 2010, 81-95. oldal ,\u00a0ISSN 1336-7307 [&hellip;]<\/p>\n","protected":false},"author":5,"featured_media":0,"parent":0,"menu_order":0,"comment_status":"closed","ping_status":"closed","template":"","meta":[],"_links":{"self":[{"href":"http:\/\/www.partitura.fss.ukf.sk\/index.php?rest_route=\/wp\/v2\/pages\/2237"}],"collection":[{"href":"http:\/\/www.partitura.fss.ukf.sk\/index.php?rest_route=\/wp\/v2\/pages"}],"about":[{"href":"http:\/\/www.partitura.fss.ukf.sk\/index.php?rest_route=\/wp\/v2\/types\/page"}],"author":[{"embeddable":true,"href":"http:\/\/www.partitura.fss.ukf.sk\/index.php?rest_route=\/wp\/v2\/users\/5"}],"replies":[{"embeddable":true,"href":"http:\/\/www.partitura.fss.ukf.sk\/index.php?rest_route=%2Fwp%2Fv2%2Fcomments&post=2237"}],"version-history":[{"count":1,"href":"http:\/\/www.partitura.fss.ukf.sk\/index.php?rest_route=\/wp\/v2\/pages\/2237\/revisions"}],"predecessor-version":[{"id":2238,"href":"http:\/\/www.partitura.fss.ukf.sk\/index.php?rest_route=\/wp\/v2\/pages\/2237\/revisions\/2238"}],"wp:attachment":[{"href":"http:\/\/www.partitura.fss.ukf.sk\/index.php?rest_route=%2Fwp%2Fv2%2Fmedia&parent=2237"}],"curies":[{"name":"wp","href":"https:\/\/api.w.org\/{rel}","templated":true}]}}