{"id":2245,"date":"2010-06-27T10:20:03","date_gmt":"2010-06-27T10:20:03","guid":{"rendered":"http:\/\/www.partitura.fss.ukf.sk\/?page_id=2245"},"modified":"2019-12-09T08:10:28","modified_gmt":"2019-12-09T08:10:28","slug":"hernadparti-odysseus-egy-urr-ida-vers-anatomiaja-2","status":"publish","type":"page","link":"http:\/\/www.partitura.fss.ukf.sk\/?page_id=2245","title":{"rendered":"Hern\u00e1dparti Odysseus. Egy Urr Ida-vers anat\u00f3mi\u00e1ja"},"content":{"rendered":"<h3>Anik\u00f3 Polg\u00e1r<\/h3>\n<p><strong><span style=\"color: #666666;\">IN:\u00a0<\/span><\/strong><span style=\"color: #666666;\">Partit\u00fara Irodalomtudom\u00e1nyi foly\u00f3irat,Volume V. \u00a0, Issue 2, 2010, p. 97-102,\u00a0ISSN 1336-7307<\/span><\/p>\n<p><strong>DOI:\u00a0<\/strong>10.17846\/PA.2010.5.2.97-102<\/p>\n<p><a href=\"http:\/\/www.partitura.fss.ukf.sk\/wp-content\/uploads\/2010\/partitura-2010-02-097-102.pdf\"><strong>Whole issue<\/strong><\/a><\/p>\n","protected":false},"excerpt":{"rendered":"<p>Anik\u00f3 Polg\u00e1r IN:\u00a0Partit\u00fara Irodalomtudom\u00e1nyi foly\u00f3irat,Volume V. \u00a0, Issue 2, 2010, p. 97-102,\u00a0ISSN 1336-7307 DOI:\u00a010.17846\/PA.2010.5.2.97-102 Whole [&hellip;]<\/p>\n","protected":false},"author":5,"featured_media":0,"parent":0,"menu_order":0,"comment_status":"closed","ping_status":"closed","template":"","meta":[],"_links":{"self":[{"href":"http:\/\/www.partitura.fss.ukf.sk\/index.php?rest_route=\/wp\/v2\/pages\/2245"}],"collection":[{"href":"http:\/\/www.partitura.fss.ukf.sk\/index.php?rest_route=\/wp\/v2\/pages"}],"about":[{"href":"http:\/\/www.partitura.fss.ukf.sk\/index.php?rest_route=\/wp\/v2\/types\/page"}],"author":[{"embeddable":true,"href":"http:\/\/www.partitura.fss.ukf.sk\/index.php?rest_route=\/wp\/v2\/users\/5"}],"replies":[{"embeddable":true,"href":"http:\/\/www.partitura.fss.ukf.sk\/index.php?rest_route=%2Fwp%2Fv2%2Fcomments&post=2245"}],"version-history":[{"count":1,"href":"http:\/\/www.partitura.fss.ukf.sk\/index.php?rest_route=\/wp\/v2\/pages\/2245\/revisions"}],"predecessor-version":[{"id":2246,"href":"http:\/\/www.partitura.fss.ukf.sk\/index.php?rest_route=\/wp\/v2\/pages\/2245\/revisions\/2246"}],"wp:attachment":[{"href":"http:\/\/www.partitura.fss.ukf.sk\/index.php?rest_route=%2Fwp%2Fv2%2Fmedia&parent=2245"}],"curies":[{"name":"wp","href":"https:\/\/api.w.org\/{rel}","templated":true}]}}