{"id":2267,"date":"2010-06-27T10:35:09","date_gmt":"2010-06-27T10:35:09","guid":{"rendered":"http:\/\/www.partitura.fss.ukf.sk\/?page_id=2267"},"modified":"2019-12-09T08:10:19","modified_gmt":"2019-12-09T08:10:19","slug":"kezdj-nyomozni-ha-tetszik-milyen-ugyben-es-hagyd-a-detektivromantikat-nyomozas-epiteszet-es-dekonstrukcio-tandori-dezso-nem-szeretnem-ha-faznal-es-ver-es-v","status":"publish","type":"page","link":"http:\/\/www.partitura.fss.ukf.sk\/?page_id=2267","title":{"rendered":"\u201eKezdj nyomozni, ha tetszik \u2013 milyen \u00fcgyben? \u2013, \u00e9s hagyd a detekt\u00edvromantik\u00e1t.\u201d Nyomoz\u00e1s, \u00e9p\u00edt\u00e9szet \u00e9s dekonstrukci\u00f3 Tandori Dezs\u0151 <em>Nem szeretn\u00e9m, ha f\u00e1zn\u00e1l!<\/em> \u00e9s <em>V\u00e9r \u00e9s vir\u00e1ghab<\/em> c. reg\u00e9nyeiben"},"content":{"rendered":"<h3>D\u00f6m\u00f6t\u00f6r Edit<\/h3>\n<p><strong><span style=\"color: #666666;\">IN:\u00a0<\/span><\/strong><span style=\"color: #666666;\">Partit\u00fara Irodalomtudom\u00e1nyi foly\u00f3irat, \u00c9vfolyam: V. \u00a0, Sz\u00e1m 2, 2010, 131-150. oldal ,\u00a0ISSN 1336-7307<\/span><\/p>\n<p><strong>DOI:\u00a0<\/strong>10.17846\/PA.2010.5.2.131-150<\/p>\n<p><a href=\"http:\/\/www.partitura.fss.ukf.sk\/wp-content\/uploads\/2010\/partitura-2010-02-131-150.pdf\"><strong>Teljes sz\u00f6veg<\/strong><\/a><\/p>\n","protected":false},"excerpt":{"rendered":"<p>D\u00f6m\u00f6t\u00f6r Edit IN:\u00a0Partit\u00fara Irodalomtudom\u00e1nyi foly\u00f3irat, \u00c9vfolyam: V. \u00a0, Sz\u00e1m 2, 2010, 131-150. oldal ,\u00a0ISSN 1336-7307 [&hellip;]<\/p>\n","protected":false},"author":5,"featured_media":0,"parent":0,"menu_order":0,"comment_status":"closed","ping_status":"closed","template":"","meta":[],"_links":{"self":[{"href":"http:\/\/www.partitura.fss.ukf.sk\/index.php?rest_route=\/wp\/v2\/pages\/2267"}],"collection":[{"href":"http:\/\/www.partitura.fss.ukf.sk\/index.php?rest_route=\/wp\/v2\/pages"}],"about":[{"href":"http:\/\/www.partitura.fss.ukf.sk\/index.php?rest_route=\/wp\/v2\/types\/page"}],"author":[{"embeddable":true,"href":"http:\/\/www.partitura.fss.ukf.sk\/index.php?rest_route=\/wp\/v2\/users\/5"}],"replies":[{"embeddable":true,"href":"http:\/\/www.partitura.fss.ukf.sk\/index.php?rest_route=%2Fwp%2Fv2%2Fcomments&post=2267"}],"version-history":[{"count":1,"href":"http:\/\/www.partitura.fss.ukf.sk\/index.php?rest_route=\/wp\/v2\/pages\/2267\/revisions"}],"predecessor-version":[{"id":2268,"href":"http:\/\/www.partitura.fss.ukf.sk\/index.php?rest_route=\/wp\/v2\/pages\/2267\/revisions\/2268"}],"wp:attachment":[{"href":"http:\/\/www.partitura.fss.ukf.sk\/index.php?rest_route=%2Fwp%2Fv2%2Fmedia&parent=2267"}],"curies":[{"name":"wp","href":"https:\/\/api.w.org\/{rel}","templated":true}]}}