{"id":2297,"date":"2010-06-27T11:44:11","date_gmt":"2010-06-27T11:44:11","guid":{"rendered":"http:\/\/www.partitura.fss.ukf.sk\/?page_id=2297"},"modified":"2019-12-09T08:10:22","modified_gmt":"2019-12-09T08:10:22","slug":"a-nyelv-erintese-nev-metatezis-metasztazis-metalepszis-marcel-proust-a-la-recherche-du-temps-perdu-cimu-muveben-2","status":"publish","type":"page","link":"http:\/\/www.partitura.fss.ukf.sk\/?page_id=2297","title":{"rendered":"A nyelv \u00e9rint\u00e9se \u2013 n\u00e9v (metat\u00e9zis, metaszt\u00e1zis, metalepszis) Marcel Proust <em>\u00c0 la recherche du temps perdu<\/em> c\u00edm\u0171 m\u0171v\u00e9ben"},"content":{"rendered":"<h3>Tibor B\u00f3nus<\/h3>\n<p><strong><span style=\"color: #666666;\">IN:\u00a0<\/span><\/strong><span style=\"color: #666666;\">Partit\u00fara Irodalomtudom\u00e1nyi foly\u00f3irat, Volume V. \u00a0, Issue 3, 2010, p. 3-62,\u00a0ISSN 1336-7307<\/span><\/p>\n<p><strong>DOI:\u00a0<\/strong>10.17846\/PA.2010.5.3.3-62<\/p>\n<p><a href=\"http:\/\/www.partitura.fss.ukf.sk\/wp-content\/uploads\/2010\/Partitura-2010-03-003-062.pdf\"><strong>Whole issue<\/strong><\/a><\/p>\n","protected":false},"excerpt":{"rendered":"<p>Tibor B\u00f3nus IN:\u00a0Partit\u00fara Irodalomtudom\u00e1nyi foly\u00f3irat, Volume V. \u00a0, Issue 3, 2010, p. 3-62,\u00a0ISSN 1336-7307 DOI:\u00a010.17846\/PA.2010.5.3.3-62 [&hellip;]<\/p>\n","protected":false},"author":5,"featured_media":0,"parent":0,"menu_order":0,"comment_status":"closed","ping_status":"closed","template":"","meta":[],"_links":{"self":[{"href":"http:\/\/www.partitura.fss.ukf.sk\/index.php?rest_route=\/wp\/v2\/pages\/2297"}],"collection":[{"href":"http:\/\/www.partitura.fss.ukf.sk\/index.php?rest_route=\/wp\/v2\/pages"}],"about":[{"href":"http:\/\/www.partitura.fss.ukf.sk\/index.php?rest_route=\/wp\/v2\/types\/page"}],"author":[{"embeddable":true,"href":"http:\/\/www.partitura.fss.ukf.sk\/index.php?rest_route=\/wp\/v2\/users\/5"}],"replies":[{"embeddable":true,"href":"http:\/\/www.partitura.fss.ukf.sk\/index.php?rest_route=%2Fwp%2Fv2%2Fcomments&post=2297"}],"version-history":[{"count":3,"href":"http:\/\/www.partitura.fss.ukf.sk\/index.php?rest_route=\/wp\/v2\/pages\/2297\/revisions"}],"predecessor-version":[{"id":2305,"href":"http:\/\/www.partitura.fss.ukf.sk\/index.php?rest_route=\/wp\/v2\/pages\/2297\/revisions\/2305"}],"wp:attachment":[{"href":"http:\/\/www.partitura.fss.ukf.sk\/index.php?rest_route=%2Fwp%2Fv2%2Fmedia&parent=2297"}],"curies":[{"name":"wp","href":"https:\/\/api.w.org\/{rel}","templated":true}]}}