{"id":2306,"date":"2010-06-27T11:48:00","date_gmt":"2010-06-27T11:48:00","guid":{"rendered":"http:\/\/www.partitura.fss.ukf.sk\/?page_id=2306"},"modified":"2019-12-09T08:10:29","modified_gmt":"2019-12-09T08:10:29","slug":"jean-paul-sartre-az-irodalom-kararol-es-hasznarol-az-undor-mint-filozofiai-fikcio","status":"publish","type":"page","link":"http:\/\/www.partitura.fss.ukf.sk\/?page_id=2306","title":{"rendered":"Jean-Paul Sartre az irodalom k\u00e1r\u00e1r\u00f3l \u00e9s haszn\u00e1r\u00f3l. <em>Az undor<\/em> mint filoz\u00f3fiai fikci\u00f3"},"content":{"rendered":"<h3>Z. Varga Zolt\u00e1n<\/h3>\n<p><strong><span style=\"color: #666666;\">IN:\u00a0<\/span><\/strong><span style=\"color: #666666;\">Partit\u00fara Irodalomtudom\u00e1nyi foly\u00f3irat, \u00c9vfolyam: V. \u00a0, Sz\u00e1m 3, 2010, 63-68. oldal ,\u00a0ISSN 1336-7307<\/span><\/p>\n<p><strong>DOI:\u00a0<\/strong>10.17846\/PA.2010.5.3.63-68<\/p>\n<p><a href=\"http:\/\/www.partitura.fss.ukf.sk\/wp-content\/uploads\/2010\/Partitura-2010-03-063-068.pdf\"><strong>Teljes sz\u00f6veg<\/strong><\/a><\/p>\n","protected":false},"excerpt":{"rendered":"<p>Z. Varga Zolt\u00e1n IN:\u00a0Partit\u00fara Irodalomtudom\u00e1nyi foly\u00f3irat, \u00c9vfolyam: V. \u00a0, Sz\u00e1m 3, 2010, 63-68. oldal ,\u00a0ISSN [&hellip;]<\/p>\n","protected":false},"author":5,"featured_media":0,"parent":0,"menu_order":0,"comment_status":"closed","ping_status":"closed","template":"","meta":[],"_links":{"self":[{"href":"http:\/\/www.partitura.fss.ukf.sk\/index.php?rest_route=\/wp\/v2\/pages\/2306"}],"collection":[{"href":"http:\/\/www.partitura.fss.ukf.sk\/index.php?rest_route=\/wp\/v2\/pages"}],"about":[{"href":"http:\/\/www.partitura.fss.ukf.sk\/index.php?rest_route=\/wp\/v2\/types\/page"}],"author":[{"embeddable":true,"href":"http:\/\/www.partitura.fss.ukf.sk\/index.php?rest_route=\/wp\/v2\/users\/5"}],"replies":[{"embeddable":true,"href":"http:\/\/www.partitura.fss.ukf.sk\/index.php?rest_route=%2Fwp%2Fv2%2Fcomments&post=2306"}],"version-history":[{"count":1,"href":"http:\/\/www.partitura.fss.ukf.sk\/index.php?rest_route=\/wp\/v2\/pages\/2306\/revisions"}],"predecessor-version":[{"id":2307,"href":"http:\/\/www.partitura.fss.ukf.sk\/index.php?rest_route=\/wp\/v2\/pages\/2306\/revisions\/2307"}],"wp:attachment":[{"href":"http:\/\/www.partitura.fss.ukf.sk\/index.php?rest_route=%2Fwp%2Fv2%2Fmedia&parent=2306"}],"curies":[{"name":"wp","href":"https:\/\/api.w.org\/{rel}","templated":true}]}}