{"id":231,"date":"2015-07-03T11:23:35","date_gmt":"2015-07-03T11:23:35","guid":{"rendered":"http:\/\/www.partitura.fss.ukf.sk\/?page_id=231"},"modified":"2019-12-09T08:10:30","modified_gmt":"2019-12-09T08:10:30","slug":"krasznahorkai-laszlo-muveinek-vilaga","status":"publish","type":"page","link":"http:\/\/www.partitura.fss.ukf.sk\/?page_id=231","title":{"rendered":"Krasznahorkai L\u00e1szl\u00f3 m\u0171veinek vil\u00e1ga"},"content":{"rendered":"<h3>R\u00e1cz Bogl\u00e1rka<\/h3>\n<p><strong>IN:<\/strong>\u00a0Partit\u00fara Irodalomtudom\u00e1nyi foly\u00f3irat, IX. \u00e9vfolyam, 2. sz\u00e1m, 2014, 93-120. oldal, ISSN 1336-7307<\/p>\n<p><strong>DOI:\u00a0<\/strong>10.17846\/PA.2014.9.2.93-120<\/p>\n<p><strong>Absztrakt<\/strong><\/p>\n<blockquote><p>Krasznahorkai l\u00e1szl\u00f3 pr\u00f3zavil\u00e1g\u00e1t \u00e1ltal\u00e1ban a tragikus l\u00e1t\u00e1sm\u00f3d, az egyetemes pusztul\u00e1s illetve ebb\u0151l ad\u00f3d\u00f3an a transzcendenci\u00e1t\u00f3l val\u00f3 elv\u00e1lasztotts\u00e1g fel\u0151l k\u00f6zel\u00edti meg a kort\u00e1rs kritika. a tanulm\u00e1ny c\u00e9lja Krasznahorkai m\u0171veinek a vizsg\u00e1lata olyan szempontrendszerek alapj\u00e1n, amelyek lehet\u0151s\u00e9get biztos\u00edtanak a p\u00e1lyak\u00e9p komplexebb bemutat\u00e1s\u00e1ra. a tanulm\u00e1ny olyan t\u00e9mak\u00f6r\u00f6ket \u00e9rint, mint \u00a0amilyen az utaz\u00e1s mot\u00edvuma, a t\u00e1vol-keleti toposzok jelenl\u00e9te, a\u00a0transzcendencia hi\u00e1nya illetve a\u00a0labirintusok \u00a0szerepe. l\u00e9nyeges kiemelni tov\u00e1bb\u00e1 a labirintusok mot\u00edvuma kapcs\u00e1n felvetett borgesi p\u00e1rhuzamot, amely egy \u00fajszer\u0171 megk\u00f6zel\u00edt\u00e9st k\u00edn\u00e1l a H\u00e1bor\u00fa \u00e9s h\u00e1bor\u00fa c\u00edm\u0171 reg\u00e9ny elemz\u00e9s\u00e9t illet\u0151en.<\/p><\/blockquote>\n<p><a href=\"http:\/\/www.partitura.fss.ukf.sk\/wp-content\/uploads\/2015\/07\/2014_2_racz_boglarka.pdf\"><strong>Teljes sz\u00f6veg<\/strong><\/a><\/p>\n","protected":false},"excerpt":{"rendered":"<p>R\u00e1cz Bogl\u00e1rka IN:\u00a0Partit\u00fara Irodalomtudom\u00e1nyi foly\u00f3irat, IX. \u00e9vfolyam, 2. sz\u00e1m, 2014, 93-120. oldal, ISSN 1336-7307 DOI:\u00a010.17846\/PA.2014.9.2.93-120 [&hellip;]<\/p>\n","protected":false},"author":1,"featured_media":0,"parent":0,"menu_order":0,"comment_status":"closed","ping_status":"open","template":"","meta":[],"_links":{"self":[{"href":"http:\/\/www.partitura.fss.ukf.sk\/index.php?rest_route=\/wp\/v2\/pages\/231"}],"collection":[{"href":"http:\/\/www.partitura.fss.ukf.sk\/index.php?rest_route=\/wp\/v2\/pages"}],"about":[{"href":"http:\/\/www.partitura.fss.ukf.sk\/index.php?rest_route=\/wp\/v2\/types\/page"}],"author":[{"embeddable":true,"href":"http:\/\/www.partitura.fss.ukf.sk\/index.php?rest_route=\/wp\/v2\/users\/1"}],"replies":[{"embeddable":true,"href":"http:\/\/www.partitura.fss.ukf.sk\/index.php?rest_route=%2Fwp%2Fv2%2Fcomments&post=231"}],"version-history":[{"count":4,"href":"http:\/\/www.partitura.fss.ukf.sk\/index.php?rest_route=\/wp\/v2\/pages\/231\/revisions"}],"predecessor-version":[{"id":489,"href":"http:\/\/www.partitura.fss.ukf.sk\/index.php?rest_route=\/wp\/v2\/pages\/231\/revisions\/489"}],"wp:attachment":[{"href":"http:\/\/www.partitura.fss.ukf.sk\/index.php?rest_route=%2Fwp%2Fv2%2Fmedia&parent=231"}],"curies":[{"name":"wp","href":"https:\/\/api.w.org\/{rel}","templated":true}]}}