{"id":2320,"date":"2010-06-27T12:00:40","date_gmt":"2010-06-27T12:00:40","guid":{"rendered":"http:\/\/www.partitura.fss.ukf.sk\/?page_id=2320"},"modified":"2019-12-09T08:10:28","modified_gmt":"2019-12-09T08:10:28","slug":"gardonyi-geza-az-en-falum-cimu-muvenek-elemzese-kulonos-tekintettel-a-mico-cimu-novellara-2","status":"publish","type":"page","link":"http:\/\/www.partitura.fss.ukf.sk\/?page_id=2320","title":{"rendered":"G\u00e1rdonyi G\u00e9za <em>Az \u00e9n falum<\/em> c\u00edm\u0171 m\u0171v\u00e9nek elemz\u00e9se, k\u00fcl\u00f6n\u00f6s tekintettel a <em>Mic\u00f3<\/em> c\u00edm\u0171 novell\u00e1ra"},"content":{"rendered":"<h3>Eszter Ondrej\u010d\u00e1k<\/h3>\n<p><strong><span style=\"color: #666666;\">IN:\u00a0<\/span><\/strong><span style=\"color: #666666;\">Partit\u00fara Irodalomtudom\u00e1nyi foly\u00f3irat, Volume V. \u00a0, Issue 3, 2010, p. 81-96,\u00a0ISSN 1336-7307<\/span><\/p>\n<p><strong>DOI:\u00a0<\/strong>10.17846\/PA.2010.5.3.81-96<\/p>\n<p><a href=\"http:\/\/www.partitura.fss.ukf.sk\/wp-content\/uploads\/2010\/Partitura-2010-03-081-096.pdf\"><strong>Whole issue<\/strong><\/a><\/p>\n","protected":false},"excerpt":{"rendered":"<p>Eszter Ondrej\u010d\u00e1k IN:\u00a0Partit\u00fara Irodalomtudom\u00e1nyi foly\u00f3irat, Volume V. \u00a0, Issue 3, 2010, p. 81-96,\u00a0ISSN 1336-7307 DOI:\u00a010.17846\/PA.2010.5.3.81-96 [&hellip;]<\/p>\n","protected":false},"author":5,"featured_media":0,"parent":0,"menu_order":0,"comment_status":"closed","ping_status":"closed","template":"","meta":[],"_links":{"self":[{"href":"http:\/\/www.partitura.fss.ukf.sk\/index.php?rest_route=\/wp\/v2\/pages\/2320"}],"collection":[{"href":"http:\/\/www.partitura.fss.ukf.sk\/index.php?rest_route=\/wp\/v2\/pages"}],"about":[{"href":"http:\/\/www.partitura.fss.ukf.sk\/index.php?rest_route=\/wp\/v2\/types\/page"}],"author":[{"embeddable":true,"href":"http:\/\/www.partitura.fss.ukf.sk\/index.php?rest_route=\/wp\/v2\/users\/5"}],"replies":[{"embeddable":true,"href":"http:\/\/www.partitura.fss.ukf.sk\/index.php?rest_route=%2Fwp%2Fv2%2Fcomments&post=2320"}],"version-history":[{"count":1,"href":"http:\/\/www.partitura.fss.ukf.sk\/index.php?rest_route=\/wp\/v2\/pages\/2320\/revisions"}],"predecessor-version":[{"id":2321,"href":"http:\/\/www.partitura.fss.ukf.sk\/index.php?rest_route=\/wp\/v2\/pages\/2320\/revisions\/2321"}],"wp:attachment":[{"href":"http:\/\/www.partitura.fss.ukf.sk\/index.php?rest_route=%2Fwp%2Fv2%2Fmedia&parent=2320"}],"curies":[{"name":"wp","href":"https:\/\/api.w.org\/{rel}","templated":true}]}}