{"id":2344,"date":"2010-06-27T12:17:35","date_gmt":"2010-06-27T12:17:35","guid":{"rendered":"http:\/\/www.partitura.fss.ukf.sk\/?page_id=2344"},"modified":"2023-04-25T07:29:30","modified_gmt":"2023-04-25T07:29:30","slug":"az-ertek-mint-valtozo","status":"publish","type":"page","link":"http:\/\/www.partitura.fss.ukf.sk\/?page_id=2344","title":{"rendered":"Az \u00e9rt\u00e9k mint v\u00e1ltoz\u00f3"},"content":{"rendered":"<h3>Polg\u00e1ri Anik\u00f3 \u2013 Csehy Bal\u00e1zs<\/h3>\n<p><strong><span style=\"color: #666666;\">IN:\u00a0<\/span><\/strong><span style=\"color: #666666;\">Partit\u00fara Irodalomtudom\u00e1nyi foly\u00f3irat, \u00c9vfolyam: V. \u00a0, Sz\u00e1m 3, 2010, 137-140. oldal ,\u00a0ISSN 1336-7307<\/span><\/p>\n<p><strong>DOI:\u00a0<\/strong>10.17846\/PA.2010.5.3.137-14<\/p>\n<p><a href=\"http:\/\/www.partitura.fss.ukf.sk\/wp-content\/uploads\/2010\/Partitura-2010-03-137-140.pdf\"><strong>Teljes sz\u00f6veg<\/strong><\/a><\/p>\n","protected":false},"excerpt":{"rendered":"<p>Polg\u00e1ri Anik\u00f3 \u2013 Csehy Bal\u00e1zs IN:\u00a0Partit\u00fara Irodalomtudom\u00e1nyi foly\u00f3irat, \u00c9vfolyam: V. \u00a0, Sz\u00e1m 3, 2010, 137-140. [&hellip;]<\/p>\n","protected":false},"author":5,"featured_media":0,"parent":0,"menu_order":0,"comment_status":"closed","ping_status":"closed","template":"","meta":[],"_links":{"self":[{"href":"http:\/\/www.partitura.fss.ukf.sk\/index.php?rest_route=\/wp\/v2\/pages\/2344"}],"collection":[{"href":"http:\/\/www.partitura.fss.ukf.sk\/index.php?rest_route=\/wp\/v2\/pages"}],"about":[{"href":"http:\/\/www.partitura.fss.ukf.sk\/index.php?rest_route=\/wp\/v2\/types\/page"}],"author":[{"embeddable":true,"href":"http:\/\/www.partitura.fss.ukf.sk\/index.php?rest_route=\/wp\/v2\/users\/5"}],"replies":[{"embeddable":true,"href":"http:\/\/www.partitura.fss.ukf.sk\/index.php?rest_route=%2Fwp%2Fv2%2Fcomments&post=2344"}],"version-history":[{"count":3,"href":"http:\/\/www.partitura.fss.ukf.sk\/index.php?rest_route=\/wp\/v2\/pages\/2344\/revisions"}],"predecessor-version":[{"id":2349,"href":"http:\/\/www.partitura.fss.ukf.sk\/index.php?rest_route=\/wp\/v2\/pages\/2344\/revisions\/2349"}],"wp:attachment":[{"href":"http:\/\/www.partitura.fss.ukf.sk\/index.php?rest_route=%2Fwp%2Fv2%2Fmedia&parent=2344"}],"curies":[{"name":"wp","href":"https:\/\/api.w.org\/{rel}","templated":true}]}}