{"id":2397,"date":"2011-07-01T19:47:13","date_gmt":"2011-07-01T19:47:13","guid":{"rendered":"http:\/\/www.partitura.fss.ukf.sk\/?page_id=2397"},"modified":"2019-12-09T08:10:36","modified_gmt":"2019-12-09T08:10:36","slug":"variaciok-noi-hangra-erdelyi-noi-szerzok-2004-es-2009-kozott-megjelent-koteteirol","status":"publish","type":"page","link":"http:\/\/www.partitura.fss.ukf.sk\/?page_id=2397","title":{"rendered":"Vari\u00e1ci\u00f3k n\u0151i hangra. Erd\u00e9lyi n\u0151i szerz\u0151k 2004 \u00e9s 2009 k\u00f6z\u00f6tt megjelent k\u00f6teteir\u0151l"},"content":{"rendered":"<h3>Pieldner Judit<\/h3>\n<p><strong><span style=\"color: #666666;\">IN:\u00a0<\/span><\/strong><span style=\"color: #666666;\">Partit\u00fara Irodalomtudom\u00e1nyi foly\u00f3irat, \u00c9vfolyam: VI. \u00a0, Sz\u00e1m 1, 2011, 103-135. oldal ,\u00a0ISSN 1336-7307<\/span><\/p>\n<p><strong>DOI:\u00a0<\/strong>10.17846\/PA.2011.6.1.103-135<\/p>\n<p><a href=\"http:\/\/www.partitura.fss.ukf.sk\/wp-content\/uploads\/2011\/Partitura-2011-01-103-135.pdf\"><strong>Teljes sz\u00f6veg<\/strong><\/a><\/p>\n","protected":false},"excerpt":{"rendered":"<p>Pieldner Judit IN:\u00a0Partit\u00fara Irodalomtudom\u00e1nyi foly\u00f3irat, \u00c9vfolyam: VI. \u00a0, Sz\u00e1m 1, 2011, 103-135. oldal ,\u00a0ISSN 1336-7307 [&hellip;]<\/p>\n","protected":false},"author":5,"featured_media":0,"parent":0,"menu_order":0,"comment_status":"closed","ping_status":"closed","template":"","meta":[],"_links":{"self":[{"href":"http:\/\/www.partitura.fss.ukf.sk\/index.php?rest_route=\/wp\/v2\/pages\/2397"}],"collection":[{"href":"http:\/\/www.partitura.fss.ukf.sk\/index.php?rest_route=\/wp\/v2\/pages"}],"about":[{"href":"http:\/\/www.partitura.fss.ukf.sk\/index.php?rest_route=\/wp\/v2\/types\/page"}],"author":[{"embeddable":true,"href":"http:\/\/www.partitura.fss.ukf.sk\/index.php?rest_route=\/wp\/v2\/users\/5"}],"replies":[{"embeddable":true,"href":"http:\/\/www.partitura.fss.ukf.sk\/index.php?rest_route=%2Fwp%2Fv2%2Fcomments&post=2397"}],"version-history":[{"count":1,"href":"http:\/\/www.partitura.fss.ukf.sk\/index.php?rest_route=\/wp\/v2\/pages\/2397\/revisions"}],"predecessor-version":[{"id":2398,"href":"http:\/\/www.partitura.fss.ukf.sk\/index.php?rest_route=\/wp\/v2\/pages\/2397\/revisions\/2398"}],"wp:attachment":[{"href":"http:\/\/www.partitura.fss.ukf.sk\/index.php?rest_route=%2Fwp%2Fv2%2Fmedia&parent=2397"}],"curies":[{"name":"wp","href":"https:\/\/api.w.org\/{rel}","templated":true}]}}