{"id":2409,"date":"2011-07-01T20:04:53","date_gmt":"2011-07-01T20:04:53","guid":{"rendered":"http:\/\/www.partitura.fss.ukf.sk\/?page_id=2409"},"modified":"2023-04-25T07:37:44","modified_gmt":"2023-04-25T07:37:44","slug":"vilagito-haromszog-es-halyog-a-megismeres-alakzatai-jokai-mor-a-lelekidomar-es-ambrus-zoltan-a-gyanu-c-muveben","status":"publish","type":"page","link":"http:\/\/www.partitura.fss.ukf.sk\/?page_id=2409","title":{"rendered":"Vil\u00e1g\u00edt\u00f3 h\u00e1romsz\u00f6g \u00e9s h\u00e1lyog. A megismer\u00e9s alakzatai J\u00f3kai M\u00f3r <em>A l\u00e9lekidom\u00e1r<\/em> \u00e9s Ambrus Zolt\u00e1n <em>A gyan\u00fa<\/em> c. m\u0171v\u00e9ben"},"content":{"rendered":"<h3>D\u00f6m\u00f6t\u00f6r Edit<\/h3>\n<p><strong><span style=\"color: #666666;\">IN:\u00a0<\/span><\/strong><span style=\"color: #666666;\">Partit\u00fara Irodalomtudom\u00e1nyi foly\u00f3irat, \u00c9vfolyam: VI. \u00a0, Sz\u00e1m 2, 2011, 3-16. oldal ,\u00a0ISSN 1336-7307<\/span><\/p>\n<p><strong>DOI:\u00a0<\/strong>10.17846\/PA.2011.6.2.3-16<\/p>\n<p><a href=\"http:\/\/www.partitura.fss.ukf.sk\/wp-content\/uploads\/2011\/Partitura-2011-02-003-016.pdf\"><strong>Teljes sz\u00f6veg<\/strong><\/a><\/p>\n","protected":false},"excerpt":{"rendered":"<p>D\u00f6m\u00f6t\u00f6r Edit IN:\u00a0Partit\u00fara Irodalomtudom\u00e1nyi foly\u00f3irat, \u00c9vfolyam: VI. \u00a0, Sz\u00e1m 2, 2011, 3-16. oldal ,\u00a0ISSN 1336-7307 [&hellip;]<\/p>\n","protected":false},"author":5,"featured_media":0,"parent":0,"menu_order":0,"comment_status":"closed","ping_status":"closed","template":"","meta":[],"_links":{"self":[{"href":"http:\/\/www.partitura.fss.ukf.sk\/index.php?rest_route=\/wp\/v2\/pages\/2409"}],"collection":[{"href":"http:\/\/www.partitura.fss.ukf.sk\/index.php?rest_route=\/wp\/v2\/pages"}],"about":[{"href":"http:\/\/www.partitura.fss.ukf.sk\/index.php?rest_route=\/wp\/v2\/types\/page"}],"author":[{"embeddable":true,"href":"http:\/\/www.partitura.fss.ukf.sk\/index.php?rest_route=\/wp\/v2\/users\/5"}],"replies":[{"embeddable":true,"href":"http:\/\/www.partitura.fss.ukf.sk\/index.php?rest_route=%2Fwp%2Fv2%2Fcomments&post=2409"}],"version-history":[{"count":3,"href":"http:\/\/www.partitura.fss.ukf.sk\/index.php?rest_route=\/wp\/v2\/pages\/2409\/revisions"}],"predecessor-version":[{"id":2418,"href":"http:\/\/www.partitura.fss.ukf.sk\/index.php?rest_route=\/wp\/v2\/pages\/2409\/revisions\/2418"}],"wp:attachment":[{"href":"http:\/\/www.partitura.fss.ukf.sk\/index.php?rest_route=%2Fwp%2Fv2%2Fmedia&parent=2409"}],"curies":[{"name":"wp","href":"https:\/\/api.w.org\/{rel}","templated":true}]}}