{"id":2419,"date":"2011-07-01T20:10:24","date_gmt":"2011-07-01T20:10:24","guid":{"rendered":"http:\/\/www.partitura.fss.ukf.sk\/?page_id=2419"},"modified":"2023-04-25T07:37:52","modified_gmt":"2023-04-25T07:37:52","slug":"noi-reprezentaciok-a-kortars-irodalmi-adaptaciokban-tarsadalmi-tekintet-csath-gezaanyagyilkossag-bodor-adam-a-reszleg-cimu-elbeszeleseiben-es-adaptacioikban","status":"publish","type":"page","link":"http:\/\/www.partitura.fss.ukf.sk\/?page_id=2419","title":{"rendered":"N\u0151i reprezent\u00e1ci\u00f3k a kort\u00e1rs irodalmi adapt\u00e1ci\u00f3kban. T\u00e1rsadalmi tekintet Cs\u00e1th G\u00e9za <em>Anyagyilkoss\u00e1g<\/em>, Bodor \u00c1d\u00e1m <em>A r\u00e9szleg<\/em> c\u00edm\u0171 elbesz\u00e9l\u00e9seiben \u00e9s adapt\u00e1ci\u00f3ikban"},"content":{"rendered":"<h3>Gy\u00f6re Bori<\/h3>\n<p><strong><span style=\"color: #666666;\">IN:\u00a0<\/span><\/strong><span style=\"color: #666666;\">Partit\u00fara Irodalomtudom\u00e1nyi foly\u00f3irat, \u00c9vfolyam: VI. \u00a0, Sz\u00e1m 2, 2011, 17-62. oldal ,\u00a0ISSN 1336-7307<\/span><\/p>\n<p><strong>DOI:\u00a0<\/strong>10.17846\/PA.2011.6.2.17-62<\/p>\n<p><a href=\"http:\/\/www.partitura.fss.ukf.sk\/wp-content\/uploads\/2011\/Partitura-2011-02-017-062.pdf\"><strong>Teljes sz\u00f6veg<\/strong><\/a><\/p>\n","protected":false},"excerpt":{"rendered":"<p>Gy\u00f6re Bori IN:\u00a0Partit\u00fara Irodalomtudom\u00e1nyi foly\u00f3irat, \u00c9vfolyam: VI. \u00a0, Sz\u00e1m 2, 2011, 17-62. oldal ,\u00a0ISSN 1336-7307 [&hellip;]<\/p>\n","protected":false},"author":5,"featured_media":0,"parent":0,"menu_order":0,"comment_status":"closed","ping_status":"closed","template":"","meta":[],"_links":{"self":[{"href":"http:\/\/www.partitura.fss.ukf.sk\/index.php?rest_route=\/wp\/v2\/pages\/2419"}],"collection":[{"href":"http:\/\/www.partitura.fss.ukf.sk\/index.php?rest_route=\/wp\/v2\/pages"}],"about":[{"href":"http:\/\/www.partitura.fss.ukf.sk\/index.php?rest_route=\/wp\/v2\/types\/page"}],"author":[{"embeddable":true,"href":"http:\/\/www.partitura.fss.ukf.sk\/index.php?rest_route=\/wp\/v2\/users\/5"}],"replies":[{"embeddable":true,"href":"http:\/\/www.partitura.fss.ukf.sk\/index.php?rest_route=%2Fwp%2Fv2%2Fcomments&post=2419"}],"version-history":[{"count":3,"href":"http:\/\/www.partitura.fss.ukf.sk\/index.php?rest_route=\/wp\/v2\/pages\/2419\/revisions"}],"predecessor-version":[{"id":2428,"href":"http:\/\/www.partitura.fss.ukf.sk\/index.php?rest_route=\/wp\/v2\/pages\/2419\/revisions\/2428"}],"wp:attachment":[{"href":"http:\/\/www.partitura.fss.ukf.sk\/index.php?rest_route=%2Fwp%2Fv2%2Fmedia&parent=2419"}],"curies":[{"name":"wp","href":"https:\/\/api.w.org\/{rel}","templated":true}]}}