{"id":2421,"date":"2011-07-01T20:11:59","date_gmt":"2011-07-01T20:11:59","guid":{"rendered":"http:\/\/www.partitura.fss.ukf.sk\/?page_id=2421"},"modified":"2019-12-09T08:10:31","modified_gmt":"2019-12-09T08:10:31","slug":"noi-reprezentaciok-a-kortars-irodalmi-adaptaciokban-tarsadalmi-tekintet-csath-gezaanyagyilkossag-bodor-adam-a-reszleg-cimu-elbeszeleseiben-es-adaptacioikban-2","status":"publish","type":"page","link":"http:\/\/www.partitura.fss.ukf.sk\/?page_id=2421","title":{"rendered":"N\u0151i reprezent\u00e1ci\u00f3k a kort\u00e1rs irodalmi adapt\u00e1ci\u00f3kban. T\u00e1rsadalmi tekintet Cs\u00e1th G\u00e9za <em>Anyagyilkoss\u00e1g<\/em>, Bodor \u00c1d\u00e1m <em>A r\u00e9szleg<\/em> c\u00edm\u0171 elbesz\u00e9l\u00e9seiben \u00e9s adapt\u00e1ci\u00f3ikban"},"content":{"rendered":"<h3>Bori Gy\u00f6re<\/h3>\n<p><strong><span style=\"color: #666666;\">IN:\u00a0<\/span><\/strong><span style=\"color: #666666;\">Partit\u00fara Irodalomtudom\u00e1nyi foly\u00f3irat, Volume VI. \u00a0, Issue 2, 2011, p. 17-62,\u00a0ISSN 1336-7307<\/span><\/p>\n<p><strong>DOI:\u00a0<\/strong>10.17846\/PA.2011.6.2.17-62<\/p>\n<p><a href=\"http:\/\/www.partitura.fss.ukf.sk\/wp-content\/uploads\/2011\/Partitura-2011-02-017-062.pdf\"><strong>Whole issue<\/strong><\/a><\/p>\n","protected":false},"excerpt":{"rendered":"<p>Bori Gy\u00f6re IN:\u00a0Partit\u00fara Irodalomtudom\u00e1nyi foly\u00f3irat, Volume VI. \u00a0, Issue 2, 2011, p. 17-62,\u00a0ISSN 1336-7307 DOI:\u00a010.17846\/PA.2011.6.2.17-62 [&hellip;]<\/p>\n","protected":false},"author":5,"featured_media":0,"parent":0,"menu_order":0,"comment_status":"closed","ping_status":"closed","template":"","meta":[],"_links":{"self":[{"href":"http:\/\/www.partitura.fss.ukf.sk\/index.php?rest_route=\/wp\/v2\/pages\/2421"}],"collection":[{"href":"http:\/\/www.partitura.fss.ukf.sk\/index.php?rest_route=\/wp\/v2\/pages"}],"about":[{"href":"http:\/\/www.partitura.fss.ukf.sk\/index.php?rest_route=\/wp\/v2\/types\/page"}],"author":[{"embeddable":true,"href":"http:\/\/www.partitura.fss.ukf.sk\/index.php?rest_route=\/wp\/v2\/users\/5"}],"replies":[{"embeddable":true,"href":"http:\/\/www.partitura.fss.ukf.sk\/index.php?rest_route=%2Fwp%2Fv2%2Fcomments&post=2421"}],"version-history":[{"count":2,"href":"http:\/\/www.partitura.fss.ukf.sk\/index.php?rest_route=\/wp\/v2\/pages\/2421\/revisions"}],"predecessor-version":[{"id":2427,"href":"http:\/\/www.partitura.fss.ukf.sk\/index.php?rest_route=\/wp\/v2\/pages\/2421\/revisions\/2427"}],"wp:attachment":[{"href":"http:\/\/www.partitura.fss.ukf.sk\/index.php?rest_route=%2Fwp%2Fv2%2Fmedia&parent=2421"}],"curies":[{"name":"wp","href":"https:\/\/api.w.org\/{rel}","templated":true}]}}