{"id":2433,"date":"2011-07-01T20:16:50","date_gmt":"2011-07-01T20:16:50","guid":{"rendered":"http:\/\/www.partitura.fss.ukf.sk\/?page_id=2433"},"modified":"2019-12-09T08:10:19","modified_gmt":"2019-12-09T08:10:19","slug":"a-miserable-brat-a-nyegodnaja-gyevcsonka-es-a-nyomorult-kolyok-a-magyar-lolita-poetikaja-2","status":"publish","type":"page","link":"http:\/\/www.partitura.fss.ukf.sk\/?page_id=2433","title":{"rendered":"A \u201emiserable brat\u201d, a \u201enyegodnaja gyevcsonka\u201d \u00e9s a \u201enyomorult k\u00f6ly\u00f6k\u201d. A magyar <em>Lolita<\/em> po\u00e9tik\u00e1ja"},"content":{"rendered":"<h3>M\u00e1rton Solt\u00e9sz<\/h3>\n<p><strong><span style=\"color: #666666;\">IN:\u00a0<\/span><\/strong><span style=\"color: #666666;\">Partit\u00fara Irodalomtudom\u00e1nyi foly\u00f3irat, Volume VI. \u00a0, Issue 2, 2011, p. 63-83,\u00a0ISSN 1336-7307<\/span><\/p>\n<p><strong>DOI:\u00a0<\/strong>10.17846\/PA.2011.6.2.63-83<\/p>\n<p><a href=\"http:\/\/www.partitura.fss.ukf.sk\/wp-content\/uploads\/2011\/Partitura-2011-02-063-083.pdf\"><strong>Whole issue<\/strong><\/a><\/p>\n","protected":false},"excerpt":{"rendered":"<p>M\u00e1rton Solt\u00e9sz IN:\u00a0Partit\u00fara Irodalomtudom\u00e1nyi foly\u00f3irat, Volume VI. \u00a0, Issue 2, 2011, p. 63-83,\u00a0ISSN 1336-7307 DOI:\u00a010.17846\/PA.2011.6.2.63-83 [&hellip;]<\/p>\n","protected":false},"author":5,"featured_media":0,"parent":0,"menu_order":0,"comment_status":"closed","ping_status":"closed","template":"","meta":[],"_links":{"self":[{"href":"http:\/\/www.partitura.fss.ukf.sk\/index.php?rest_route=\/wp\/v2\/pages\/2433"}],"collection":[{"href":"http:\/\/www.partitura.fss.ukf.sk\/index.php?rest_route=\/wp\/v2\/pages"}],"about":[{"href":"http:\/\/www.partitura.fss.ukf.sk\/index.php?rest_route=\/wp\/v2\/types\/page"}],"author":[{"embeddable":true,"href":"http:\/\/www.partitura.fss.ukf.sk\/index.php?rest_route=\/wp\/v2\/users\/5"}],"replies":[{"embeddable":true,"href":"http:\/\/www.partitura.fss.ukf.sk\/index.php?rest_route=%2Fwp%2Fv2%2Fcomments&post=2433"}],"version-history":[{"count":1,"href":"http:\/\/www.partitura.fss.ukf.sk\/index.php?rest_route=\/wp\/v2\/pages\/2433\/revisions"}],"predecessor-version":[{"id":2434,"href":"http:\/\/www.partitura.fss.ukf.sk\/index.php?rest_route=\/wp\/v2\/pages\/2433\/revisions\/2434"}],"wp:attachment":[{"href":"http:\/\/www.partitura.fss.ukf.sk\/index.php?rest_route=%2Fwp%2Fv2%2Fmedia&parent=2433"}],"curies":[{"name":"wp","href":"https:\/\/api.w.org\/{rel}","templated":true}]}}