{"id":2437,"date":"2011-07-01T20:19:41","date_gmt":"2011-07-01T20:19:41","guid":{"rendered":"http:\/\/www.partitura.fss.ukf.sk\/?page_id=2437"},"modified":"2019-12-09T08:10:32","modified_gmt":"2019-12-09T08:10:32","slug":"realizmus-es-magia-salman-rushdie-az-ejfel-gyermekei-93-000","status":"publish","type":"page","link":"http:\/\/www.partitura.fss.ukf.sk\/?page_id=2437","title":{"rendered":"Realizmus \u00e9s m\u00e1gia. Salman Rushdie: <em>Az \u00e9jf\u00e9l gyermekei (93 000)<\/em>"},"content":{"rendered":"<h3>Vasko \u00c9va<\/h3>\n<p><strong><span style=\"color: #666666;\">IN:\u00a0<\/span><\/strong><span style=\"color: #666666;\">Partit\u00fara Irodalomtudom\u00e1nyi foly\u00f3irat, \u00c9vfolyam: VI. \u00a0, Sz\u00e1m 2, 2011, 85-113. oldal ,\u00a0ISSN 1336-7307<\/span><\/p>\n<p><strong>DOI:\u00a0<\/strong>10.17846\/PA.2011.6.2.85-113<\/p>\n<p><a href=\"http:\/\/www.partitura.fss.ukf.sk\/wp-content\/uploads\/2011\/Partitura-2011-02-085-113.pdf\"><strong>Teljes sz\u00f6veg<\/strong><\/a><\/p>\n","protected":false},"excerpt":{"rendered":"<p>Vasko \u00c9va IN:\u00a0Partit\u00fara Irodalomtudom\u00e1nyi foly\u00f3irat, \u00c9vfolyam: VI. \u00a0, Sz\u00e1m 2, 2011, 85-113. oldal ,\u00a0ISSN 1336-7307 [&hellip;]<\/p>\n","protected":false},"author":5,"featured_media":0,"parent":0,"menu_order":0,"comment_status":"closed","ping_status":"closed","template":"","meta":[],"_links":{"self":[{"href":"http:\/\/www.partitura.fss.ukf.sk\/index.php?rest_route=\/wp\/v2\/pages\/2437"}],"collection":[{"href":"http:\/\/www.partitura.fss.ukf.sk\/index.php?rest_route=\/wp\/v2\/pages"}],"about":[{"href":"http:\/\/www.partitura.fss.ukf.sk\/index.php?rest_route=\/wp\/v2\/types\/page"}],"author":[{"embeddable":true,"href":"http:\/\/www.partitura.fss.ukf.sk\/index.php?rest_route=\/wp\/v2\/users\/5"}],"replies":[{"embeddable":true,"href":"http:\/\/www.partitura.fss.ukf.sk\/index.php?rest_route=%2Fwp%2Fv2%2Fcomments&post=2437"}],"version-history":[{"count":1,"href":"http:\/\/www.partitura.fss.ukf.sk\/index.php?rest_route=\/wp\/v2\/pages\/2437\/revisions"}],"predecessor-version":[{"id":2438,"href":"http:\/\/www.partitura.fss.ukf.sk\/index.php?rest_route=\/wp\/v2\/pages\/2437\/revisions\/2438"}],"wp:attachment":[{"href":"http:\/\/www.partitura.fss.ukf.sk\/index.php?rest_route=%2Fwp%2Fv2%2Fmedia&parent=2437"}],"curies":[{"name":"wp","href":"https:\/\/api.w.org\/{rel}","templated":true}]}}