{"id":2493,"date":"2012-09-07T11:19:26","date_gmt":"2012-09-07T11:19:26","guid":{"rendered":"http:\/\/www.partitura.fss.ukf.sk\/?page_id=2493"},"modified":"2019-12-09T08:10:34","modified_gmt":"2019-12-09T08:10:34","slug":"szo-es-szoveg-viszonya-gardonyi-prozajaban-2","status":"publish","type":"page","link":"http:\/\/www.partitura.fss.ukf.sk\/?page_id=2493","title":{"rendered":"Sz\u00f3 \u00e9s sz\u00f6veg viszonya G\u00e1rdonyi pr\u00f3z\u00e1j\u00e1ban"},"content":{"rendered":"<h3>G\u00e1bor Kov\u00e1cs<\/h3>\n<p><strong><span style=\"color: #666666;\">IN:\u00a0<\/span><\/strong><span style=\"color: #666666;\">Partit\u00fara Irodalomtudom\u00e1nyi foly\u00f3irat, Volume VII. \u00a0, Issue 2, 2012, p. 35-52,\u00a0ISSN 1336-7307<\/span><\/p>\n<p><strong>DOI:\u00a0<\/strong>10.17846\/PA.2012.7.2.35-52<\/p>\n<p><a href=\"http:\/\/www.partitura.fss.ukf.sk\/wp-content\/uploads\/2012\/Partitura-2012-02-035-052.pdf\"><strong>Whole issue<\/strong><\/a><\/p>\n","protected":false},"excerpt":{"rendered":"<p>G\u00e1bor Kov\u00e1cs IN:\u00a0Partit\u00fara Irodalomtudom\u00e1nyi foly\u00f3irat, Volume VII. \u00a0, Issue 2, 2012, p. 35-52,\u00a0ISSN 1336-7307 DOI:\u00a010.17846\/PA.2012.7.2.35-52 [&hellip;]<\/p>\n","protected":false},"author":5,"featured_media":0,"parent":0,"menu_order":0,"comment_status":"closed","ping_status":"closed","template":"","meta":[],"_links":{"self":[{"href":"http:\/\/www.partitura.fss.ukf.sk\/index.php?rest_route=\/wp\/v2\/pages\/2493"}],"collection":[{"href":"http:\/\/www.partitura.fss.ukf.sk\/index.php?rest_route=\/wp\/v2\/pages"}],"about":[{"href":"http:\/\/www.partitura.fss.ukf.sk\/index.php?rest_route=\/wp\/v2\/types\/page"}],"author":[{"embeddable":true,"href":"http:\/\/www.partitura.fss.ukf.sk\/index.php?rest_route=\/wp\/v2\/users\/5"}],"replies":[{"embeddable":true,"href":"http:\/\/www.partitura.fss.ukf.sk\/index.php?rest_route=%2Fwp%2Fv2%2Fcomments&post=2493"}],"version-history":[{"count":4,"href":"http:\/\/www.partitura.fss.ukf.sk\/index.php?rest_route=\/wp\/v2\/pages\/2493\/revisions"}],"predecessor-version":[{"id":2698,"href":"http:\/\/www.partitura.fss.ukf.sk\/index.php?rest_route=\/wp\/v2\/pages\/2493\/revisions\/2698"}],"wp:attachment":[{"href":"http:\/\/www.partitura.fss.ukf.sk\/index.php?rest_route=%2Fwp%2Fv2%2Fmedia&parent=2493"}],"curies":[{"name":"wp","href":"https:\/\/api.w.org\/{rel}","templated":true}]}}