{"id":2528,"date":"2012-09-07T11:42:31","date_gmt":"2012-09-07T11:42:31","guid":{"rendered":"http:\/\/www.partitura.fss.ukf.sk\/?page_id=2528"},"modified":"2019-12-09T08:10:26","modified_gmt":"2019-12-09T08:10:26","slug":"egy-bodon-egy-borond-egy-borton-a-szubjektum-feloldodasa-esterhazy-peter-hahn-hahn-grofno-pillantasa-cimu-uti-regenyeben-2","status":"publish","type":"page","link":"http:\/\/www.partitura.fss.ukf.sk\/?page_id=2528","title":{"rendered":"Egy b\u00f6d\u00f6n, egy b\u0151r\u00f6nd, egy b\u00f6rt\u00f6n\u2026 A szubjektum felold\u00f3d\u00e1sa Esterh\u00e1zy P\u00e9ter <em>Hahn-Hahn gr\u00f3fn\u0151 pillant\u00e1sa<\/em> c\u00edm\u0171 \u00fati reg\u00e9ny\u00e9ben"},"content":{"rendered":"<h3>Attila Merva<\/h3>\n<p><strong><span style=\"color: #666666;\">IN:\u00a0<\/span><\/strong><span style=\"color: #666666;\">Partit\u00fara Irodalomtudom\u00e1nyi foly\u00f3irat, Volume VII. \u00a0, Issue 2, 2012, p. 125-131,\u00a0ISSN 1336-7307<\/span><\/p>\n<p><strong>DOI:\u00a0<\/strong>10.17846\/PA.2011.2.7.125-131<\/p>\n<p><a href=\"http:\/\/www.partitura.fss.ukf.sk\/wp-content\/uploads\/2012\/Partitura-2012-02-125-131.pdf\"><strong>Whole issue<\/strong><\/a><\/p>\n","protected":false},"excerpt":{"rendered":"<p>Attila Merva IN:\u00a0Partit\u00fara Irodalomtudom\u00e1nyi foly\u00f3irat, Volume VII. \u00a0, Issue 2, 2012, p. 125-131,\u00a0ISSN 1336-7307 DOI:\u00a010.17846\/PA.2011.2.7.125-131 [&hellip;]<\/p>\n","protected":false},"author":5,"featured_media":0,"parent":0,"menu_order":0,"comment_status":"closed","ping_status":"closed","template":"","meta":[],"_links":{"self":[{"href":"http:\/\/www.partitura.fss.ukf.sk\/index.php?rest_route=\/wp\/v2\/pages\/2528"}],"collection":[{"href":"http:\/\/www.partitura.fss.ukf.sk\/index.php?rest_route=\/wp\/v2\/pages"}],"about":[{"href":"http:\/\/www.partitura.fss.ukf.sk\/index.php?rest_route=\/wp\/v2\/types\/page"}],"author":[{"embeddable":true,"href":"http:\/\/www.partitura.fss.ukf.sk\/index.php?rest_route=\/wp\/v2\/users\/5"}],"replies":[{"embeddable":true,"href":"http:\/\/www.partitura.fss.ukf.sk\/index.php?rest_route=%2Fwp%2Fv2%2Fcomments&post=2528"}],"version-history":[{"count":5,"href":"http:\/\/www.partitura.fss.ukf.sk\/index.php?rest_route=\/wp\/v2\/pages\/2528\/revisions"}],"predecessor-version":[{"id":2702,"href":"http:\/\/www.partitura.fss.ukf.sk\/index.php?rest_route=\/wp\/v2\/pages\/2528\/revisions\/2702"}],"wp:attachment":[{"href":"http:\/\/www.partitura.fss.ukf.sk\/index.php?rest_route=%2Fwp%2Fv2%2Fmedia&parent=2528"}],"curies":[{"name":"wp","href":"https:\/\/api.w.org\/{rel}","templated":true}]}}