{"id":2540,"date":"2012-09-07T11:49:58","date_gmt":"2012-09-07T11:49:58","guid":{"rendered":"http:\/\/www.partitura.fss.ukf.sk\/?page_id=2540"},"modified":"2019-12-09T08:10:31","modified_gmt":"2019-12-09T08:10:31","slug":"milyen-korban-hetkoznapi-csalodasok-szabad-a-palya","status":"publish","type":"page","link":"http:\/\/www.partitura.fss.ukf.sk\/?page_id=2540","title":{"rendered":"Milyen korban? H\u00e9tk\u00f6znaPI CSAl\u00f3d\u00e1sok: <em>Szabad a p\u00e1lya<\/em>"},"content":{"rendered":"<h3>Solt\u00e9sz M\u00e1rton<\/h3>\n<p><strong><span style=\"color: #666666;\">IN:\u00a0<\/span><\/strong><span style=\"color: #666666;\">Partit\u00fara Irodalomtudom\u00e1nyi foly\u00f3irat, \u00c9vfolyam: VII. \u00a0, Sz\u00e1m 2, 2012, 155-161. oldal ,\u00a0ISSN 1336-7307<\/span><\/p>\n<p><strong>DOI:\u00a0<\/strong>10.17846\/PA.2012.7.2.155-161<\/p>\n<p><a href=\"http:\/\/www.partitura.fss.ukf.sk\/wp-content\/uploads\/2012\/Partitura-2012-02-155-161.pdf\"><strong>Teljes sz\u00f6veg<\/strong><\/a><\/p>\n","protected":false},"excerpt":{"rendered":"<p>Solt\u00e9sz M\u00e1rton IN:\u00a0Partit\u00fara Irodalomtudom\u00e1nyi foly\u00f3irat, \u00c9vfolyam: VII. \u00a0, Sz\u00e1m 2, 2012, 155-161. oldal ,\u00a0ISSN 1336-7307 [&hellip;]<\/p>\n","protected":false},"author":5,"featured_media":0,"parent":0,"menu_order":0,"comment_status":"closed","ping_status":"closed","template":"","meta":[],"_links":{"self":[{"href":"http:\/\/www.partitura.fss.ukf.sk\/index.php?rest_route=\/wp\/v2\/pages\/2540"}],"collection":[{"href":"http:\/\/www.partitura.fss.ukf.sk\/index.php?rest_route=\/wp\/v2\/pages"}],"about":[{"href":"http:\/\/www.partitura.fss.ukf.sk\/index.php?rest_route=\/wp\/v2\/types\/page"}],"author":[{"embeddable":true,"href":"http:\/\/www.partitura.fss.ukf.sk\/index.php?rest_route=\/wp\/v2\/users\/5"}],"replies":[{"embeddable":true,"href":"http:\/\/www.partitura.fss.ukf.sk\/index.php?rest_route=%2Fwp%2Fv2%2Fcomments&post=2540"}],"version-history":[{"count":4,"href":"http:\/\/www.partitura.fss.ukf.sk\/index.php?rest_route=\/wp\/v2\/pages\/2540\/revisions"}],"predecessor-version":[{"id":2713,"href":"http:\/\/www.partitura.fss.ukf.sk\/index.php?rest_route=\/wp\/v2\/pages\/2540\/revisions\/2713"}],"wp:attachment":[{"href":"http:\/\/www.partitura.fss.ukf.sk\/index.php?rest_route=%2Fwp%2Fv2%2Fmedia&parent=2540"}],"curies":[{"name":"wp","href":"https:\/\/api.w.org\/{rel}","templated":true}]}}