{"id":2580,"date":"2013-08-29T12:37:52","date_gmt":"2013-08-29T12:37:52","guid":{"rendered":"http:\/\/www.partitura.fss.ukf.sk\/?page_id=2580"},"modified":"2019-12-09T08:10:20","modified_gmt":"2019-12-09T08:10:20","slug":"a-fantasztikus-mint-heurezis","status":"publish","type":"page","link":"http:\/\/www.partitura.fss.ukf.sk\/?page_id=2580","title":{"rendered":"A fantasztikus mint heur\u00e9zis"},"content":{"rendered":"<h3>Kov\u00e1cs \u00c1rp\u00e1d<\/h3>\n<p><strong><span style=\"color: #666666;\">IN:\u00a0<\/span><\/strong><span style=\"color: #666666;\">Partit\u00fara Irodalomtudom\u00e1nyi foly\u00f3irat, \u00c9vfolyam: VIII. \u00a0, Sz\u00e1m 1, 2013, 3-31. oldal ,\u00a0ISSN 1336-7307<\/span><\/p>\n<p><strong>DOI:\u00a0<\/strong>10.17846\/PA.2013.8.1.3-31<\/p>\n<p><strong>Absztrakt:<\/strong><\/p>\n<blockquote><p>A tanulm\u00e1ny szerz\u00f6je megk\u00eds\u00e9rli, hogy \u00faj probl\u00e9mafelvet\u00e9st fogalmazzon meg a fantasztikus irodalom kapcs\u00e1n. a po\u00e9tika, a retorika \u00e9s a nyelvi meg\u00e9rt\u00e9s fel\u0151l k\u00f6zel\u00edti meg t\u00e9m\u00e1j\u00e1t. T\u00e1rgyalja a materi\u00e1lis, a tematikus, a form\u00e1lis alogizmusokat \u00e9s paradoxonokat. Szembe\u00e1ll\u00edtja vel\u00fck a h\u00fcpallag\u00e9 alakzat\u00e1t, mint a k\u00e9pzelet, az \u00e1lom \u00e9s a fikci\u00f3 meghalad\u00e1s\u00e1t biztos\u00edt\u00f3, kimondottan a fantasztikus univerzum megval\u00f3s\u00edt\u00e1sra szolg\u00e1l\u00f3 szemantikai m\u0171veletet, mely az emberi intellektus k\u00e9sztet\u00e9s\u00e9re szolg\u00e1l s a heurisztikus felismer\u00e9sben \u00e9r c\u00e9lt. Meg\u00e1llap\u00edt\u00e1sait Dosztojevszkij <em>Egy nevets\u00e9ges ember \u00e1lma<\/em> c\u00edm\u00fc elbesz\u00e9l\u00e9s\u00e9nek \u00e9rtelmez\u00e9s\u00e9vel, Gogol, Turgenyev, Poe, Voltaire, Victor Hugo \u00e9s Nietzsche m\u00fcveinek elemz\u00e9s\u00e9vel, illetve a fantasztikumelm\u00e9let mai \u00e1ll\u00e1s\u00e1nak kritik\u00e1j\u00e1val t\u00e1masztja al\u00e1.<\/p><\/blockquote>\n<p><a href=\"http:\/\/www.partitura.fss.ukf.sk\/wp-content\/uploads\/2013\/Partitura-2013-01-003-031.pdf\"><strong>Teljes sz\u00f6veg<\/strong><\/a><\/p>\n","protected":false},"excerpt":{"rendered":"<p>Kov\u00e1cs \u00c1rp\u00e1d IN:\u00a0Partit\u00fara Irodalomtudom\u00e1nyi foly\u00f3irat, \u00c9vfolyam: VIII. \u00a0, Sz\u00e1m 1, 2013, 3-31. oldal ,\u00a0ISSN 1336-7307 [&hellip;]<\/p>\n","protected":false},"author":5,"featured_media":0,"parent":0,"menu_order":0,"comment_status":"closed","ping_status":"closed","template":"","meta":[],"_links":{"self":[{"href":"http:\/\/www.partitura.fss.ukf.sk\/index.php?rest_route=\/wp\/v2\/pages\/2580"}],"collection":[{"href":"http:\/\/www.partitura.fss.ukf.sk\/index.php?rest_route=\/wp\/v2\/pages"}],"about":[{"href":"http:\/\/www.partitura.fss.ukf.sk\/index.php?rest_route=\/wp\/v2\/types\/page"}],"author":[{"embeddable":true,"href":"http:\/\/www.partitura.fss.ukf.sk\/index.php?rest_route=\/wp\/v2\/users\/5"}],"replies":[{"embeddable":true,"href":"http:\/\/www.partitura.fss.ukf.sk\/index.php?rest_route=%2Fwp%2Fv2%2Fcomments&post=2580"}],"version-history":[{"count":7,"href":"http:\/\/www.partitura.fss.ukf.sk\/index.php?rest_route=\/wp\/v2\/pages\/2580\/revisions"}],"predecessor-version":[{"id":2662,"href":"http:\/\/www.partitura.fss.ukf.sk\/index.php?rest_route=\/wp\/v2\/pages\/2580\/revisions\/2662"}],"wp:attachment":[{"href":"http:\/\/www.partitura.fss.ukf.sk\/index.php?rest_route=%2Fwp%2Fv2%2Fmedia&parent=2580"}],"curies":[{"name":"wp","href":"https:\/\/api.w.org\/{rel}","templated":true}]}}