{"id":2601,"date":"2013-08-29T12:44:47","date_gmt":"2013-08-29T12:44:47","guid":{"rendered":"http:\/\/www.partitura.fss.ukf.sk\/?page_id=2601"},"modified":"2023-04-25T08:00:46","modified_gmt":"2023-04-25T08:00:46","slug":"a-fantasztikus-mint-heurezis-2","status":"publish","type":"page","link":"http:\/\/www.partitura.fss.ukf.sk\/?page_id=2601","title":{"rendered":"The Fantastic as Heuresis"},"content":{"rendered":"<h3>\u00c1rp\u00e1d Kov\u00e1cs<\/h3>\n<p><strong><span style=\"color: #666666;\">IN:\u00a0<\/span><\/strong><span style=\"color: #666666;\">Partit\u00fara Irodalomtudom\u00e1nyi foly\u00f3irat, Volme VIII. \u00a0, Issue 1, 2013, p. 3-31 ,\u00a0ISSN 1336-7307<\/span><\/p>\n<p><strong>DOI:\u00a0<\/strong>10.17846\/PA.2013.8.1.3-31<\/p>\n<p><strong>Abstract:<\/strong><\/p>\n<blockquote><p>The author of the study attempts to articulate a new problem area with regards to the fantastic literature by approaching its subject from the aspect of poetics, rhetoric and linguistic comprehension. The study discusses the material, the- matic and formal alogisms and paradoxes, and it opposes them against the for- mula of <em>hypallage<\/em> as a semantic operation ensuring to overcome fantasy, dream and fiction as well as specifically to facilitate achieving the fantastic universe. This operation is aimed at the motivation of the human intellect and it reaches  its goal in the heuristic recognition. The statements of the study are supported by the interpretation of dostoevsky\u2019s <em>The Dream of a Ridiculous Man<\/em>, as well as by the analysis of the works of Gogol, Turgenev, Poe, Voltaire, Victor Hugo and Nietzsche, and also by the criticism of the current standing of the theory of the fantastic.<\/p><\/blockquote>\n<p><strong>Keywords:<\/strong> dream, fantastic, fiction, enthymema, grotesque, hypallage, heuresis, semantics of metaphor, Fjodor dostoevsky, sigmund Freud, Friedrich Nietzsche, igor smirnov, vladimir solovjov, Tzvetan Todorov<\/p>\n<p><a href=\"http:\/\/www.partitura.fss.ukf.sk\/wp-content\/uploads\/2013\/Partitura-2013-01-003-031.pdf\"><strong>Whole issue<\/strong><\/a><\/p>\n","protected":false},"excerpt":{"rendered":"<p>\u00c1rp\u00e1d Kov\u00e1cs IN:\u00a0Partit\u00fara Irodalomtudom\u00e1nyi foly\u00f3irat, Volme VIII. \u00a0, Issue 1, 2013, p. 3-31 ,\u00a0ISSN 1336-7307 [&hellip;]<\/p>\n","protected":false},"author":5,"featured_media":0,"parent":0,"menu_order":0,"comment_status":"closed","ping_status":"closed","template":"","meta":[],"_links":{"self":[{"href":"http:\/\/www.partitura.fss.ukf.sk\/index.php?rest_route=\/wp\/v2\/pages\/2601"}],"collection":[{"href":"http:\/\/www.partitura.fss.ukf.sk\/index.php?rest_route=\/wp\/v2\/pages"}],"about":[{"href":"http:\/\/www.partitura.fss.ukf.sk\/index.php?rest_route=\/wp\/v2\/types\/page"}],"author":[{"embeddable":true,"href":"http:\/\/www.partitura.fss.ukf.sk\/index.php?rest_route=\/wp\/v2\/users\/5"}],"replies":[{"embeddable":true,"href":"http:\/\/www.partitura.fss.ukf.sk\/index.php?rest_route=%2Fwp%2Fv2%2Fcomments&post=2601"}],"version-history":[{"count":9,"href":"http:\/\/www.partitura.fss.ukf.sk\/index.php?rest_route=\/wp\/v2\/pages\/2601\/revisions"}],"predecessor-version":[{"id":3611,"href":"http:\/\/www.partitura.fss.ukf.sk\/index.php?rest_route=\/wp\/v2\/pages\/2601\/revisions\/3611"}],"wp:attachment":[{"href":"http:\/\/www.partitura.fss.ukf.sk\/index.php?rest_route=%2Fwp%2Fv2%2Fmedia&parent=2601"}],"curies":[{"name":"wp","href":"https:\/\/api.w.org\/{rel}","templated":true}]}}