{"id":2622,"date":"2013-08-29T13:17:52","date_gmt":"2013-08-29T13:17:52","guid":{"rendered":"http:\/\/www.partitura.fss.ukf.sk\/?page_id=2622"},"modified":"2023-04-25T08:08:23","modified_gmt":"2023-04-25T08:08:23","slug":"a-fantasztikum-mint-orosz-irodalmi-jelenseg-2","status":"publish","type":"page","link":"http:\/\/www.partitura.fss.ukf.sk\/?page_id=2622","title":{"rendered":"The Fantastic as a Russian Literary Phenomenon"},"content":{"rendered":"<h3>Gyula Rig\u00f3<\/h3>\n<p><strong><span style=\"color: #666666;\">IN:\u00a0<\/span><\/strong><span style=\"color: #666666;\">Partit\u00fara Irodalomtudom\u00e1nyi foly\u00f3irat, Volume VIII. \u00a0, Issue 1, 2013, p. 33-60,\u00a0ISSN 1336-7307<\/span><\/p>\n<p><strong>DOI:\u00a0<\/strong>10.17846\/PA.2013.8.1.33-60<\/p>\n<p><strong>Abstract:<\/strong><\/p>\n<blockquote><p>The evolution of the literary fantastic in the history of Russian literature may well be tracked from the end of the 18th century until these days, in Hoffmann\u2019s influence in the \u201cgolden age\u201d starting with Pushkin, in the Russian afterlife of the fantastic genres recreated by Poe, in Petersburg\u2019s literary mythology, in the early 20th century \u201csilver\u201d era or in the utopias of the stalinian times as well as    in the grotesque fantasy genres of today\u2019s Russian literature. The article examines the theoretical tradition in Russian literary criticism, Hoffmann\u2019s and Poe\u2019s influence, the narrative modality of the fantastic as well as the analysis of the role of dreams, primarily illustrating the content with the writings of Pushkin, Gogol, Turgenev, Dostoyevsky, Andrey Bely, Bulgakov, Grin, Platonov and Pelevin.<\/p><\/blockquote>\n<p><strong>Keywords:<\/strong> fantastic, fictive, Russian literature, narrative modality, poetics, dream, discoursee, Igor Smirnov, Vladimir Solovjov, Tzvetan Todorov<\/p>\n<p><a href=\"http:\/\/www.partitura.fss.ukf.sk\/wp-content\/uploads\/2013\/Partitura-2013-01-033-060.pdf\"><strong>Whole issue<\/strong><\/a><\/p>\n","protected":false},"excerpt":{"rendered":"<p>Gyula Rig\u00f3 IN:\u00a0Partit\u00fara Irodalomtudom\u00e1nyi foly\u00f3irat, Volume VIII. \u00a0, Issue 1, 2013, p. 33-60,\u00a0ISSN 1336-7307 DOI:\u00a010.17846\/PA.2013.8.1.33-60 [&hellip;]<\/p>\n","protected":false},"author":5,"featured_media":0,"parent":0,"menu_order":0,"comment_status":"closed","ping_status":"closed","template":"","meta":[],"_links":{"self":[{"href":"http:\/\/www.partitura.fss.ukf.sk\/index.php?rest_route=\/wp\/v2\/pages\/2622"}],"collection":[{"href":"http:\/\/www.partitura.fss.ukf.sk\/index.php?rest_route=\/wp\/v2\/pages"}],"about":[{"href":"http:\/\/www.partitura.fss.ukf.sk\/index.php?rest_route=\/wp\/v2\/types\/page"}],"author":[{"embeddable":true,"href":"http:\/\/www.partitura.fss.ukf.sk\/index.php?rest_route=\/wp\/v2\/users\/5"}],"replies":[{"embeddable":true,"href":"http:\/\/www.partitura.fss.ukf.sk\/index.php?rest_route=%2Fwp%2Fv2%2Fcomments&post=2622"}],"version-history":[{"count":5,"href":"http:\/\/www.partitura.fss.ukf.sk\/index.php?rest_route=\/wp\/v2\/pages\/2622\/revisions"}],"predecessor-version":[{"id":3614,"href":"http:\/\/www.partitura.fss.ukf.sk\/index.php?rest_route=\/wp\/v2\/pages\/2622\/revisions\/3614"}],"wp:attachment":[{"href":"http:\/\/www.partitura.fss.ukf.sk\/index.php?rest_route=%2Fwp%2Fv2%2Fmedia&parent=2622"}],"curies":[{"name":"wp","href":"https:\/\/api.w.org\/{rel}","templated":true}]}}