{"id":2626,"date":"2013-08-29T13:24:09","date_gmt":"2013-08-29T13:24:09","guid":{"rendered":"http:\/\/www.partitura.fss.ukf.sk\/?page_id=2626"},"modified":"2019-12-09T08:10:20","modified_gmt":"2019-12-09T08:10:20","slug":"a-fantasztikum-alaktana-jiri-sramek-fantasztikumelmeleterol","status":"publish","type":"page","link":"http:\/\/www.partitura.fss.ukf.sk\/?page_id=2626","title":{"rendered":"A fantasztikum alaktana. Ji\u0159i \u0160r\u00e1mek fantasztikumelm\u00e9let\u00e9r\u0151l"},"content":{"rendered":"<h3>Rig\u00f3 Gyula<\/h3>\n<p><strong><span style=\"color: #666666;\">IN:\u00a0<\/span><\/strong><span style=\"color: #666666;\">Partit\u00fara Irodalomtudom\u00e1nyi foly\u00f3irat, \u00c9vfolyam: VIII. \u00a0, Sz\u00e1m 1, 2013, 61-73. oldal ,\u00a0ISSN 1336-7307<\/span><\/p>\n<p><strong>DOI:\u00a0<\/strong>10.17846\/PA.2013.8.1.61-73<\/p>\n<p><strong>Absztrakt:<\/strong><\/p>\n<blockquote><p>A tanulm\u00e1ny az irodalmi fantasztikum elm\u00e9leti k\u00e9rd\u00e9seivel foglalkozik. A vizsg\u00e1l\u00f3d\u00e1s k\u00f6z\u00e9ppontj\u00e1ban Ji\u0159\u00ed \u0160r\u00e1mek strukturalista-szemantikai fantasztikumelm\u00e9lete \u00e1ll. a cseh irodalomt\u00f6rt\u00e9n\u00e9sz fantasztikumfogalm\u00e1t, narrat\u00edv modellj\u00e9t, szerepl\u0151inek tipol\u00f3gi\u00e1j\u00e1t m\u00e1s kutat\u00f3k elgondol\u00e1sainak kontextus\u00e1ban ismerteti \u00e9s komment\u00e1lja.<\/p><\/blockquote>\n<p><a href=\"http:\/\/www.partitura.fss.ukf.sk\/wp-content\/uploads\/2013\/Partitura-2013-01-061-073.pdf\"><strong>Teljes sz\u00f6veg<\/strong><\/a><\/p>\n","protected":false},"excerpt":{"rendered":"<p>Rig\u00f3 Gyula IN:\u00a0Partit\u00fara Irodalomtudom\u00e1nyi foly\u00f3irat, \u00c9vfolyam: VIII. \u00a0, Sz\u00e1m 1, 2013, 61-73. oldal ,\u00a0ISSN 1336-7307 [&hellip;]<\/p>\n","protected":false},"author":5,"featured_media":0,"parent":0,"menu_order":0,"comment_status":"closed","ping_status":"closed","template":"","meta":[],"_links":{"self":[{"href":"http:\/\/www.partitura.fss.ukf.sk\/index.php?rest_route=\/wp\/v2\/pages\/2626"}],"collection":[{"href":"http:\/\/www.partitura.fss.ukf.sk\/index.php?rest_route=\/wp\/v2\/pages"}],"about":[{"href":"http:\/\/www.partitura.fss.ukf.sk\/index.php?rest_route=\/wp\/v2\/types\/page"}],"author":[{"embeddable":true,"href":"http:\/\/www.partitura.fss.ukf.sk\/index.php?rest_route=\/wp\/v2\/users\/5"}],"replies":[{"embeddable":true,"href":"http:\/\/www.partitura.fss.ukf.sk\/index.php?rest_route=%2Fwp%2Fv2%2Fcomments&post=2626"}],"version-history":[{"count":2,"href":"http:\/\/www.partitura.fss.ukf.sk\/index.php?rest_route=\/wp\/v2\/pages\/2626\/revisions"}],"predecessor-version":[{"id":2660,"href":"http:\/\/www.partitura.fss.ukf.sk\/index.php?rest_route=\/wp\/v2\/pages\/2626\/revisions\/2660"}],"wp:attachment":[{"href":"http:\/\/www.partitura.fss.ukf.sk\/index.php?rest_route=%2Fwp%2Fv2%2Fmedia&parent=2626"}],"curies":[{"name":"wp","href":"https:\/\/api.w.org\/{rel}","templated":true}]}}