{"id":2628,"date":"2013-08-29T13:27:29","date_gmt":"2013-08-29T13:27:29","guid":{"rendered":"http:\/\/www.partitura.fss.ukf.sk\/?page_id=2628"},"modified":"2019-12-09T08:10:35","modified_gmt":"2019-12-09T08:10:35","slug":"a-fantasztikum-alaktana-jiri-sramek-fantasztikumelmeleterol-2","status":"publish","type":"page","link":"http:\/\/www.partitura.fss.ukf.sk\/?page_id=2628","title":{"rendered":"The Morphology of Fantastic On the Fantastic Theory by Ji\u0159\u00ed \u0160r\u00e1mek"},"content":{"rendered":"<h3>Gyula Rig\u00f3<\/h3>\n<p><strong><span style=\"color: #666666;\">IN:\u00a0<\/span><\/strong><span style=\"color: #666666;\">Partit\u00fara Irodalomtudom\u00e1nyi foly\u00f3irat, Volume VIII. \u00a0, Issue 1, 2013, p. 61-73,\u00a0ISSN 1336-7307<\/span><\/p>\n<p><strong>DOI:\u00a0<\/strong>10.17846\/PA.2013.8.1.61-73<\/p>\n<p><strong>Abstract:<\/strong><\/p>\n<blockquote><p>This research paper investigates the questions regarding the literary fantastic. The author focuses on Ji\u0159\u00ed \u0160r\u00e1mek\u2019s fantastic theory peculiar for its structuralist and semantic features. The paper analyzes his idea of the fantastic, his narrative model and the typology of his characters, comparing them with other theorist\u2019s works.<\/p><\/blockquote>\n<p><a href=\"http:\/\/www.partitura.fss.ukf.sk\/wp-content\/uploads\/2013\/Partitura-2013-01-061-073.pdf\"><strong>Whole issue<\/strong><\/a><\/p>\n","protected":false},"excerpt":{"rendered":"<p>Gyula Rig\u00f3 IN:\u00a0Partit\u00fara Irodalomtudom\u00e1nyi foly\u00f3irat, Volume VIII. \u00a0, Issue 1, 2013, p. 61-73,\u00a0ISSN 1336-7307 DOI:\u00a010.17846\/PA.2013.8.1.61-73 [&hellip;]<\/p>\n","protected":false},"author":5,"featured_media":0,"parent":0,"menu_order":0,"comment_status":"closed","ping_status":"closed","template":"","meta":[],"_links":{"self":[{"href":"http:\/\/www.partitura.fss.ukf.sk\/index.php?rest_route=\/wp\/v2\/pages\/2628"}],"collection":[{"href":"http:\/\/www.partitura.fss.ukf.sk\/index.php?rest_route=\/wp\/v2\/pages"}],"about":[{"href":"http:\/\/www.partitura.fss.ukf.sk\/index.php?rest_route=\/wp\/v2\/types\/page"}],"author":[{"embeddable":true,"href":"http:\/\/www.partitura.fss.ukf.sk\/index.php?rest_route=\/wp\/v2\/users\/5"}],"replies":[{"embeddable":true,"href":"http:\/\/www.partitura.fss.ukf.sk\/index.php?rest_route=%2Fwp%2Fv2%2Fcomments&post=2628"}],"version-history":[{"count":3,"href":"http:\/\/www.partitura.fss.ukf.sk\/index.php?rest_route=\/wp\/v2\/pages\/2628\/revisions"}],"predecessor-version":[{"id":2780,"href":"http:\/\/www.partitura.fss.ukf.sk\/index.php?rest_route=\/wp\/v2\/pages\/2628\/revisions\/2780"}],"wp:attachment":[{"href":"http:\/\/www.partitura.fss.ukf.sk\/index.php?rest_route=%2Fwp%2Fv2%2Fmedia&parent=2628"}],"curies":[{"name":"wp","href":"https:\/\/api.w.org\/{rel}","templated":true}]}}