{"id":2632,"date":"2013-08-29T13:33:29","date_gmt":"2013-08-29T13:33:29","guid":{"rendered":"http:\/\/www.partitura.fss.ukf.sk\/?page_id=2632"},"modified":"2019-12-09T08:10:27","modified_gmt":"2019-12-09T08:10:27","slug":"fantasztikum-neil-gaiman-muveiben","status":"publish","type":"page","link":"http:\/\/www.partitura.fss.ukf.sk\/?page_id=2632","title":{"rendered":"Fantasztikum Neil Gaiman m\u0171veiben"},"content":{"rendered":"<h3>Heged\u0171s Norbert<\/h3>\n<p><strong><span style=\"color: #666666;\">IN:\u00a0<\/span><\/strong><span style=\"color: #666666;\">Partit\u00fara Irodalomtudom\u00e1nyi foly\u00f3irat, \u00c9vfolyam: VIII. \u00a0, Sz\u00e1m 1, 2013, 75-84. oldal ,\u00a0ISSN 1336-7307<\/span><\/p>\n<p><strong>DOI:\u00a0<\/strong>10.17846\/PA.2013.8.1.75-84<\/p>\n<p><strong>Absztrakt:<\/strong><\/p>\n<blockquote><p>A tanulm\u00e1ny Neil Gaiman m\u0171v\u00e9szet\u00e9nek fantasztikumhoz val\u00f3 viszony\u00e1t elemzi. Az els\u0151 r\u00e9szben Tzvetan Todorov <em>Bevezet\u00e9s a fantasztikus irodalomba<\/em> c\u00edm\u0171 m\u0171ve seg\u00edts\u00e9g\u00e9vel k\u00f6zel\u00edt Gaiman \u00e9letm\u0171v\u00e9hez. A m\u00e1sodik r\u00e9sz egy konkr\u00e9t sz\u00f6vegr\u0151l (<em>Megint vil\u00e1gv\u00e9ge<\/em>) tesz elemz\u0151 megjegyz\u00e9seket \u00fagy, hogy az \u00e9rtelmez\u00e9sbe bevonja a kort\u00e1rs irodalom\u00e9rt\u00e9s fantasyr\u0151l sz\u00f3l\u00f3 sz\u00f6vegeit is.<\/p><\/blockquote>\n<p><a href=\"http:\/\/www.partitura.fss.ukf.sk\/wp-content\/uploads\/2013\/Partitura-2013-01-075-084.pdf\"><strong>Teljes sz\u00f6veg<\/strong><\/a><\/p>\n","protected":false},"excerpt":{"rendered":"<p>Heged\u0171s Norbert IN:\u00a0Partit\u00fara Irodalomtudom\u00e1nyi foly\u00f3irat, \u00c9vfolyam: VIII. \u00a0, Sz\u00e1m 1, 2013, 75-84. oldal ,\u00a0ISSN 1336-7307 [&hellip;]<\/p>\n","protected":false},"author":5,"featured_media":0,"parent":0,"menu_order":0,"comment_status":"closed","ping_status":"closed","template":"","meta":[],"_links":{"self":[{"href":"http:\/\/www.partitura.fss.ukf.sk\/index.php?rest_route=\/wp\/v2\/pages\/2632"}],"collection":[{"href":"http:\/\/www.partitura.fss.ukf.sk\/index.php?rest_route=\/wp\/v2\/pages"}],"about":[{"href":"http:\/\/www.partitura.fss.ukf.sk\/index.php?rest_route=\/wp\/v2\/types\/page"}],"author":[{"embeddable":true,"href":"http:\/\/www.partitura.fss.ukf.sk\/index.php?rest_route=\/wp\/v2\/users\/5"}],"replies":[{"embeddable":true,"href":"http:\/\/www.partitura.fss.ukf.sk\/index.php?rest_route=%2Fwp%2Fv2%2Fcomments&post=2632"}],"version-history":[{"count":4,"href":"http:\/\/www.partitura.fss.ukf.sk\/index.php?rest_route=\/wp\/v2\/pages\/2632\/revisions"}],"predecessor-version":[{"id":2659,"href":"http:\/\/www.partitura.fss.ukf.sk\/index.php?rest_route=\/wp\/v2\/pages\/2632\/revisions\/2659"}],"wp:attachment":[{"href":"http:\/\/www.partitura.fss.ukf.sk\/index.php?rest_route=%2Fwp%2Fv2%2Fmedia&parent=2632"}],"curies":[{"name":"wp","href":"https:\/\/api.w.org\/{rel}","templated":true}]}}