{"id":2638,"date":"2013-08-29T13:42:57","date_gmt":"2013-08-29T13:42:57","guid":{"rendered":"http:\/\/www.partitura.fss.ukf.sk\/?page_id=2638"},"modified":"2019-12-09T08:10:20","modified_gmt":"2019-12-09T08:10:20","slug":"a-fantasztikum-grendel-lajos-szemermes-beszamolo-egy-alom-kozeperol-cimu-novellajaban","status":"publish","type":"page","link":"http:\/\/www.partitura.fss.ukf.sk\/?page_id=2638","title":{"rendered":"A fantasztikum Grendel Lajos <em>Szem\u00e9rmes besz\u00e1mol\u00f3 egy \u00e1lom k\u00f6zep\u00e9r\u0151l<\/em> c\u00edm\u0171 novell\u00e1j\u00e1ban"},"content":{"rendered":"<h3>B\u00e1rczi Zs\u00f3fia<\/h3>\n<p><strong><span style=\"color: #666666;\">IN:\u00a0<\/span><\/strong><span style=\"color: #666666;\">Partit\u00fara Irodalomtudom\u00e1nyi foly\u00f3irat, \u00c9vfolyam: VIII. \u00a0, Sz\u00e1m 1, 2013, 85-91. oldal ,\u00a0ISSN 1336-7307<\/span><\/p>\n<p><strong>DOI:\u00a0<\/strong>10.17846\/PA.2011.6.2.85-91<\/p>\n<p><strong>Absztrakt:<\/strong><\/p>\n<blockquote><p>Grendel Lajos novellisztik\u00e1j\u00e1nak meghat\u00e1roz\u00f3 eleme a val\u00f3s\u00e1g elbizonytalan\u00edt\u00e1s\u00e1val val\u00f3 k\u00eds\u00e9rletez\u00e9s. Jelen tanulm\u00e1ny a fantasztikum megjelen\u00edt\u00e9s\u00e9nek elbesz\u00e9l\u00e9stechnikai k\u00e9rd\u00e9seit vizsg\u00e1lja Grendel <em>Szem\u00e9rmes besz\u00e1mol\u00f3 egy \u00e1lom k\u00f6zep\u00e9r\u0151l<\/em> c\u00edm\u0171 novell\u00e1ja kapcs\u00e1n, felhaszn\u00e1lva Tzvetan Todorov, Ana  Mar\u00eda  Barrenechea,  \u013dubom\u00edr  Dole\u017eel  \u00e9s  Enriqueta  Morillas  Ventura  fantasztikumra vonatkoz\u00f3, egym\u00e1st kieg\u00e9sz\u00edt\u0151, \u00e1m bizonyos, a fantasztikus term\u00e9szet\u00e9t \u00e9s elbesz\u00e9lhet\u0151s\u00e9g\u00e9t \u00e9rint\u0151 k\u00e9rd\u00e9sekben egym\u00e1ssal \u00fctk\u00f6z\u0151 elm\u00e9leteit. a tanulm\u00e1ny a nevezett szerz\u0151k elm\u00e9leteire t\u00e1maszkodva k\u00edn\u00e1lja fel a Grendel-novella fantasztikus olvasat\u00e1t, mely a rendellenes, term\u00e9szetfeletti \u00e9s irre\u00e1lis, valamint a megszokott \u00e9s norm\u00e1lisnak tartott esem\u00e9nyek k\u00f6zti fesz\u00fclts\u00e9gb\u0151l bontakozik ki a l\u00e1that\u00f3 \u00e9s a l\u00e1thatatlan vil\u00e1gok \u00fctk\u00f6z\u00e9se \u00e9s a narr\u00e1tor identit\u00e1s\u00e1nak elbizonytalanod\u00e1sa nyom\u00e1n.<\/p><\/blockquote>\n<p><a href=\"http:\/\/www.partitura.fss.ukf.sk\/wp-content\/uploads\/2013\/Partitura-2013-01-085-091.pdf\"><strong>Teljes sz\u00f6veg<\/strong><\/a><\/p>\n","protected":false},"excerpt":{"rendered":"<p>B\u00e1rczi Zs\u00f3fia IN:\u00a0Partit\u00fara Irodalomtudom\u00e1nyi foly\u00f3irat, \u00c9vfolyam: VIII. \u00a0, Sz\u00e1m 1, 2013, 85-91. oldal ,\u00a0ISSN 1336-7307 [&hellip;]<\/p>\n","protected":false},"author":5,"featured_media":0,"parent":0,"menu_order":0,"comment_status":"closed","ping_status":"closed","template":"","meta":[],"_links":{"self":[{"href":"http:\/\/www.partitura.fss.ukf.sk\/index.php?rest_route=\/wp\/v2\/pages\/2638"}],"collection":[{"href":"http:\/\/www.partitura.fss.ukf.sk\/index.php?rest_route=\/wp\/v2\/pages"}],"about":[{"href":"http:\/\/www.partitura.fss.ukf.sk\/index.php?rest_route=\/wp\/v2\/types\/page"}],"author":[{"embeddable":true,"href":"http:\/\/www.partitura.fss.ukf.sk\/index.php?rest_route=\/wp\/v2\/users\/5"}],"replies":[{"embeddable":true,"href":"http:\/\/www.partitura.fss.ukf.sk\/index.php?rest_route=%2Fwp%2Fv2%2Fcomments&post=2638"}],"version-history":[{"count":2,"href":"http:\/\/www.partitura.fss.ukf.sk\/index.php?rest_route=\/wp\/v2\/pages\/2638\/revisions"}],"predecessor-version":[{"id":2645,"href":"http:\/\/www.partitura.fss.ukf.sk\/index.php?rest_route=\/wp\/v2\/pages\/2638\/revisions\/2645"}],"wp:attachment":[{"href":"http:\/\/www.partitura.fss.ukf.sk\/index.php?rest_route=%2Fwp%2Fv2%2Fmedia&parent=2638"}],"curies":[{"name":"wp","href":"https:\/\/api.w.org\/{rel}","templated":true}]}}