{"id":2651,"date":"2013-08-29T13:57:45","date_gmt":"2013-08-29T13:57:45","guid":{"rendered":"http:\/\/www.partitura.fss.ukf.sk\/?page_id=2651"},"modified":"2019-12-09T08:10:21","modified_gmt":"2019-12-09T08:10:21","slug":"a-kozvetites-kulisszai-megjegyzesek-forditasrol-es-kulturpolitikarol","status":"publish","type":"page","link":"http:\/\/www.partitura.fss.ukf.sk\/?page_id=2651","title":{"rendered":"A k\u00f6zvet\u00edt\u00e9s kulissz\u00e1i. Megjegyz\u00e9sek ford\u00edt\u00e1sr\u00f3l \u00e9s kult\u00farpolitik\u00e1r\u00f3l"},"content":{"rendered":"<h3>J\u00f3zan Ildik\u00f3<\/h3>\n<p><strong><span style=\"color: #666666;\">IN:\u00a0<\/span><\/strong><span style=\"color: #666666;\">Partit\u00fara Irodalomtudom\u00e1nyi foly\u00f3irat, \u00c9vfolyam: VIII. \u00a0, Sz\u00e1m 1, 2013, 93-101. oldal ,\u00a0ISSN 1336-7307<\/span><\/p>\n<p><strong>DOI:\u00a0<\/strong>10.17846\/PA.2013.8.1.93-101<\/p>\n<p><strong>Absztrakt:<\/strong><\/p>\n<blockquote><p>Az 1924-t\u0151l (kis megszak\u00edt\u00e1ssal) hal\u00e1l\u00e1ig P\u00e1rizsban \u00e9l\u0151 Gara L\u00e1szl\u00f3 (1904\u20131966) a magyar irodalom sz\u00e1mos alkot\u00e1s\u00e1t ford\u00edtotta franci\u00e1ra, \u00e9s sok m\u0171 ford\u00edt\u00e1s\u00e1ra nyert meg neves francia \u00edr\u00f3kat, k\u00f6lt\u0151ket. A tanulm\u00e1ny Gara p\u00e1ly\u00e1j\u00e1nak a k\u00e9t vil\u00e1gh\u00e1bor\u00fa k\u00f6z\u00e9 es\u0151 id\u0151szak\u00e1t vizsg\u00e1lja, \u00e9s arra igyekszik r\u00e1mutatni, hogy milyen ford\u00edt\u00f3i d\u00f6nt\u00e9sek \u00e9s politikai, kult\u00farpolitikai esem\u00e9nyek befoly\u00e1solhatt\u00e1k Moln\u00e1r Ferenc, Babits Mih\u00e1ly \u00e9s M\u00f3ricz Zsigmond francia fogadtat\u00e1s\u00e1nak alakul\u00e1s\u00e1t.<\/p><\/blockquote>\n<p><a href=\"http:\/\/www.partitura.fss.ukf.sk\/wp-content\/uploads\/2013\/Partitura-2013-01-093-101.pdf\"><strong>Teljes sz\u00f6veg<\/strong><\/a><\/p>\n","protected":false},"excerpt":{"rendered":"<p>J\u00f3zan Ildik\u00f3 IN:\u00a0Partit\u00fara Irodalomtudom\u00e1nyi foly\u00f3irat, \u00c9vfolyam: VIII. \u00a0, Sz\u00e1m 1, 2013, 93-101. oldal ,\u00a0ISSN 1336-7307 [&hellip;]<\/p>\n","protected":false},"author":5,"featured_media":0,"parent":0,"menu_order":0,"comment_status":"closed","ping_status":"closed","template":"","meta":[],"_links":{"self":[{"href":"http:\/\/www.partitura.fss.ukf.sk\/index.php?rest_route=\/wp\/v2\/pages\/2651"}],"collection":[{"href":"http:\/\/www.partitura.fss.ukf.sk\/index.php?rest_route=\/wp\/v2\/pages"}],"about":[{"href":"http:\/\/www.partitura.fss.ukf.sk\/index.php?rest_route=\/wp\/v2\/types\/page"}],"author":[{"embeddable":true,"href":"http:\/\/www.partitura.fss.ukf.sk\/index.php?rest_route=\/wp\/v2\/users\/5"}],"replies":[{"embeddable":true,"href":"http:\/\/www.partitura.fss.ukf.sk\/index.php?rest_route=%2Fwp%2Fv2%2Fcomments&post=2651"}],"version-history":[{"count":2,"href":"http:\/\/www.partitura.fss.ukf.sk\/index.php?rest_route=\/wp\/v2\/pages\/2651\/revisions"}],"predecessor-version":[{"id":2658,"href":"http:\/\/www.partitura.fss.ukf.sk\/index.php?rest_route=\/wp\/v2\/pages\/2651\/revisions\/2658"}],"wp:attachment":[{"href":"http:\/\/www.partitura.fss.ukf.sk\/index.php?rest_route=%2Fwp%2Fv2%2Fmedia&parent=2651"}],"curies":[{"name":"wp","href":"https:\/\/api.w.org\/{rel}","templated":true}]}}